{"id":11475,"date":"2025-12-18T10:13:59","date_gmt":"2025-12-18T10:13:59","guid":{"rendered":"https:\/\/sabanadelamartours.com\/?post_type=product&#038;p=11475"},"modified":"2026-01-06T10:41:21","modified_gmt":"2026-01-06T10:41:21","slug":"-65","status":"publish","type":"product","link":"https:\/\/sabanadelamartours.com\/it\/tour\/-65\/","title":{"rendered":"Da Punta Cana: Escursione di un'intera giornata all'isola di Saona con pranzo"},"content":{"rendered":"<p>Escursione di un'intera giornata all'isola di Saona con pranzo da Punta Cana<\/p>\n<p>Partite per un'avventura indimenticabile quando verremo a prendervi dal vostro hotel a Punta Cana. Il nostro team vi accoglier\u00e0 e vi trasporter\u00e0 comodamente a Bayahibe, dove inizier\u00e0 il nostro viaggio verso la spettacolare isola di Saona.<\/p>\n<p>Una volta arrivati a Bayahibe, saliremo a bordo di un motoscafo veloce e spazioso che promette un viaggio emozionante attraverso le acque turchesi del Mar dei Caraibi. Durante la navigazione, potrete ammirare le splendide viste costiere e sentire la rinfrescante brezza marina sul viso.<\/p>\n<p>La nostra prima tappa memorabile sar\u00e0 l'idilliaca Piscina Naturale, nota anche come Laguna Blu, dove sosteremo per circa 45 minuti. Questo luogo unico \u00e8 caratterizzato da acque poco profonde, con una profondit\u00e0 massima di appena 1 metro, che creano un ambiente tranquillo ideale per nuotare e rilassarsi. Qui \u00e8 possibile esplorare il Santuario delle stelle marine, dove \u00e8 possibile vedere queste affascinanti creature nel loro habitat naturale e scattare foto straordinarie.<\/p>\n<p>Dopo aver ammirato la serena bellezza della Piscina Naturale, continueremo il nostro viaggio verso l'isola di Saona. All'arrivo, avrete circa 2 ore e 45 minuti di tempo libero per scoprire le splendide spiagge dell'isola, le palme lussureggianti e la vivace cultura locale. Potrete scegliere di prendere il sole, nuotare o passeggiare lungo le coste incontaminate a vostro piacimento.<\/p>\n<p>Alle 13:00 ci riuniremo per un delizioso pranzo a buffet che offre una vasta gamma di opzioni, tra cui una selezione di carni, frutti di mare freschi e vari contorni che soddisfano le diverse preferenze alimentari. Godetevi il vostro pasto ammirando gli splendidi dintorni.<\/p>\n<p>Dopo pranzo, preparatevi a divertirvi! Verso le 14:40 saliremo a bordo di un affascinante catamarano per il viaggio di ritorno a Bayahibe. Sul catamarano l'atmosfera sar\u00e0 vivace, piena di musica e intrattenimento. Unitevi al nostro energico team che vi guider\u00e0 in balli e festeggiamenti per circa 1 ora e 30 minuti, assicurandovi che il viaggio di ritorno sia altrettanto piacevole delle attivit\u00e0 della giornata.<\/p>\n<p>Al termine della nostra avventura, il nostro trasporto vi aspetter\u00e0 per riportarvi al vostro hotel di Punta Cana. Questa escursione di un'intera giornata all'isola di Saona \u00e8 disponibile tutti i giorni e dura circa 10 ore, offrendo un'incredibile miscela di relax ed eccitazione che vi lascer\u00e0 ricordi indelebili. Non perdetevi questa fantastica esperienza!<\/p>","protected":false},"excerpt":{"rendered":"<div data-track=\"overview\" data-v-83a2b402=\"\">\n<section id=\"activity-overview\" class=\"activity-overview\" data-component=\"overview\" data-v-83a2b402=\"\" data-v-f3236c42=\"\">\n<p class=\"activity-overview__content\" data-test-id=\"activity-overview-content\" data-v-f3236c42=\"\">Esplorate l'incontaminata isola di Saona in questo tour di un giorno da Punta Cana. Rilassatevi nelle acque turchesi e cristalline della Piscina Naturale (Laguna Blu), fate festa su un catamarano e gustate un pasto delizioso.<\/p>\n<\/section>\n<\/div>\n<div data-track=\"key-details\" data-v-83a2b402=\"\"><\/div>","protected":false},"featured_media":11765,"template":"","meta":[],"product_brand":[],"product_cat":[97,98],"product_tag":[101,102],"class_list":{"0":"post-11475","1":"product","2":"type-product","3":"status-publish","4":"has-post-thumbnail","6":"product_cat-dominican-republic","7":"product_cat-saona-island","8":"product_tag-excursion","9":"product_tag-tour","11":"first","12":"instock","13":"sale","14":"shipping-taxable","15":"product-type-external"},"_links":{"self":[{"href":"https:\/\/sabanadelamartours.com\/it\/wp-json\/wp\/v2\/product\/11475","targetHints":{"allow":["GET"]}}],"collection":[{"href":"https:\/\/sabanadelamartours.com\/it\/wp-json\/wp\/v2\/product"}],"about":[{"href":"https:\/\/sabanadelamartours.com\/it\/wp-json\/wp\/v2\/types\/product"}],"version-history":[{"count":1,"href":"https:\/\/sabanadelamartours.com\/it\/wp-json\/wp\/v2\/product\/11475\/revisions"}],"predecessor-version":[{"id":18496,"href":"https:\/\/sabanadelamartours.com\/it\/wp-json\/wp\/v2\/product\/11475\/revisions\/18496"}],"wp:featuredmedia":[{"embeddable":true,"href":"https:\/\/sabanadelamartours.com\/it\/wp-json\/wp\/v2\/media\/11765"}],"wp:attachment":[{"href":"https:\/\/sabanadelamartours.com\/it\/wp-json\/wp\/v2\/media?parent=11475"}],"wp:term":[{"taxonomy":"product_brand","embeddable":true,"href":"https:\/\/sabanadelamartours.com\/it\/wp-json\/wp\/v2\/product_brand?post=11475"},{"taxonomy":"product_cat","embeddable":true,"href":"https:\/\/sabanadelamartours.com\/it\/wp-json\/wp\/v2\/product_cat?post=11475"},{"taxonomy":"product_tag","embeddable":true,"href":"https:\/\/sabanadelamartours.com\/it\/wp-json\/wp\/v2\/product_tag?post=11475"}],"curies":[{"name":"wp","href":"https:\/\/api.w.org\/{rel}","templated":true}]}}