{"id":11541,"date":"2025-12-18T10:16:15","date_gmt":"2025-12-18T10:16:15","guid":{"rendered":"https:\/\/sabanadelamartours.com\/?post_type=product&#038;p=11541"},"modified":"2026-01-06T10:47:31","modified_gmt":"2026-01-06T10:47:31","slug":"-69","status":"publish","type":"product","link":"https:\/\/sabanadelamartours.com\/it\/tour\/-69\/","title":{"rendered":"Baia di \u00c1guilas, Barahona Esperienza All Inclusive"},"content":{"rendered":"<p>Il nostro Eagle Bay Tour \u00e8 un'esperienza naturalistica unica che offre un servizio clienti eccezionale. Abbiamo a cuore il benessere dei nostri clienti, per questo includiamo servizi che garantiranno il loro comfort in ogni momento. Godetevi un pranzo delizioso in un'atmosfera paradisiaca, ammirando la bellezza naturale della baia. Inoltre, abbiamo incluso delle tende sulla spiaggia per consentire ai nostri clienti di rilassarsi con maggiore comodit\u00e0 e privacy.<\/p>\n<p>Viaggerete in un comodo e moderno mini van con aria condizionata, che vi permetter\u00e0 di godervi il viaggio senza preoccuparvi del clima tropicale. Il nostro personale esperto e cordiale sar\u00e0 sempre a disposizione per soddisfare qualsiasi esigenza durante il tour e garantire che la vostra esperienza sia indimenticabile.<\/p>\n<div class=\"toggle-content__content toggle-content__content--expanded toggle-content__content--packable\" data-v-59485d64=\"\">\n<div data-test-id=\"activity-full-description-text\" data-v-5835c99c=\"\">In breve, il nostro tour a Bah\u00eda de las \u00c1guilas \u00e8 la combinazione perfetta di natura, comfort e un servizio clienti eccezionale.<\/div>\n<\/div>\n<div class=\"toggle-content__label-placeholder\" data-v-59485d64=\"\"><\/div>","protected":false},"excerpt":{"rendered":"<div data-track=\"overview\" data-v-83a2b402=\"\">\n<section id=\"activity-overview\" class=\"activity-overview\" data-component=\"overview\" data-v-83a2b402=\"\" data-v-f3236c42=\"\">\n<p class=\"activity-overview__content\" data-test-id=\"activity-overview-content\" data-v-f3236c42=\"\">Baia \u00c1guilas, esperienza all-inclusive da Pedernales<\/p>\n<\/section>\n<\/div>\n<div data-track=\"key-details\" data-v-83a2b402=\"\"><\/div>","protected":false},"featured_media":11849,"template":"","meta":[],"product_brand":[],"product_cat":[97],"product_tag":[101,102],"class_list":{"0":"post-11541","1":"product","2":"type-product","3":"status-publish","4":"has-post-thumbnail","6":"product_cat-dominican-republic","7":"product_tag-excursion","8":"product_tag-tour","10":"first","11":"instock","12":"shipping-taxable","13":"product-type-external"},"_links":{"self":[{"href":"https:\/\/sabanadelamartours.com\/it\/wp-json\/wp\/v2\/product\/11541","targetHints":{"allow":["GET"]}}],"collection":[{"href":"https:\/\/sabanadelamartours.com\/it\/wp-json\/wp\/v2\/product"}],"about":[{"href":"https:\/\/sabanadelamartours.com\/it\/wp-json\/wp\/v2\/types\/product"}],"version-history":[{"count":1,"href":"https:\/\/sabanadelamartours.com\/it\/wp-json\/wp\/v2\/product\/11541\/revisions"}],"predecessor-version":[{"id":18500,"href":"https:\/\/sabanadelamartours.com\/it\/wp-json\/wp\/v2\/product\/11541\/revisions\/18500"}],"wp:featuredmedia":[{"embeddable":true,"href":"https:\/\/sabanadelamartours.com\/it\/wp-json\/wp\/v2\/media\/11849"}],"wp:attachment":[{"href":"https:\/\/sabanadelamartours.com\/it\/wp-json\/wp\/v2\/media?parent=11541"}],"wp:term":[{"taxonomy":"product_brand","embeddable":true,"href":"https:\/\/sabanadelamartours.com\/it\/wp-json\/wp\/v2\/product_brand?post=11541"},{"taxonomy":"product_cat","embeddable":true,"href":"https:\/\/sabanadelamartours.com\/it\/wp-json\/wp\/v2\/product_cat?post=11541"},{"taxonomy":"product_tag","embeddable":true,"href":"https:\/\/sabanadelamartours.com\/it\/wp-json\/wp\/v2\/product_tag?post=11541"}],"curies":[{"name":"wp","href":"https:\/\/api.w.org\/{rel}","templated":true}]}}