{"id":11641,"date":"2025-12-18T10:19:29","date_gmt":"2025-12-18T10:19:29","guid":{"rendered":"https:\/\/sabanadelamartours.com\/?post_type=product&#038;p=11641"},"modified":"2025-12-18T10:32:43","modified_gmt":"2025-12-18T10:32:43","slug":"passeggino-per-2","status":"publish","type":"product","link":"https:\/\/sabanadelamartours.com\/it\/tour\/passeggino-per-2\/","title":{"rendered":"Passeggino per 2"},"content":{"rendered":"<p>L'escursione in buggy a Puerto Plata \u00e8 un'esperienza emozionante per gli amanti dell'avventura e dell'esplorazione. Con J Carlos Travel potrete vivere questa incredibile esperienza, che comprende il trasporto e gli spuntini.<\/p>\n<p>Per godersi il tour in buggy a Puerto Plata, \u00e8 importante indossare un abbigliamento comodo e sportivo. L'attivit\u00e0 prevede la guida di un buggy su strade sterrate e sentieri naturali, quindi \u00e8 consigliabile indossare un abbigliamento che permetta di muoversi liberamente e protegga dal sole e dalla brezza marina.<\/p>\n<p>Una volta arrivati al punto d'incontro con J Carlos Travel, vi riceveranno e vi forniranno tutto l'equipaggiamento necessario per l'escursione in buggy. Poi, sarete trasferiti in un comodo mezzo di trasporto al luogo in cui inizier\u00e0 l'avventura.<\/p>\n<p>Durante l'escursione in buggy a Puerto Plata, potrete ammirare splendidi paesaggi e impressionanti viste della costa e delle montagne. Il percorso vi porter\u00e0 attraverso strade sterrate, ruscelli e sentieri naturali, dove potrete sentire la freschezza della natura e la brezza marina.<\/p>\n<p>Affinch\u00e9 possiate godervi l'escursione senza preoccupazioni, J Carlos Travel include degli spuntini durante l'attivit\u00e0. Potrete gustare una bevanda rinfrescante e un piccolo snack per ricaricarvi durante l'avventura.<\/p>\n<p>Inoltre, il team di guide turistiche di J Carlos Travel \u00e8 altamente qualificato ed esperto nelle escursioni in buggy a Puerto Plata. Vi forniranno informazioni sulla storia e la cultura della zona e risponderanno a tutte le vostre domande sull'attivit\u00e0 o sul luogo.<\/p>\n<div class=\"toggle-content__content toggle-content__content--expanded toggle-content__content--packable\" data-v-59485d64=\"\">\n<div data-test-id=\"activity-full-description-text\" data-v-5835c99c=\"\">In sintesi, se siete alla ricerca di un'avventura emozionante a Puerto Plata, il tour in buggy con J Carlos Travel \u00e8 un'opzione eccellente. Non perdete l'occasione di esplorare i tesori nascosti della costa nord della Repubblica Dominicana in buggy. Con trasporto e rinfreschi inclusi, \u00e8 sufficiente portare con s\u00e9 abbigliamento sportivo e tanta voglia di vivere un'esperienza indimenticabile.<\/div>\n<\/div>\n<div class=\"toggle-content__label-placeholder\" data-v-59485d64=\"\"><\/div>","protected":false},"excerpt":{"rendered":"<div data-track=\"overview\" data-v-83a2b402=\"\">\n<section id=\"activity-overview\" class=\"activity-overview\" data-component=\"overview\" data-v-83a2b402=\"\" data-v-f3236c42=\"\">\n<p class=\"activity-overview__content\" data-test-id=\"activity-overview-content\" data-v-f3236c42=\"\">Per gli amanti dell'avventura e dell'adrenalina Strade sporche Condividi la guida<\/p>\n<\/section>\n<\/div>\n<div data-track=\"key-details\" data-v-83a2b402=\"\"><\/div>","protected":false},"featured_media":11958,"template":"","meta":[],"product_brand":[],"product_cat":[97],"product_tag":[101,102],"class_list":{"0":"post-11641","1":"product","2":"type-product","3":"status-publish","4":"has-post-thumbnail","6":"product_cat-dominican-republic","7":"product_tag-excursion","8":"product_tag-tour","10":"first","11":"instock","12":"shipping-taxable","13":"product-type-external"},"_links":{"self":[{"href":"https:\/\/sabanadelamartours.com\/it\/wp-json\/wp\/v2\/product\/11641","targetHints":{"allow":["GET"]}}],"collection":[{"href":"https:\/\/sabanadelamartours.com\/it\/wp-json\/wp\/v2\/product"}],"about":[{"href":"https:\/\/sabanadelamartours.com\/it\/wp-json\/wp\/v2\/types\/product"}],"version-history":[{"count":0,"href":"https:\/\/sabanadelamartours.com\/it\/wp-json\/wp\/v2\/product\/11641\/revisions"}],"wp:featuredmedia":[{"embeddable":true,"href":"https:\/\/sabanadelamartours.com\/it\/wp-json\/wp\/v2\/media\/11958"}],"wp:attachment":[{"href":"https:\/\/sabanadelamartours.com\/it\/wp-json\/wp\/v2\/media?parent=11641"}],"wp:term":[{"taxonomy":"product_brand","embeddable":true,"href":"https:\/\/sabanadelamartours.com\/it\/wp-json\/wp\/v2\/product_brand?post=11641"},{"taxonomy":"product_cat","embeddable":true,"href":"https:\/\/sabanadelamartours.com\/it\/wp-json\/wp\/v2\/product_cat?post=11641"},{"taxonomy":"product_tag","embeddable":true,"href":"https:\/\/sabanadelamartours.com\/it\/wp-json\/wp\/v2\/product_tag?post=11641"}],"curies":[{"name":"wp","href":"https:\/\/api.w.org\/{rel}","templated":true}]}}