{"id":11741,"date":"2025-12-18T10:23:14","date_gmt":"2025-12-18T10:23:14","guid":{"rendered":"https:\/\/sabanadelamartours.com\/?post_type=product&#038;p=11741"},"modified":"2026-01-06T12:00:13","modified_gmt":"2026-01-06T12:00:13","slug":"-89","status":"publish","type":"product","link":"https:\/\/sabanadelamartours.com\/it\/tour\/-89\/","title":{"rendered":"Vivere la vita notturna: Puerto Plata + Sosua + Cabarete"},"content":{"rendered":"<p>Per il tour, vi verremo a prendere direttamente dal vostro alloggio: da qualsiasi punto della zona di Puerto Plata \/ Sosua \/ Cabarete. Queste tre citt\u00e0 sono i nostri punti di forza per la serata: trascorreremo un po' di tempo in ognuna di esse.<\/p>\n<p>A Puerto Plata, le maggiori attrazioni serali sono il centro storico ben illuminato e il viale lungomare Malecon, luogo di ritrovo dei locali. Passeggeremo attraverso il mercato con la cattedrale, la Via degli Ombrelli, la Via Rosa e fino alla baia, dove si trova la fortezza di San Filippo. Lungo il percorso potremo sorseggiare cuba libre con un buon rum. Se ne abbiamo voglia, possiamo unirci alla festa popolare sul Malecon per un po': tutti sono i benvenuti. I punti salienti di questa festa sono la musica dominicana, il rum e, naturalmente, la gente \ud83d\ude42<\/p>\n<p>La prossima tappa del nostro tour notturno \u00e8 la citt\u00e0 di Sosua. Conosciuta soprattutto per i suoi bar e pub, questo \u00e8 il luogo dove la vita notturna prospera! Potremo fare una passeggiata qui, o sederci per una birra o un drink se ne avete voglia.<\/p>\n<p>Infine, raggiungeremo Cabarete, l'ultima citt\u00e0 del nostro itinerario. Di giorno \u00e8 un centro per gli sport acquatici, soprattutto per il kitesurf. Di notte, invece, la spiaggia di Cabarete si trasforma in un vivace viale sul mare. Qui si trovano ristoranti, bar e discoteche proprio sulla sabbia, sotto le palme. \u00c8 un luogo di incontro per persone provenienti da diversi Paesi, che qui fanno festa e ballano insieme \ud83d\ude42 Avete voglia di unirvi a loro?<\/p>\n<div class=\"toggle-content__content toggle-content__content--expanded toggle-content__content--packable\" data-v-59485d64=\"\">\n<div data-test-id=\"activity-full-description-text\" data-v-5835c99c=\"\">Il nostro tour Experience the Nightlife vi permette di esplorare la Repubblica Dominicana in tutta sicurezza e in un gruppo intimo \ud83d\ude42<\/div>\n<\/div>\n<div class=\"toggle-content__label-placeholder\" data-v-59485d64=\"\"><\/div>","protected":false},"excerpt":{"rendered":"<div data-track=\"overview\" data-v-83a2b402=\"\">\n<section id=\"activity-overview\" class=\"activity-overview\" data-component=\"overview\" data-v-83a2b402=\"\" data-v-f3236c42=\"\">\n<p class=\"activity-overview__content\" data-test-id=\"activity-overview-content\" data-v-f3236c42=\"\">Avete voglia di uscire la sera? Scoprite la vita notturna di Puerto Plata, Sosua e Cabarete! Vi mostreremo i luoghi pi\u00f9 belli, vi racconteremo storie di vita dominicana, verseremo cuba libre e ci divertiremo un mondo \ud83d\ude42<\/p>\n<\/section>\n<\/div>\n<div data-track=\"key-details\" data-v-83a2b402=\"\"><\/div>","protected":false},"featured_media":12077,"template":"","meta":[],"product_brand":[],"product_cat":[97],"product_tag":[101,102],"class_list":{"0":"post-11741","1":"product","2":"type-product","3":"status-publish","4":"has-post-thumbnail","6":"product_cat-dominican-republic","7":"product_tag-excursion","8":"product_tag-tour","10":"first","11":"instock","12":"shipping-taxable","13":"product-type-external"},"_links":{"self":[{"href":"https:\/\/sabanadelamartours.com\/it\/wp-json\/wp\/v2\/product\/11741","targetHints":{"allow":["GET"]}}],"collection":[{"href":"https:\/\/sabanadelamartours.com\/it\/wp-json\/wp\/v2\/product"}],"about":[{"href":"https:\/\/sabanadelamartours.com\/it\/wp-json\/wp\/v2\/types\/product"}],"version-history":[{"count":1,"href":"https:\/\/sabanadelamartours.com\/it\/wp-json\/wp\/v2\/product\/11741\/revisions"}],"predecessor-version":[{"id":18522,"href":"https:\/\/sabanadelamartours.com\/it\/wp-json\/wp\/v2\/product\/11741\/revisions\/18522"}],"wp:featuredmedia":[{"embeddable":true,"href":"https:\/\/sabanadelamartours.com\/it\/wp-json\/wp\/v2\/media\/12077"}],"wp:attachment":[{"href":"https:\/\/sabanadelamartours.com\/it\/wp-json\/wp\/v2\/media?parent=11741"}],"wp:term":[{"taxonomy":"product_brand","embeddable":true,"href":"https:\/\/sabanadelamartours.com\/it\/wp-json\/wp\/v2\/product_brand?post=11741"},{"taxonomy":"product_cat","embeddable":true,"href":"https:\/\/sabanadelamartours.com\/it\/wp-json\/wp\/v2\/product_cat?post=11741"},{"taxonomy":"product_tag","embeddable":true,"href":"https:\/\/sabanadelamartours.com\/it\/wp-json\/wp\/v2\/product_tag?post=11741"}],"curies":[{"name":"wp","href":"https:\/\/api.w.org\/{rel}","templated":true}]}}