{"id":11966,"date":"2025-12-18T10:33:02","date_gmt":"2025-12-18T10:33:02","guid":{"rendered":"https:\/\/sabanadelamartours.com\/?post_type=product&#038;p=11966"},"modified":"2026-02-09T05:42:51","modified_gmt":"2026-02-09T05:42:51","slug":"-106","status":"publish","type":"product","link":"https:\/\/sabanadelamartours.com\/it\/tour\/-106\/","title":{"rendered":"Citt\u00e0 di Santo Domingo - \u201cPatrimonio coloniale\u201d - Tour di un'intera giornata"},"content":{"rendered":"<p>Scoprite il fascino incantevole di Santo Domingo, una citt\u00e0 ricca di storia, cultura e paesaggi mozzafiato. Intraprendete un viaggio affascinante attraverso la pi\u00f9 antica capitale del \u201cNuovo\u201d Mondo, dove ogni sampietrino racconta una storia di secoli passati.<\/p>\n<p>Unitevi al nostro tour turistico per un'esperienza coinvolgente che tutta la famiglia apprezzer\u00e0. La giornata inizia con il prelievo dall'hotel, accompagnato da una guida esperta che vi sveler\u00e0 l'affascinante storia della Repubblica Dominicana.<\/p>\n<p>Avventurandovi a Santo Domingo, ammirate gli impressionanti cenotes del Parco Nazionale Los Tres Ojos, una meraviglia naturale tutta da esplorare. Entrate nel cuore del patrimonio della citt\u00e0 visitando luoghi simbolo come la prima cattedrale d'America, il maestoso Palacio de Col\u00f3n e il venerato Pantheon Nazionale.<\/p>\n<p>Passeggiate lungo le affascinanti strade acciottolate di \u201cThe Ladies\u201d, la pi\u00f9 antica delle Americhe, e ammirate le viste panoramiche dell'architettura coloniale lungo l'Avenida Malec\u00f3n. Completate il vostro viaggio con una visita all'imponente Faro de Col\u00f3n, testimonianza dell'eredit\u00e0 duratura di Santo Domingo.<\/p>\n<div class=\"toggle-content__content toggle-content__content--expanded toggle-content__content--packable\" data-v-59485d64=\"\">\n<div data-test-id=\"activity-full-description-text\" data-v-5835c99c=\"\">Vivete la magia di Santo Domingo, una citt\u00e0 dove la storia rivive e l'avventura vi aspetta ad ogni angolo. Non perdete l'occasione di intraprendere questa indimenticabile escursione nel cuore della cultura e del patrimonio dominicano.<\/div>\n<\/div>\n<div class=\"toggle-content__label-placeholder\" data-v-59485d64=\"\"><\/div>","protected":false},"excerpt":{"rendered":"<div data-track=\"overview\" data-v-83a2b402=\"\">\n<section id=\"activity-overview\" class=\"activity-overview\" data-component=\"overview\" data-v-83a2b402=\"\" data-v-f3236c42=\"\">\n<p class=\"activity-overview__content\" data-test-id=\"activity-overview-content\" data-v-f3236c42=\"\">Scoprite la magia della citt\u00e0 di Santo Domingo: ricca di storia, cultura e paesaggi mozzafiato vi aspettano in questa escursione. Un'avventura indimenticabile per tutta la famiglia! Non dimenticate che \u00e8 la prima citt\u00e0 d'America.<\/p>\n<\/section>\n<\/div>\n<div data-track=\"key-details\" data-v-83a2b402=\"\"><\/div>","protected":false},"featured_media":12298,"template":"","meta":[],"product_brand":[],"product_cat":[97],"product_tag":[101,102],"class_list":{"0":"post-11966","1":"product","2":"type-product","3":"status-publish","4":"has-post-thumbnail","6":"product_cat-dominican-republic","7":"product_tag-excursion","8":"product_tag-tour","10":"first","11":"instock","12":"shipping-taxable","13":"product-type-external"},"_links":{"self":[{"href":"https:\/\/sabanadelamartours.com\/it\/wp-json\/wp\/v2\/product\/11966","targetHints":{"allow":["GET"]}}],"collection":[{"href":"https:\/\/sabanadelamartours.com\/it\/wp-json\/wp\/v2\/product"}],"about":[{"href":"https:\/\/sabanadelamartours.com\/it\/wp-json\/wp\/v2\/types\/product"}],"version-history":[{"count":1,"href":"https:\/\/sabanadelamartours.com\/it\/wp-json\/wp\/v2\/product\/11966\/revisions"}],"predecessor-version":[{"id":18870,"href":"https:\/\/sabanadelamartours.com\/it\/wp-json\/wp\/v2\/product\/11966\/revisions\/18870"}],"wp:featuredmedia":[{"embeddable":true,"href":"https:\/\/sabanadelamartours.com\/it\/wp-json\/wp\/v2\/media\/12298"}],"wp:attachment":[{"href":"https:\/\/sabanadelamartours.com\/it\/wp-json\/wp\/v2\/media?parent=11966"}],"wp:term":[{"taxonomy":"product_brand","embeddable":true,"href":"https:\/\/sabanadelamartours.com\/it\/wp-json\/wp\/v2\/product_brand?post=11966"},{"taxonomy":"product_cat","embeddable":true,"href":"https:\/\/sabanadelamartours.com\/it\/wp-json\/wp\/v2\/product_cat?post=11966"},{"taxonomy":"product_tag","embeddable":true,"href":"https:\/\/sabanadelamartours.com\/it\/wp-json\/wp\/v2\/product_tag?post=11966"}],"curies":[{"name":"wp","href":"https:\/\/api.w.org\/{rel}","templated":true}]}}