{"id":11967,"date":"2025-12-18T10:33:02","date_gmt":"2025-12-18T10:33:02","guid":{"rendered":"https:\/\/sabanadelamartours.com\/?post_type=product&#038;p=11967"},"modified":"2026-02-09T05:41:18","modified_gmt":"2026-02-09T05:41:18","slug":"-107","status":"publish","type":"product","link":"https:\/\/sabanadelamartours.com\/it\/tour\/-107\/","title":{"rendered":"Bayahibe La Romana: tour in buggy + rivier con trasporto"},"content":{"rendered":"<p>Primo turno: 8:00 - 12:00<\/p>\n<p>Prelievo alle 8:00: Iniziate la giornata con un emozionante tour in buggy a Bayahibe, dove verremo a prendervi per questa esperienza unica.<\/p>\n<p>Esplorare e scoprire:<\/p>\n<p>Bateyes e canna da zucchero: immergetevi nella cultura locale esplorando i bateyes e gustando un'autentica degustazione di canna da zucchero.<\/p>\n<p>Avventura sul fiume Chav\u00f3n: Provate l'emozione delle acque del fiume Chav\u00f3n con una nuotata rinfrescante e attivit\u00e0 acquatiche.<\/p>\n<p>Visita al ranch e degustazione: Godetevi un banchetto di frutta fresca, caff\u00e8 e cioccolato in un ranch locale mentre esplorate le piantagioni tropicali.<\/p>\n<p>Ritorno alle 12:00: Dopo una mattinata ricca di scoperte, torneremo al punto di partenza a mezzogiorno.<\/p>\n<p>Secondo turno: 14:00-17:30.<\/p>\n<p>Ritiro alle 14:00: Preparatevi a un pomeriggio emozionante con un altro tour in calesse.<\/p>\n<p>Altre avventure:<\/p>\n<p>Esplorazione dei Bateyes e della canna da zucchero: Rivivete l'esperienza dei bateyes e approfondite la cultura locale.<\/p>\n<p>Nuova avventura sul fiume Chav\u00f3n: Immergetevi nuovamente nelle acque del fiume e praticate attivit\u00e0 acquatiche.<\/p>\n<p>Seconda degustazione al ranch: Ritorno al ranch per altre prelibatezze locali e un'esperienza culturale.<\/p>\n<div class=\"toggle-content__content toggle-content__content--expanded toggle-content__content--packable\" data-v-59485d64=\"\">\n<div data-test-id=\"activity-full-description-text\" data-v-5835c99c=\"\">Rientro alle 17:30: concludiamo l'escursione al tramonto, tornando alla vostra sede alle 17:30.<\/div>\n<\/div>\n<div class=\"toggle-content__label-placeholder\" data-v-59485d64=\"\"><\/div>","protected":false},"excerpt":{"rendered":"<div data-track=\"overview\" data-v-83a2b402=\"\">\n<section id=\"activity-overview\" class=\"activity-overview\" data-component=\"overview\" data-v-83a2b402=\"\" data-v-f3236c42=\"\">\n<p class=\"activity-overview__content\" data-test-id=\"activity-overview-content\" data-v-f3236c42=\"\">\u201cEsplorate La Romana in quad o buggy 4\u00d74 da Bayahibe. Attraversate paesaggi spettacolari, scoprite spiagge incontaminate e immergetevi nella cultura locale in questa emozionante avventura costiera.\u201d<\/p>\n<\/section>\n<\/div>\n<div data-track=\"key-details\" data-v-83a2b402=\"\"><\/div>","protected":false},"featured_media":12306,"template":"","meta":[],"product_brand":[],"product_cat":[97],"product_tag":[101,102],"class_list":{"0":"post-11967","1":"product","2":"type-product","3":"status-publish","4":"has-post-thumbnail","6":"product_cat-dominican-republic","7":"product_tag-excursion","8":"product_tag-tour","10":"first","11":"instock","12":"shipping-taxable","13":"product-type-external"},"_links":{"self":[{"href":"https:\/\/sabanadelamartours.com\/it\/wp-json\/wp\/v2\/product\/11967","targetHints":{"allow":["GET"]}}],"collection":[{"href":"https:\/\/sabanadelamartours.com\/it\/wp-json\/wp\/v2\/product"}],"about":[{"href":"https:\/\/sabanadelamartours.com\/it\/wp-json\/wp\/v2\/types\/product"}],"version-history":[{"count":1,"href":"https:\/\/sabanadelamartours.com\/it\/wp-json\/wp\/v2\/product\/11967\/revisions"}],"predecessor-version":[{"id":18869,"href":"https:\/\/sabanadelamartours.com\/it\/wp-json\/wp\/v2\/product\/11967\/revisions\/18869"}],"wp:featuredmedia":[{"embeddable":true,"href":"https:\/\/sabanadelamartours.com\/it\/wp-json\/wp\/v2\/media\/12306"}],"wp:attachment":[{"href":"https:\/\/sabanadelamartours.com\/it\/wp-json\/wp\/v2\/media?parent=11967"}],"wp:term":[{"taxonomy":"product_brand","embeddable":true,"href":"https:\/\/sabanadelamartours.com\/it\/wp-json\/wp\/v2\/product_brand?post=11967"},{"taxonomy":"product_cat","embeddable":true,"href":"https:\/\/sabanadelamartours.com\/it\/wp-json\/wp\/v2\/product_cat?post=11967"},{"taxonomy":"product_tag","embeddable":true,"href":"https:\/\/sabanadelamartours.com\/it\/wp-json\/wp\/v2\/product_tag?post=11967"}],"curies":[{"name":"wp","href":"https:\/\/api.w.org\/{rel}","templated":true}]}}