{"id":12392,"date":"2025-12-18T10:50:44","date_gmt":"2025-12-18T10:50:44","guid":{"rendered":"https:\/\/sabanadelamartours.com\/?post_type=product&#038;p=12392"},"modified":"2026-02-10T03:14:28","modified_gmt":"2026-02-10T03:14:28","slug":"-137","status":"publish","type":"product","link":"https:\/\/sabanadelamartours.com\/it\/tour\/-137\/","title":{"rendered":"Ron Barcerl\u00f3: Tour della fabbrica di rum con degustazione di rum"},"content":{"rendered":"<p>Ron Barcerl\u00f3: Tour della fabbrica di rum con degustazione di rum<\/p>\n<p>Visitate la fabbrica di rum Ron Barcelo, dove potrete assistere al processo di produzione dal vivo, conoscere la sua storia e degustare prodotti eccellenti. Godetevi un'esperienza unica offerta da un'azienda ecologica che si distingue per la produzione di rum di qualit\u00e0 superiore.<\/p>\n<p>In primo luogo, si assiste all'intero processo di produzione: si visita la cantina di invecchiamento per apprezzare il processo di evaporazione, poi il laboratorio delle botti dove viene preparata la raschiatura e la bruciatura prima dell'invecchiamento, quindi il processo di imbottigliamento e confezionamento.<\/p>\n<p>Infine, recatevi al centro visitatori, visitate il museo che illustra la storia del rum e trovate il bar di degustazione e il negozio di souvenir.<\/p>\n<p>In alternativa, scegliete l'opzione Imperial e godetevi una degustazione all'interno della cantina di invecchiamento. Si tratta di un tour di 90 minuti che vi dar\u00e0 accesso a un rum di prima qualit\u00e0, il Barcelo Imperial Rum. Avrete a disposizione una guida privata appassionata che vi insegner\u00e0 come apprezzare al meglio il rum.<\/p>\n<p>Importante: questa tariffa include solo il tour all'interno della fabbrica, non forniamo il trasporto dalla vostra sede.<\/p>","protected":false},"excerpt":{"rendered":"<div data-track=\"overview\" data-v-83a2b402=\"\">\n<section id=\"activity-overview\" class=\"activity-overview\" data-component=\"overview\" data-v-83a2b402=\"\" data-v-f3236c42=\"\">\n<p class=\"activity-overview__content\" data-test-id=\"activity-overview-content\" data-v-f3236c42=\"\">Scoprite come la canna da zucchero dominicana viene trasformata in un delizioso rum durante questo tour della fabbrica di rum Ron Barcel\u00f3. Imparate a conoscere la raccolta, la distillazione, l'invecchiamento e assaggiate il prodotto premiato.<\/p>\n<\/section>\n<\/div>\n<div data-track=\"key-details\" data-v-83a2b402=\"\"><\/div>","protected":false},"featured_media":12642,"template":"","meta":[],"product_brand":[],"product_cat":[97],"product_tag":[101,102],"class_list":{"0":"post-12392","1":"product","2":"type-product","3":"status-publish","4":"has-post-thumbnail","6":"product_cat-dominican-republic","7":"product_tag-excursion","8":"product_tag-tour","10":"first","11":"instock","12":"shipping-taxable","13":"product-type-external"},"_links":{"self":[{"href":"https:\/\/sabanadelamartours.com\/it\/wp-json\/wp\/v2\/product\/12392","targetHints":{"allow":["GET"]}}],"collection":[{"href":"https:\/\/sabanadelamartours.com\/it\/wp-json\/wp\/v2\/product"}],"about":[{"href":"https:\/\/sabanadelamartours.com\/it\/wp-json\/wp\/v2\/types\/product"}],"version-history":[{"count":2,"href":"https:\/\/sabanadelamartours.com\/it\/wp-json\/wp\/v2\/product\/12392\/revisions"}],"predecessor-version":[{"id":18894,"href":"https:\/\/sabanadelamartours.com\/it\/wp-json\/wp\/v2\/product\/12392\/revisions\/18894"}],"wp:featuredmedia":[{"embeddable":true,"href":"https:\/\/sabanadelamartours.com\/it\/wp-json\/wp\/v2\/media\/12642"}],"wp:attachment":[{"href":"https:\/\/sabanadelamartours.com\/it\/wp-json\/wp\/v2\/media?parent=12392"}],"wp:term":[{"taxonomy":"product_brand","embeddable":true,"href":"https:\/\/sabanadelamartours.com\/it\/wp-json\/wp\/v2\/product_brand?post=12392"},{"taxonomy":"product_cat","embeddable":true,"href":"https:\/\/sabanadelamartours.com\/it\/wp-json\/wp\/v2\/product_cat?post=12392"},{"taxonomy":"product_tag","embeddable":true,"href":"https:\/\/sabanadelamartours.com\/it\/wp-json\/wp\/v2\/product_tag?post=12392"}],"curies":[{"name":"wp","href":"https:\/\/api.w.org\/{rel}","templated":true}]}}