{"id":12485,"date":"2025-12-18T10:54:33","date_gmt":"2025-12-18T10:54:33","guid":{"rendered":"https:\/\/sabanadelamartours.com\/?post_type=product&#038;p=12485"},"modified":"2026-02-10T03:17:20","modified_gmt":"2026-02-10T03:17:20","slug":"-145","status":"publish","type":"product","link":"https:\/\/sabanadelamartours.com\/it\/tour\/-145\/","title":{"rendered":"Alla scoperta di Saman\u00e1: Isole e cascate"},"content":{"rendered":"<p>Scoprite la Penisola di Saman\u00e1 con un'indimenticabile escursione di un giorno da Punta Cana, dove esplorerete i suoi tesori naturali pi\u00f9 importanti. Partendo dalla comodit\u00e0 di un servizio di pick-up a Punta Cana, Bayahibe o B\u00e1varo, vi dirigerete verso la pittoresca zona di Miches, attraversando incantevoli cittadine lungo il percorso.<\/p>\n<p>La vostra avventura inizia nella citt\u00e0 di La Ca\u00f1ita, dove vi imbarcherete per un'emozionante gita in barca verso la penisola di Saman\u00e1. Una volta arrivati, vi immergerete nella lussureggiante giungla montana a bordo di un camion safari, pronto a condurvi in un viaggio pittoresco fino alla cascata El L\u00edmon.<\/p>\n<p>Godetevi l'emozione di una passeggiata a cavallo attraverso il paesaggio tropicale fino a raggiungere l'impressionante cascata El L\u00edmon, dove avrete l'opportunit\u00e0 di rinfrescarvi nelle sue acque rinfrescanti e di ammirare la sua bellezza naturale.<\/p>\n<p>Dopo questa esperienza rivitalizzante, tornerete al molo per gustare un autentico pranzo dominicano, dove potrete assaggiare i sapori tradizionali che vi trasporteranno nella cultura locale.<\/p>\n<p>L'avventura continua con una rilassante crociera in catamarano a Cayo Levanto, una gemma paradisiaca con spiagge di sabbia bianca e acque cristalline. Godetevi 90 minuti di tempo libero per nuotare, prendere il sole o semplicemente rilassarvi in questo idilliaco scenario caraibico.<\/p>\n<p>Al termine di una giornata ricca di esperienze emozionanti, tornerete a La Ca\u00f1ita per prendere l'autobus e tornare al vostro alloggio, portando con voi ricordi indimenticabili della vostra esplorazione della splendida Penisola di Saman\u00e1.<\/p>","protected":false},"excerpt":{"rendered":"<div data-track=\"overview\" data-v-83a2b402=\"\">\n<section id=\"activity-overview\" class=\"activity-overview\" data-component=\"overview\" data-v-83a2b402=\"\" data-v-f3236c42=\"\">\n<p class=\"activity-overview__content\" data-test-id=\"activity-overview-content\" data-v-f3236c42=\"\">Saman\u00e1 vi aspetta a braccia aperte, pronta a catturare i vostri sensi e a lasciarvi a bocca aperta con le sue bellezze naturali. Venite a scoprire l'incanto di un luogo dove la magia della natura vi aspetta in ogni angolo!<\/p>\n<\/section>\n<\/div>\n<div data-track=\"key-details\" data-v-83a2b402=\"\"><\/div>","protected":false},"featured_media":12736,"template":"","meta":[],"product_brand":[],"product_cat":[97],"product_tag":[101,102],"class_list":{"0":"post-12485","1":"product","2":"type-product","3":"status-publish","4":"has-post-thumbnail","6":"product_cat-dominican-republic","7":"product_tag-excursion","8":"product_tag-tour","10":"first","11":"instock","12":"shipping-taxable","13":"product-type-external"},"_links":{"self":[{"href":"https:\/\/sabanadelamartours.com\/it\/wp-json\/wp\/v2\/product\/12485","targetHints":{"allow":["GET"]}}],"collection":[{"href":"https:\/\/sabanadelamartours.com\/it\/wp-json\/wp\/v2\/product"}],"about":[{"href":"https:\/\/sabanadelamartours.com\/it\/wp-json\/wp\/v2\/types\/product"}],"version-history":[{"count":1,"href":"https:\/\/sabanadelamartours.com\/it\/wp-json\/wp\/v2\/product\/12485\/revisions"}],"predecessor-version":[{"id":18898,"href":"https:\/\/sabanadelamartours.com\/it\/wp-json\/wp\/v2\/product\/12485\/revisions\/18898"}],"wp:featuredmedia":[{"embeddable":true,"href":"https:\/\/sabanadelamartours.com\/it\/wp-json\/wp\/v2\/media\/12736"}],"wp:attachment":[{"href":"https:\/\/sabanadelamartours.com\/it\/wp-json\/wp\/v2\/media?parent=12485"}],"wp:term":[{"taxonomy":"product_brand","embeddable":true,"href":"https:\/\/sabanadelamartours.com\/it\/wp-json\/wp\/v2\/product_brand?post=12485"},{"taxonomy":"product_cat","embeddable":true,"href":"https:\/\/sabanadelamartours.com\/it\/wp-json\/wp\/v2\/product_cat?post=12485"},{"taxonomy":"product_tag","embeddable":true,"href":"https:\/\/sabanadelamartours.com\/it\/wp-json\/wp\/v2\/product_tag?post=12485"}],"curies":[{"name":"wp","href":"https:\/\/api.w.org\/{rel}","templated":true}]}}