{"id":12624,"date":"2025-12-18T10:59:57","date_gmt":"2025-12-18T10:59:57","guid":{"rendered":"https:\/\/sabanadelamartours.com\/?post_type=product&#038;p=12624"},"modified":"2026-02-10T03:30:34","modified_gmt":"2026-02-10T03:30:34","slug":"los-haitises-isola-bacardi-cayo-levantado-da-las-terrenas","status":"publish","type":"product","link":"https:\/\/sabanadelamartours.com\/it\/tour\/los-haitises-isola-bacardi-cayo-levantado-da-las-terrenas\/","title":{"rendered":"Las Terrenas: Los Haitises e Isola Bacardi (Cayo Levantado)"},"content":{"rendered":"<div class=\"wpb-content-wrapper\"><div class=\"vc_row wpb_row st bg-holder\"><div class='container'><div class='row'>\n\t<div class=\"wpb_column column_container col-md-12\"><div class=\"vc_column-inner wpb_wrapper\">\n\t\t\t[mkdf_section_title title_tag=&#8221;&#8221; disable_break_words=&#8221;no&#8221; subtitle_tag=&#8221;&#8221; text_font_weight=&#8221;&#8221; title=&#8221;Los Haitises &amp; Bacardi Island (Cayo Levantado) From Las Terrenas&#8221; subtitle=&#8221;Eco Tours with Locals&#8221; text=&#8221;If you are in Las Terrenas. This is the best Day Trip with Lunch at Cayo Levantado. Pick up at Hotels in Las Terrenas around 8:00 Am and Finish back 5: 20 PM.&#8221;]<div class=\"vc_btn3-container vc_btn3-inline vc_do_btn\" ><a class=\"vc_general vc_btn3 vc_btn3-size-md vc_btn3-shape-rounded vc_btn3-style-modern vc_btn3-color-green\" href=\"https:\/\/bookingadventures.tours\/booking.php?tour_id=be7de98d2703255b609767e6ac0770d5\" title=\"\" target=\"_blank\" rel=\"noopener\">PRENOTA ORA<\/a><\/div><\/div>\n\t<\/div> \n<\/div><!--End .row--><\/div><!--End .container--><\/div><div class=\"vc_row wpb_row st bg-holder\"><div class='container'><div class='row'>\n\t<div class=\"wpb_column column_container col-md-12\"><div class=\"vc_column-inner wpb_wrapper\">\n\t\t\t\n\t<div class=\"wpb_text_column wpb_content_element\" >\n\t\t<div class=\"wpb_wrapper\">\n\t\t\t<h4><\/h4>\n<h2>Los Haitises &amp; Bacardi Island (Cayo Levantado) From Las Terrenas<\/h2>\n<h4><b><i>Panoramica <\/i><\/b><\/h4>\n<p>Los Haitises National park starting from Saman\u00e1 Port plus Lunch at Bacardi Island.\u00a0 Come with us and visit the most beautiful national park of the Dominican Republic, Visiting Mangroves, Caves and San Lorenzo Bay plus crossing the gorgeous Saman\u00e1 bay. Then Back to Saman\u00e1 area to Visit Bacardi island, have lunch at the beach and Swimming in one of the most pretty beaches in Saman\u00e1 Bay.<\/p>\n<p>After this experience, you will get Back to Saman\u00e1 port.<\/p>\n<ul>\n<li style=\"font-weight: 400;\">Tasse incluse<\/li>\n<li>Lunch at Bacardi island included<\/li>\n<li style=\"font-weight: 400;\"><span style=\"font-weight: 400;\">The guide provides instruction and Supervision<\/span><\/li>\n<\/ul>\n<p>&nbsp;<\/p>\n<h4><b>Inclusioni ed esclusioni<\/b><\/h4>\n<p><b>Inclusioni<\/b><\/p>\n<ol>\n<li style=\"font-weight: 400;\">Los Haitises Tour + Caves and Pictographs<\/li>\n<li>Lunch at Cayo Levantado ( Bacardi Island) if you will like similar tour: Los Haitises + Ca\u00f1o Hondo<\/li>\n<li style=\"font-weight: 400;\"><span style=\"font-weight: 400;\">Tutte le imposte, le tasse e le spese di gestione<\/span><\/li>\n<li style=\"font-weight: 400;\"><span style=\"font-weight: 400;\">Imposte locali<\/span><\/li>\n<li style=\"font-weight: 400;\"><span style=\"font-weight: 400;\">Bevande<\/span><\/li>\n<li style=\"font-weight: 400;\"><span style=\"font-weight: 400;\">Tutte le attivit\u00e0<\/span><\/li>\n<li>Trasporto<\/li>\n<li style=\"font-weight: 400;\"><span style=\"font-weight: 400;\">Guida locale<\/span><\/li>\n<\/ol>\n<p><b> Esclusioni<\/b><\/p>\n<ol>\n<li style=\"font-weight: 400;\"><span style=\"font-weight: 400;\">Mance<\/span><\/li>\n<li style=\"font-weight: 400;\"><span style=\"font-weight: 400;\">Bevande alcoliche<\/span><\/li>\n<\/ol>\n<p>&nbsp;<\/p>\n<h4><em><strong>Partenza e ritorno<\/strong><\/em><\/h4>\n<p><span style=\"font-weight: 400;\">The traveler will get a meeting point after the Reservation Process. Tours start and Finish in our meeting points.<\/span><\/p>\n<p>&nbsp;<\/p>\n<h2>Los Haitises &amp; Bacardi Island (Cayo Levantado) From Las Terrenas<\/h2>\n<h4><b><i>Cosa aspettarsi?<\/i><\/b><\/h4>\n<p><b><i>V<\/i><\/b>isiting<strong> Parco Nazionale Los Haitises<\/strong> with a wonderful lunch at<strong> Cayo Levantado island<\/strong> and Swimming at the beach. Starting From Las Terrenas to\u00a0 <strong>Saman\u00e1 port and<\/strong> onboard of a Boat or Catamaran with a Local tour guide we pass Saman\u00e1 bay to Sabana de la Mar side to Visit one of the most beautiful national parks of the Dominican Republic. <em><strong>The Haitises National Park<\/strong><\/em>.<\/p>\n<p>The tour, organized by &#8220;Booking Adventures&#8221; starts at the meeting point set with the Tour Guide. Come with Booking Adventures and start checking some bird-filled mangroves, rolling hills of lush vegetation and caves of <em><strong>Parco Nazionale Los Haitises<\/strong><\/em>. Visiting Island with birds around. In the nesting season, we can even see the Pelecanos chicks on the nests. Getting more inside of the Rocky Islands and visiting the Caves with pictographs and petrographs from the indigenous people.<\/p>\n<p>Through the mangroves and Land at the open San Lorenzo Bay, from where you can photograph the rugged forest landscape. Look to the water to spot <em><strong>Lamantini<\/strong><\/em>, crostacei e <em><strong>delfini.<\/strong><\/em><\/p>\n<h2><strong>Caves in Los Haitises National Park<\/strong><\/h2>\n<div class=\"body-description secondary\">\n<p>The national park\u2019s name comes from its original inhabitants, the Taino Indians. In their language \u201cHaitises\u201d translates to highlands or Hills, a reference to the coastline\u2019s steep geological formations with Limestones. Adventure deeper into the park to explore caves such as the <em><strong>Cueva de la Arena<\/strong><\/em> e <strong><em>Cueva de la L\u00ednea.<\/em><\/strong><\/p>\n<p>Caves in the reserve were used as shelter by the Taino Indians and, later, by hiding pirates. Look for drawings by Indians that decorate some of the walls. After visiting Los Haitises National Park we will go back to Saman\u00e1 port passing Saman\u00e1 bay 30 min and visiting Bacardi island. We will have a typical lunch on the island. If you are vegan no worries we also have food for you!<\/p>\n<p>After swimming full afternoon and chilling on the beach our tour guide will set time to go back to Saman\u00e1 port.<\/p>\n<\/div>\n<p>In Case you will like this trip longer or Shorter we have these options:<\/p>\n<ol>\n<li>Just Los Haitises from Saman\u00e1 Port.<\/li>\n<li>Los Haitises + Ca\u00f1o Hondo from Saman\u00e1 Port.<\/li>\n<\/ol>\n<p>&nbsp;<\/p>\n<h4><em><strong>Cosa portare con s\u00e9?<\/strong><\/em><\/h4>\n<ul>\n<li style=\"font-weight: 400;\"><span style=\"font-weight: 400;\">Macchina fotografica<\/span><\/li>\n<li style=\"font-weight: 400;\"><span style=\"font-weight: 400;\">Boccioli repellenti<\/span><\/li>\n<li style=\"font-weight: 400;\"><span style=\"font-weight: 400;\">Crema solare<\/span><\/li>\n<li style=\"font-weight: 400;\"><span style=\"font-weight: 400;\">Cappello<\/span><\/li>\n<li style=\"font-weight: 400;\"><span style=\"font-weight: 400;\">Pantaloni comodi<\/span><\/li>\n<li style=\"font-weight: 400;\"><span style=\"font-weight: 400;\">Scarpe da trekking per la foresta<\/span><\/li>\n<li style=\"font-weight: 400;\"><span style=\"font-weight: 400;\">Sandali alle aree di primavera.<\/span><\/li>\n<li style=\"font-weight: 400;\"><span style=\"font-weight: 400;\">Abbigliamento per il nuoto<\/span><\/li>\n<\/ul>\n<p>&nbsp;<\/p>\n<h4><b><i>Prelievo dall'hotel <\/i><\/b><\/h4>\n<p><span style=\"font-weight: 400;\">Hotel pick-up is\u00a0 offered from Las Terrenas. <\/span><\/p>\n<p>&nbsp;<\/p>\n<p><b>Nota:<\/b><span style=\"font-weight: 400;\"> Se la prenotazione avviene entro 24 ore dall'orario di partenza del tour\/escursione, possiamo organizzare il prelievo dall'hotel con un supplemento. Una volta completato l'acquisto, vi invieremo le informazioni di contatto complete (numero di telefono, indirizzo e-mail, ecc.) per la nostra guida turistica locale per organizzare il prelievo.<\/span><\/p>\n<h4><b><i>Informazioni aggiuntive Conferma <\/i><\/b><\/h4>\n<ol>\n<li>I biglietti sono la ricevuta del pagamento del Tour. Potete mostrare il pagamento sul vostro telefono.<\/li>\n<li style=\"font-weight: 400;\"><span style=\"font-weight: 400;\">Il punto d'incontro verr\u00e0 ricevuto dopo il processo di prenotazione.<\/span><\/li>\n<li style=\"font-weight: 400;\"><span style=\"font-weight: 400;\">I bambini devono essere accompagnati da un adulto.<\/span><\/li>\n<li style=\"font-weight: 400;\"><span style=\"font-weight: 400;\"> Non accessibile alle sedie a rotelle <\/span><\/li>\n<li style=\"font-weight: 400;\"><span style=\"font-weight: 400;\">I bambini devono stare in braccio <\/span><\/li>\n<li style=\"font-weight: 400;\"><span style=\"font-weight: 400;\">Sconsigliato ai viaggiatori con problemi alla schiena<\/span><\/li>\n<li style=\"font-weight: 400;\"><span style=\"font-weight: 400;\">Non raccomandato per chi viaggia in gravidanza <\/span><\/li>\n<li style=\"font-weight: 400;\"><span style=\"font-weight: 400;\"> Nessun problema cardiaco o altre condizioni mediche gravi <\/span><\/li>\n<li style=\"font-weight: 400;\"><span style=\"font-weight: 400;\">La maggior parte dei viaggiatori pu\u00f2 partecipare<\/span><\/li>\n<\/ol>\n<h4><b><i>Politica di cancellazione<\/i><\/b><\/h4>\n<p>Per un rimborso completo, leggere le nostre politiche di cancellazione.\u00a0<a href=\"https:\/\/ticketswhales.com\/online-booking\/\" target=\"_blank\" rel=\"noopener\" data-saferedirecturl=\"https:\/\/www.google.com\/url?q=https:\/\/ticketswhales.com\/online-booking\/&amp;source=gmail&amp;ust=1672449202351000&amp;usg=AOvVaw1yAeVAPktmaVCqDujgUn90\">Clicca qui<\/a>. I fondi andranno persi se la prenotazione viene annullata il giorno stesso del viaggio.<\/p>\n\n\t\t<\/div>\n\t<\/div>\n<div class=\"vc_btn3-container vc_btn3-inline vc_do_btn\" ><a class=\"vc_general vc_btn3 vc_btn3-size-md vc_btn3-shape-rounded vc_btn3-style-modern vc_btn3-color-green\" href=\"https:\/\/bookingadventures.tours\/booking.php?tour_id=be7de98d2703255b609767e6ac0770d5\" title=\"\" target=\"_blank\" rel=\"noopener\">PRENOTA ORA<\/a><\/div>\n\t<div class=\"wpb_video_widget wpb_content_element vc_clearfix   vc_video-aspect-ratio-169 vc_video-el-width-100 vc_video-align-left\" >\n\t\t<div class=\"wpb_wrapper\">\n\t\t\t<h2 class=\"wpb_heading wpb_video_heading\">Parco Nazionale Los Haitises<\/h2>\n\t\t\t<div class=\"wpb_video_wrapper\"><iframe title=\"Los Haitises National park Tours &amp; Excursions\" width=\"500\" height=\"281\" src=\"https:\/\/www.youtube.com\/embed\/vMI4Ou81cd4?feature=oembed\" frameborder=\"0\" allow=\"accelerometer; autoplay; clipboard-write; encrypted-media; gyroscope; picture-in-picture; web-share\" referrerpolicy=\"strict-origin-when-cross-origin\" allowfullscreen><\/iframe><\/div>\n\t\t<\/div>\n\t<\/div>\n<\/div>\n\t<\/div> \n<\/div><!--End .row--><\/div><!--End .container--><\/div>\n\t<div class=\"wpb_column column_container col-md-12\"><div class=\"vc_column-inner wpb_wrapper\">\n\t\t\t<div class=\"vc_btn3-container vc_btn3-inline vc_do_btn\" ><a class=\"vc_general vc_btn3 vc_btn3-size-md vc_btn3-shape-rounded vc_btn3-style-modern vc_btn3-color-green\" href=\"https:\/\/bookingadventures.tours\/booking.php?tour_id=be7de98d2703255b609767e6ac0770d5\" title=\"\" target=\"_blank\" rel=\"noopener\">PRENOTA ORA<\/a><\/div><\/div>\n\t<\/div> \n<div class=\"vc_empty_space\"   style=\"height: 32px\"><span class=\"vc_empty_space_inner\"><\/span><\/div><div class=\"vc_row wpb_row st bg-holder\"><div class='container'><div class='row'><\/div><!--End .row--><\/div><!--End .container--><\/div>\n\t<div class=\"wpb_column column_container col-md-12\"><div class=\"vc_column-inner wpb_wrapper\">\n\t\t\t<\/div>\n\t<\/div> \n[mkdf_section_title title_tag=&#8221;&#8221; disable_break_words=&#8221;no&#8221; title=&#8221;Los Haitises y Cayo Levantado&#8221;]<div class=\"vc_empty_space\"   style=\"height: 32px\"><span class=\"vc_empty_space_inner\"><\/span><\/div><div class=\"vc_row wpb_row st bg-holder\"><div class='container'><div class='row'><\/div><!--End .row--><\/div><!--End .container--><\/div>\n\t<div class=\"wpb_column column_container col-md-12\"><div class=\"vc_column-inner wpb_wrapper\">\n\t\t\t<\/div>\n\t<\/div>\n<\/div>","protected":false},"excerpt":{"rendered":"<p id=\"tw-target-text\" class=\"tw-data-text tw-text-large tw-ta\" dir=\"ltr\" data-placeholder=\"Translation\"><span class=\"Y2IQFc\" lang=\"en\">Excursion to Los Haitises and Cayo Levantado from Las Terrenas, Ecological Trip to Los Haitises National Park with a Local Tourist Guide. Visiting the Keys in Los Haitises National Park, Mangroves, Vegetation, Bird Watching, Caves, Pictograms and the historical areas of Sabana de la Mar in Los Haitises National Park. After Los Haitises we had lunch on the beach at Bacardi Island. Book now Tour to Los Haitises National Park from Saman\u00e1 port + Bacard\u00ed Island (Cayo Levantado) with us. <\/span><\/p>\n<p class=\"tw-data-text tw-text-large tw-ta\" dir=\"ltr\" data-placeholder=\"Translation\"><strong><span class=\"Y2IQFc\" lang=\"en\">Selezionare la data del tour:<\/span><\/strong><\/p>","protected":false},"featured_media":12888,"template":"","meta":[],"product_brand":[],"product_cat":[115,156,157,158,117],"product_tag":[121,159,160,161,162,124,163,164,165,166,167,168,169,170,171,172,173,174,175,176,177,178,179,180,181,182,127,129,130,183],"class_list":{"0":"post-12624","1":"product","2":"type-product","3":"status-publish","4":"has-post-thumbnail","6":"product_cat-1-samana","7":"product_cat-boat-trip-los-haitises","8":"product_cat-los-haitises-terrenas","9":"product_cat-tours-excursions-los-haitises-national-park","10":"product_cat-tours-excursions-samana-bay-dominican-republic","11":"product_tag-bacardi-island","12":"product_tag-bacardi-island-tours","13":"product_tag-birdwatching","14":"product_tag-boat-tour","15":"product_tag-caves-los-haitises","16":"product_tag-cayo-levantado","17":"product_tag-cayo-levantado-tour","18":"product_tag-eco-tours","19":"product_tag-excursiones-a-los-haitises-y-cayo-levantado","20":"product_tag-haitises-park-and-cayo-levantado-island","21":"product_tag-los-haitises","22":"product_tag-los-haitises-and-cayo-levantado","23":"product_tag-los-haitises-excursiones","24":"product_tag-los-haitises-excursions","25":"product_tag-los-haitises-mapa","26":"product_tag-los-haitises-mas-cayo-levantado","27":"product_tag-los-haitises-national-park","28":"product_tag-los-haitises-national-park-map","29":"product_tag-los-haitises-national-park-mas-cayo-levantado","30":"product_tag-los-haitises-national-park-tour-from-las-terrenas","31":"product_tag-los-haitises-national-park-tour-from-samana-port-bacardi-island-cayo-levantado","32":"product_tag-los-haitises-national-park-tour-from-santo-domingo","33":"product_tag-los-haitises-park-tour-cayo-levantado-island","34":"product_tag-los-haitises-samana","35":"product_tag-los-haitises-y-cayo-levantado","36":"product_tag-sabana-de-la-mar","37":"product_tag-samana","38":"product_tag-samana-excursions","39":"product_tag-samana-tours","40":"product_tag-tour-los-haitises-national-park-cayo-levantado","42":"first","43":"instock","44":"sale","45":"sold-individually","46":"shipping-taxable","47":"product-type-external"},"_links":{"self":[{"href":"https:\/\/sabanadelamartours.com\/it\/wp-json\/wp\/v2\/product\/12624","targetHints":{"allow":["GET"]}}],"collection":[{"href":"https:\/\/sabanadelamartours.com\/it\/wp-json\/wp\/v2\/product"}],"about":[{"href":"https:\/\/sabanadelamartours.com\/it\/wp-json\/wp\/v2\/types\/product"}],"version-history":[{"count":2,"href":"https:\/\/sabanadelamartours.com\/it\/wp-json\/wp\/v2\/product\/12624\/revisions"}],"predecessor-version":[{"id":18908,"href":"https:\/\/sabanadelamartours.com\/it\/wp-json\/wp\/v2\/product\/12624\/revisions\/18908"}],"wp:featuredmedia":[{"embeddable":true,"href":"https:\/\/sabanadelamartours.com\/it\/wp-json\/wp\/v2\/media\/12888"}],"wp:attachment":[{"href":"https:\/\/sabanadelamartours.com\/it\/wp-json\/wp\/v2\/media?parent=12624"}],"wp:term":[{"taxonomy":"product_brand","embeddable":true,"href":"https:\/\/sabanadelamartours.com\/it\/wp-json\/wp\/v2\/product_brand?post=12624"},{"taxonomy":"product_cat","embeddable":true,"href":"https:\/\/sabanadelamartours.com\/it\/wp-json\/wp\/v2\/product_cat?post=12624"},{"taxonomy":"product_tag","embeddable":true,"href":"https:\/\/sabanadelamartours.com\/it\/wp-json\/wp\/v2\/product_tag?post=12624"}],"curies":[{"name":"wp","href":"https:\/\/api.w.org\/{rel}","templated":true}]}}