{"id":12637,"date":"2025-12-18T11:00:26","date_gmt":"2025-12-18T11:00:26","guid":{"rendered":"https:\/\/sabanadelamartours.com\/?post_type=product&#038;p=12637"},"modified":"2026-01-06T14:28:50","modified_gmt":"2026-01-06T14:28:50","slug":"-161","status":"publish","type":"product","link":"https:\/\/sabanadelamartours.com\/it\/tour\/-161\/","title":{"rendered":"Samana: Cayo Levantado con trasporto incluso"},"content":{"rendered":"<div class=\"toggle-content__content toggle-content__content--expanded toggle-content__content--packable\" data-v-59485d64=\"\">\n<div data-test-id=\"activity-full-description-text\" data-v-5835c99c=\"\">\n<h4 class=\"product_title entry-title\">Samana: Cayo Levantado con trasporto incluso<\/h4>\n<\/div>\n<div data-test-id=\"activity-full-description-text\" data-v-5835c99c=\"\">Immersa nei Caraibi, Cayo Levantado, nota anche come Isola Bacardi, offre una serena fuga dall'ordinario. Questo paradiso idilliaco \u00e8 rinomato per le sue spiagge di sabbia bianca da cartolina, orlate da acque turchesi e cristalline, che creano uno scenario ipnotico per rilassarsi e rigenerarsi. Quando si entra in questa gemma nascosta, si viene accolti dal dolce fruscio delle palme e dal caldo abbraccio del sole. I paesaggi lussureggianti dell'isola offrono un'ambientazione affascinante per passeggiate o momenti di contemplazione.<\/div>\n<div data-test-id=\"activity-full-description-text\" data-v-5835c99c=\"\"><\/div>\n<div data-test-id=\"activity-full-description-text\" data-v-5835c99c=\"\">L'ambiente tranquillo invita a rilassarsi, sia che si tratti di rilassarsi sulla sabbia soffice o di fare un tuffo rinfrescante nelle acque invitanti. Cayo Levantado \u00e8 un'oasi di bellezza naturale che offre un mix perfetto di isolamento e comfort. Sia che cerchiate l'avventura attraverso gli sport acquatici, sia che desideriate esplorare le insenature nascoste dell'isola, sia che desideriate semplicemente momenti di tranquillit\u00e0 ininterrotta, questo paradiso \u00e8 adatto a tutti. Lasciatevi tentare da una deliziosa cucina ispirata all'isola, assaporando i frutti di mare pi\u00f9 freschi e i sapori locali, sorseggiando bevande rinfrescanti all'ombra di palme ondeggianti. Con i suoi panorami mozzafiato e l'atmosfera serena, Cayo Levantado promette un ritiro indimenticabile, invitandovi a immergervi nella pura beatitudine di questo paradiso tropicale.<\/div>\n<div data-test-id=\"activity-full-description-text\" data-v-5835c99c=\"\"><\/div>\n<div data-test-id=\"activity-full-description-text\" data-v-5835c99c=\"\">- Iniziate la giornata con il prelievo dall'hotel alle 8:00 e preparate il terreno per un'avventura emozionante.<\/div>\n<div data-test-id=\"activity-full-description-text\" data-v-5835c99c=\"\"><\/div>\n<div data-test-id=\"activity-full-description-text\" data-v-5835c99c=\"\">-Imbarcatevi sulla Catarman, una nave destinata alle coste mozzafiato di Cayo Levantado. Itinerario<\/div>\n<div data-test-id=\"activity-full-description-text\" data-v-5835c99c=\"\"><\/div>\n<div data-test-id=\"activity-full-description-text\" data-v-5835c99c=\"\">- Arrivate a Cayo Levantado, accolti dalla tranquilla bellezza dell'isola e dalla promessa di un delizioso pranzo.<\/div>\n<div data-test-id=\"activity-full-description-text\" data-v-5835c99c=\"\"><\/div>\n<div data-test-id=\"activity-full-description-text\" data-v-5835c99c=\"\">- immergetevi nel fascino dell'isola, sia che si tratti di passeggiare lungo le spiagge incontaminate, di praticare attivit\u00e0 acquatiche o semplicemente di crogiolarsi nell'ambiente sereno dell'isola.<\/div>\n<div data-test-id=\"activity-full-description-text\" data-v-5835c99c=\"\"><\/div>\n<div data-test-id=\"activity-full-description-text\" data-v-5835c99c=\"\">- Partite da Cayo Levantado e tornate al porto, pieni di ricordi indelebili.<\/div>\n<div data-test-id=\"activity-full-description-text\" data-v-5835c99c=\"\"><\/div>\n<div data-test-id=\"activity-full-description-text\" data-v-5835c99c=\"\">- Concludete la giornata con la riconsegna dell'albergo, riflettendo su una giornata piena di bellezze naturali e di relax.<\/div>\n<\/div>\n<div class=\"toggle-content__label-placeholder\" data-v-59485d64=\"\"><\/div>","protected":false},"excerpt":{"rendered":"<div data-track=\"overview\" data-v-83a2b402=\"\">\n<section id=\"activity-overview\" class=\"activity-overview\" data-component=\"overview\" data-v-83a2b402=\"\" data-v-f3236c42=\"\">\n<p class=\"activity-overview__content\" data-test-id=\"activity-overview-content\" data-v-f3236c42=\"\">Fuggite a Cayo Levantado, un paradiso incontaminato che vanta spiagge di sabbia bianca, acque turchesi e paesaggi lussureggianti per il massimo relax.<\/p>\n<\/section>\n<\/div>\n<div data-track=\"key-details\" data-v-83a2b402=\"\"><\/div>","protected":false},"featured_media":12909,"template":"","meta":[],"product_brand":[],"product_cat":[97],"product_tag":[101,102],"class_list":{"0":"post-12637","1":"product","2":"type-product","3":"status-publish","4":"has-post-thumbnail","6":"product_cat-dominican-republic","7":"product_tag-excursion","8":"product_tag-tour","10":"first","11":"instock","12":"shipping-taxable","13":"product-type-external"},"_links":{"self":[{"href":"https:\/\/sabanadelamartours.com\/it\/wp-json\/wp\/v2\/product\/12637","targetHints":{"allow":["GET"]}}],"collection":[{"href":"https:\/\/sabanadelamartours.com\/it\/wp-json\/wp\/v2\/product"}],"about":[{"href":"https:\/\/sabanadelamartours.com\/it\/wp-json\/wp\/v2\/types\/product"}],"version-history":[{"count":1,"href":"https:\/\/sabanadelamartours.com\/it\/wp-json\/wp\/v2\/product\/12637\/revisions"}],"predecessor-version":[{"id":18560,"href":"https:\/\/sabanadelamartours.com\/it\/wp-json\/wp\/v2\/product\/12637\/revisions\/18560"}],"wp:featuredmedia":[{"embeddable":true,"href":"https:\/\/sabanadelamartours.com\/it\/wp-json\/wp\/v2\/media\/12909"}],"wp:attachment":[{"href":"https:\/\/sabanadelamartours.com\/it\/wp-json\/wp\/v2\/media?parent=12637"}],"wp:term":[{"taxonomy":"product_brand","embeddable":true,"href":"https:\/\/sabanadelamartours.com\/it\/wp-json\/wp\/v2\/product_brand?post=12637"},{"taxonomy":"product_cat","embeddable":true,"href":"https:\/\/sabanadelamartours.com\/it\/wp-json\/wp\/v2\/product_cat?post=12637"},{"taxonomy":"product_tag","embeddable":true,"href":"https:\/\/sabanadelamartours.com\/it\/wp-json\/wp\/v2\/product_tag?post=12637"}],"curies":[{"name":"wp","href":"https:\/\/api.w.org\/{rel}","templated":true}]}}