{"id":12745,"date":"2025-12-18T11:04:56","date_gmt":"2025-12-18T11:04:56","guid":{"rendered":"https:\/\/sabanadelamartours.com\/?post_type=product&#038;p=12745"},"modified":"2026-01-06T14:40:24","modified_gmt":"2026-01-06T14:40:24","slug":"-166","status":"publish","type":"product","link":"https:\/\/sabanadelamartours.com\/it\/tour\/-166\/","title":{"rendered":"Da Punta Canta: Crociera per l'osservazione delle balene con Cayo Levantado"},"content":{"rendered":"<p><strong>Da Punta Canta: Crociera per l'osservazione delle balene con Cayo Levantado<\/strong><\/p>\n<p>Partite dai vostri alberghi attraverso la pianura orientale, tra paesaggi verdi con grandi pascoli e piccole citt\u00e0, tra le montagne e il mare, per vivere questa indimenticabile avventura.<\/p>\n<p>La prima tappa \u00e8 al molo di Las Ca\u00f1itas per salire a bordo della barca che ci porter\u00e0 al Santuario delle megattere, in un tour in mare di circa due ore e mezza.<\/p>\n<p>Una volta terminato l'avvistamento, ci dirigeremo verso Cayo Levantado o Isla Bacardi per gustare un delizioso pranzo tipico a buffet di fronte al mare. Dopo pranzo, il pomeriggio \u00e8 dedicato a una nuotata rinfrescante nelle acque cristalline di sabbia bianca o semplicemente a sdraiarsi all'ombra delle palme da cocco, gustando un buon Cuba-Libre. Al termine del tempo trascorso in spiaggia a Cayo Levantado, ci si imbarca nuovamente sulla nave, si attraversa la baia di Saman\u00e0 per tornare al molo di Las Ca\u00f1itas e si prende l'autobus per tornare agli hotel di B\u00e1varo e Bayahibe.<\/p>\n<div class=\"woocommerce-product-details__short-description\">\n<div data-track=\"overview\" data-v-83a2b402=\"\">\n<section id=\"activity-overview\" class=\"activity-overview\" data-component=\"overview\" data-v-83a2b402=\"\" data-v-f3236c42=\"\">\n<p class=\"activity-overview__content\" data-test-id=\"activity-overview-content\" data-v-f3236c42=\"\">Osservate le megattere e navigate lungo le coste che costeggiano Samana e Miches con un'escursione da Bayahibe o Punta Canta. Visitate Cayo Levantado per nuotare e gustare un pranzo a buffet proprio davanti alle onde.<\/p>\n<\/section>\n<\/div>\n<div data-track=\"key-details\" data-v-83a2b402=\"\"><\/div>\n<\/div>","protected":false},"excerpt":{"rendered":"<div data-track=\"overview\" data-v-83a2b402=\"\">\n<section id=\"activity-overview\" class=\"activity-overview\" data-component=\"overview\" data-v-83a2b402=\"\" data-v-f3236c42=\"\">\n<p class=\"activity-overview__content\" data-test-id=\"activity-overview-content\" data-v-f3236c42=\"\">Osservate le megattere e navigate lungo le coste che costeggiano Samana e Miches con un'escursione da Bayahibe o Punta Canta. Visitate Cayo Levantado per nuotare e gustare un pranzo a buffet proprio davanti alle onde.<\/p>\n<\/section>\n<\/div>\n<div data-track=\"key-details\" data-v-83a2b402=\"\"><\/div>","protected":false},"featured_media":12986,"template":"","meta":[],"product_brand":[],"product_cat":[97],"product_tag":[101,102],"class_list":{"0":"post-12745","1":"product","2":"type-product","3":"status-publish","4":"has-post-thumbnail","6":"product_cat-dominican-republic","7":"product_tag-excursion","8":"product_tag-tour","10":"first","11":"instock","12":"shipping-taxable","13":"product-type-external"},"_links":{"self":[{"href":"https:\/\/sabanadelamartours.com\/it\/wp-json\/wp\/v2\/product\/12745","targetHints":{"allow":["GET"]}}],"collection":[{"href":"https:\/\/sabanadelamartours.com\/it\/wp-json\/wp\/v2\/product"}],"about":[{"href":"https:\/\/sabanadelamartours.com\/it\/wp-json\/wp\/v2\/types\/product"}],"version-history":[{"count":1,"href":"https:\/\/sabanadelamartours.com\/it\/wp-json\/wp\/v2\/product\/12745\/revisions"}],"predecessor-version":[{"id":18567,"href":"https:\/\/sabanadelamartours.com\/it\/wp-json\/wp\/v2\/product\/12745\/revisions\/18567"}],"wp:featuredmedia":[{"embeddable":true,"href":"https:\/\/sabanadelamartours.com\/it\/wp-json\/wp\/v2\/media\/12986"}],"wp:attachment":[{"href":"https:\/\/sabanadelamartours.com\/it\/wp-json\/wp\/v2\/media?parent=12745"}],"wp:term":[{"taxonomy":"product_brand","embeddable":true,"href":"https:\/\/sabanadelamartours.com\/it\/wp-json\/wp\/v2\/product_brand?post=12745"},{"taxonomy":"product_cat","embeddable":true,"href":"https:\/\/sabanadelamartours.com\/it\/wp-json\/wp\/v2\/product_cat?post=12745"},{"taxonomy":"product_tag","embeddable":true,"href":"https:\/\/sabanadelamartours.com\/it\/wp-json\/wp\/v2\/product_tag?post=12745"}],"curies":[{"name":"wp","href":"https:\/\/api.w.org\/{rel}","templated":true}]}}