{"id":12758,"date":"2025-12-18T11:05:22","date_gmt":"2025-12-18T11:05:22","guid":{"rendered":"https:\/\/sabanadelamartours.com\/?post_type=product&#038;p=12758"},"modified":"2026-02-11T03:50:41","modified_gmt":"2026-02-11T03:50:41","slug":"passeggino-jarabacoa-con-cascata-baiguate-doppio","status":"publish","type":"product","link":"https:\/\/sabanadelamartours.com\/it\/tour\/passeggino-jarabacoa-con-cascata-baiguate-doppio\/","title":{"rendered":"Buggy di Jarabacoa con cascata di Baiguate Doppia"},"content":{"rendered":"<div class=\"wpb-content-wrapper\"><div class=\"vc_row wpb_row st bg-holder\"><div class='container'><div class='row'>\n\t<div class=\"wpb_column column_container col-md-12\"><div class=\"vc_column-inner wpb_wrapper\">\n\t\t\t[mkdf_section_title title_tag=\u201d\u201d disable_break_words=\u201dno\u201d subtitle_tag=\u201d\u201d title=\u201dJarabacoa con le cascate Jimenoa e Baiguate\u201d subtitle=\u201dBuggy - Buggies\u201d]<\/div>\n\t<\/div> \n<\/div><!--End .row--><\/div><!--End .container--><\/div><div class=\"vc_row wpb_row st bg-holder\"><div class='container'><div class='row'>\n\t<div class=\"wpb_column column_container col-md-12\"><div class=\"vc_column-inner wpb_wrapper\">\n\t\t\t<div class=\"vc_btn3-container vc_btn3-inline vc_do_btn\" ><a class=\"vc_general vc_btn3 vc_btn3-size-md vc_btn3-shape-rounded vc_btn3-style-modern vc_btn3-color-green\" href=\"https:\/\/bookingadventures.tours\/booking.php?tour_id=e29316590922029738666cca35b0d5d9\" title=\"\" target=\"_blank\" rel=\"noopener\">PRENOTA ORA<\/a><\/div>\n\t<div class=\"wpb_text_column wpb_content_element\" >\n\t\t<div class=\"wpb_wrapper\">\n\t\t\t<h3 class=\"ui_header h1 attractions-product-info-ProductTitle__title--1qM0o\">Jarabacoa buggy con cascata di Baiguate Doppia<\/h3>\n<h4><b><i>Panoramica <\/i><\/b><\/h4>\n<p><span style=\"font-weight: 400;\">Unisciti a noi e viaggia con un esperto locale di Jarabacoa e vivi l'esperienza unica di visitare i luoghi migliori della capitale dell'ecoturismo partendo da Jarabacoa, questo tour ti porter\u00e0 a vedere il bellissimo paesaggio del pi\u00f9 grande ranch di montagna della Repubblica Dominicana. Durante la visita alle diverse localit\u00e0, sentirete l'aria di montagna e godrete della bellezza della campagna.\u00a0<\/span><\/p>\n<p><span style=\"font-weight: 400;\">Possiamo raggiungere le diverse localit\u00e0 per questo tour. Avrete a disposizione le opzioni: Bicicletta, Equitazione, Safari, Quattro ruote o Buggy. Acquistate subito il vostro biglietto online e divertitevi a conoscere Jarabacoa e la cultura della Repubblica Dominicana mentre visitate le migliori localit\u00e0 della citt\u00e0.<\/span><\/p>\n<p><span style=\"font-weight: 400;\">Jarabacoa \u00e8 la citt\u00e0 dell'eterna primavera per il clima e il secondo comune pi\u00f9 importante della provincia di La Vega. Secondo la storia, Jarabacoa significa \u201cluogo di molta acqua\u201d, Il 27 settembre 1858, Jarabacoa inizi\u00f2 la sua vita come comune, categoria ottenuta dopo una carriera che risale all'inizio del XIX secolo. Viaggiate con noi e conoscete meglio le montagne, la natura, la cultura e la gente della regione settentrionale della Repubblica Dominicana.\u00a0<\/span><\/p>\n<ul>\n<li style=\"font-weight: 400;\">Tasse incluse<\/li>\n<li>Pranzo<\/li>\n<li>Spuntini<\/li>\n<li style=\"font-weight: 400;\">Guida turistica locale in inglese<\/li>\n<\/ul>\n<h4><b>Inclusioni ed esclusioni<\/b><\/h4>\n<p><b>Inclusioni<\/b><\/p>\n<ol>\n<li>Pranzo<\/li>\n<li style=\"font-weight: 400;\"><span style=\"font-weight: 400;\">Tutte le imposte, le tasse e le spese di gestione<\/span><\/li>\n<li style=\"font-weight: 400;\"><span style=\"font-weight: 400;\">Imposte locali<\/span><\/li>\n<li style=\"font-weight: 400;\"><span style=\"font-weight: 400;\">Bevande<\/span><\/li>\n<li>Spuntini<\/li>\n<li style=\"font-weight: 400;\"><span style=\"font-weight: 400;\">Tutte le attivit\u00e0<\/span><\/li>\n<li style=\"font-weight: 400;\"><span style=\"font-weight: 400;\">Guida locale<\/span><\/li>\n<\/ol>\n<p><b> Esclusioni<\/b><\/p>\n<ol>\n<li style=\"font-weight: 400;\"><span style=\"font-weight: 400;\">Mance<\/span><\/li>\n<li>trasporto (impostato contattandoci)<\/li>\n<li style=\"font-weight: 400;\"><span style=\"font-weight: 400;\">Bevande alcoliche<\/span><\/li>\n<\/ol>\n<h4><em><strong>Partenza e ritorno<\/strong><\/em><\/h4>\n<p><span style=\"font-weight: 400;\">Il viaggiatore ricever\u00e0 un punto d'incontro dopo il processo di prenotazione. I tour iniziano e terminano nei punti di incontro.<\/span><\/p>\n<h3 class=\"ui_header h1 attractions-product-info-ProductTitle__title--1qM0o\">Jarabacoa buggy con cascata di Baiguate Doppia<\/h3>\n<h4><b><i>Cosa aspettarsi?<\/i><\/b><\/h4>\n<p><span style=\"font-weight: 400;\">Prendete il vostro biglietto per le cascate di Baiguate dalla citt\u00e0 di Jarabacoa in buggy.\u00a0<\/span><\/p>\n<p><span style=\"font-weight: 400;\">Quando parliamo di buggy, parliamo di un veicolo fuoristrada che offre sicurezza e maneggevolezza, consentendo all'utente un maggiore contatto con il terreno e la natura che lo circonda durante la guida. Sentire la brezza, il sole, la pioggia, vedere il paesaggio al proprio fianco in un dispositivo comodo e sicuro, progettato per godersi la pista forestale e il fuoristrada.<\/span><\/p>\n<p><span style=\"font-weight: 400;\">Questa escursione parte da un punto d'incontro che dovrete confermare con i nostri agenti di viaggio o con la vostra guida turistica prima di recarvi in qualsiasi luogo. Una volta incontrata la vostra guida, farete un debriefing del tour e di tutto ci\u00f2 che riguarda la vostra giornata.<\/span><\/p>\n<p><span style=\"font-weight: 400;\">Quando tutti saranno pronti, inizieremo il nostro viaggio verso alcune zone rurali della citt\u00e0 di Jarabacoa, mentre alla guida del vostro buggy le strade dissestate e l'aria di montagna della campagna del centro nord del Paese vi mostreranno la bellezza e la natura attraverso questa avventura.<\/span><\/p>\n<p><span style=\"font-weight: 400;\">Alcune delle localit\u00e0 che visiterete durante questo viaggio sono La Confluencia, dove si incontrano i fiumi Jimenoa e Yaque Del Norte, Cieneguita e Monte Arriba.\u00a0<\/span><\/p>\n<p><span style=\"font-weight: 400;\">Dopo aver pedalato per circa 30 chilometri, ci dirigeremo verso la cascata di Baiguate per un'escursione di 10 minuti e un bagno nelle piscine naturali.\u00a0<\/span><\/p>\n<p><span style=\"font-weight: 400;\">Durante questa parte del viaggio, potrete nuotare per circa 1 ora e fare una pausa per assaggiare la frutta fresca raccolta ogni giorno dai contadini di Jarabacoa. Baiguate ha una cascata alta 82 piedi ed \u00e8 il luogo perfetto per rilassarsi un po' prima di tornare in citt\u00e0.\u00a0\u00a0<\/span><\/p>\n<p><span style=\"font-weight: 400;\">Durante questa parte del viaggio, potrete nuotare per circa 1 ora e fare una pausa per assaggiare la frutta fresca raccolta ogni giorno dai contadini di Jarabacoa. Baiguate ha una cascata alta 82 piedi ed \u00e8 il luogo perfetto per rilassarsi un po' prima di tornare in citt\u00e0.\u00a0\u00a0<\/span><\/p>\n<p><span style=\"font-weight: 400;\">Pi\u00f9 tardi, dopo la cascata di Baiguate, ci dirigeremo verso Ivon's per provare il miglior gelato locale, fatto da un esperto del posto, e cammineremo fino al Parco Centrale di Duarte per l'ultima parte della vostra gita, questo \u00e8 un tour di 6 ore che vi d\u00e0 l'opportunit\u00e0 di sorvegliare Jarabacoa, questa escursione termina nello stesso luogo in cui \u00e8 iniziata.<\/span><\/p>\n<p><span style=\"font-weight: 400;\">Nota: Queste visite sono effettuate con guide ecologiche ufficiali. Si prega di prenotare per tempo perch\u00e9 nel parco non ci sono molti specialisti.<\/span><\/p>\n<h4><em><strong>Cosa portare con s\u00e9?<\/strong><\/em><\/h4>\n<ul>\n<li style=\"font-weight: 400;\"><span style=\"font-weight: 400;\">Macchina fotografica<\/span><\/li>\n<li style=\"font-weight: 400;\"><span style=\"font-weight: 400;\">Boccioli repellenti<\/span><\/li>\n<li style=\"font-weight: 400;\"><span style=\"font-weight: 400;\">Crema solare<\/span><\/li>\n<li style=\"font-weight: 400;\"><span style=\"font-weight: 400;\">Cappello<\/span><\/li>\n<li style=\"font-weight: 400;\"><span style=\"font-weight: 400;\">Pantaloni comodi<\/span><\/li>\n<li style=\"font-weight: 400;\"><span style=\"font-weight: 400;\">Scarpe da trekking per la foresta<\/span><\/li>\n<li style=\"font-weight: 400;\"><span style=\"font-weight: 400;\">Sandali alle aree di primavera.<\/span><\/li>\n<li style=\"font-weight: 400;\"><span style=\"font-weight: 400;\">Abbigliamento per il nuoto<\/span><\/li>\n<\/ul>\n<h4><b><i>Prelievo dall'hotel <\/i><\/b><\/h4>\n<p><span style=\"font-weight: 400;\">Il pick-up in hotel non \u00e8 offerto per questo tour. Il pick up viene organizzato contattandoci via Whatsapp.<\/span><\/p>\n<p><b>Nota:<\/b><span style=\"font-weight: 400;\"> Se la prenotazione avviene entro 24 ore dall'orario di partenza del tour\/escursione, possiamo organizzare il prelievo dall'hotel con un supplemento. Una volta completato l'acquisto, vi invieremo le informazioni di contatto complete (numero di telefono, indirizzo e-mail, ecc.) per la nostra guida turistica locale per organizzare il prelievo.<\/span><\/p>\n<h4><b><i>Informazioni aggiuntive Conferma <\/i><\/b><\/h4>\n<ol>\n<li>I biglietti sono la ricevuta del pagamento del tour. Potete mostrare il pagamento sul vostro telefono.<\/li>\n<li style=\"font-weight: 400;\"><span style=\"font-weight: 400;\">Il punto d'incontro verr\u00e0 ricevuto dopo il processo di prenotazione.<\/span><\/li>\n<li style=\"font-weight: 400;\"><span style=\"font-weight: 400;\">I bambini devono essere accompagnati da un adulto.<\/span><\/li>\n<li style=\"font-weight: 400;\"><span style=\"font-weight: 400;\"> Non accessibile alle sedie a rotelle <\/span><\/li>\n<li style=\"font-weight: 400;\"><span style=\"font-weight: 400;\">I bambini devono stare in braccio <\/span><\/li>\n<li style=\"font-weight: 400;\"><span style=\"font-weight: 400;\">Sconsigliato ai viaggiatori con problemi alla schiena<\/span><\/li>\n<li style=\"font-weight: 400;\"><span style=\"font-weight: 400;\">Non raccomandato per chi viaggia in gravidanza <\/span><\/li>\n<li style=\"font-weight: 400;\"><span style=\"font-weight: 400;\"> Nessun problema cardiaco o altre condizioni mediche gravi <\/span><\/li>\n<li style=\"font-weight: 400;\"><span style=\"font-weight: 400;\">La maggior parte dei viaggiatori pu\u00f2 partecipare<\/span><\/li>\n<\/ol>\n<h4><b><i>Politica di cancellazione<\/i><\/b><\/h4>\n<p>Per un rimborso completo, leggere le nostre politiche di cancellazione.\u00a0<a href=\"https:\/\/ticketswhales.com\/online-booking\/\" target=\"_blank\" rel=\"noopener\" data-saferedirecturl=\"https:\/\/www.google.com\/url?q=https:\/\/ticketswhales.com\/online-booking\/&amp;source=gmail&amp;ust=1672449202351000&amp;usg=AOvVaw1yAeVAPktmaVCqDujgUn90\">Clicca qui<\/a>. I fondi andranno persi se la prenotazione viene annullata il giorno stesso del viaggio.<\/p>\n\n\t\t<\/div>\n\t<\/div>\n<div class=\"vc_btn3-container vc_btn3-inline vc_do_btn\" ><a class=\"vc_general vc_btn3 vc_btn3-size-md vc_btn3-shape-rounded vc_btn3-style-modern vc_btn3-color-green\" href=\"https:\/\/bookingadventures.tours\/booking.php?tour_id=e29316590922029738666cca35b0d5d9\" title=\"\" target=\"_blank\" rel=\"noopener\">PRENOTA ORA<\/a><\/div><\/div>\n\t<\/div> \n<\/div><!--End .row--><\/div><!--End .container--><\/div><div class=\"vc_row wpb_row st bg-holder\"><div class='container'><div class='row'>\n\t<div class=\"wpb_column column_container col-md-12\"><div class=\"vc_column-inner wpb_wrapper\">\n\t\t\t\n\t<div class=\"wpb_video_widget wpb_content_element vc_clearfix   vc_video-aspect-ratio-169 vc_video-el-width-100 vc_video-align-left\" >\n\t\t<div class=\"wpb_wrapper\">\n\t\t\t<h2 class=\"wpb_heading wpb_video_heading\">Video della citt\u00e0 di Jarabacoa:<\/h2>\n\t\t\t<div class=\"wpb_video_wrapper\"><iframe title=\"Jarabacoa | Puro Turismo de Monta\u00f1a\" width=\"500\" height=\"281\" src=\"https:\/\/www.youtube.com\/embed\/FRHfK4RS39A?feature=oembed\" frameborder=\"0\" allow=\"accelerometer; autoplay; clipboard-write; encrypted-media; gyroscope; picture-in-picture; web-share\" referrerpolicy=\"strict-origin-when-cross-origin\" allowfullscreen><\/iframe><\/div>\n\t\t<\/div>\n\t<\/div>\n<\/div>\n\t<\/div> \n<\/div><!--End .row--><\/div><!--End .container--><\/div><div class=\"vc_row wpb_row st bg-holder\"><div class='container'><div class='row'><\/div><!--End .row--><\/div><!--End .container--><\/div>\n\t<div class=\"wpb_column column_container col-md-12\"><div class=\"vc_column-inner wpb_wrapper\">\n\t\t\t<\/div>\n\t<\/div> \n<div class=\"vc_empty_space\"   style=\"height: 32px\"><span class=\"vc_empty_space_inner\"><\/span><\/div><div class=\"vc_row wpb_row st bg-holder\"><div class='container'><div class='row'>\n\t<div class=\"wpb_column column_container col-md-12\"><div class=\"vc_column-inner wpb_wrapper\">\n\t\t\t<div class=\"vc_btn3-container vc_btn3-inline vc_do_btn\" ><a class=\"vc_general vc_btn3 vc_btn3-size-md vc_btn3-shape-rounded vc_btn3-style-modern vc_btn3-color-green\" href=\"https:\/\/bookingadventures.tours\/booking.php?tour_id=e29316590922029738666cca35b0d5d9\" title=\"\" target=\"_blank\" rel=\"noopener\">PRENOTA ORA<\/a><\/div><\/div>\n\t<\/div> \n<\/div><!--End .row--><\/div><!--End .container--><\/div>\n<\/div>","protected":false},"excerpt":{"rendered":"<p>Unitevi a noi e viaggiate con un esperto locale di Jarabacoa per vivere l'esperienza unica di visitare i luoghi migliori della capitale dell'ecoturismo partendo da Jarabacoa, questo tour vi porter\u00e0 a conoscere il bellissimo paesaggio del pi\u00f9 grande ranch di montagna della Repubblica Dominicana. Attraversando le diverse localit\u00e0, sentirete l'aria di montagna e godrete della bellezza della campagna.<\/p>\n<p><strong>Selezionare la data del tour:<\/strong><\/p>","protected":false},"featured_media":13002,"template":"","meta":[],"product_brand":[],"product_cat":[184,185,186,116],"product_tag":[187,188,189,190,191,192,193],"class_list":{"0":"post-12758","1":"product","2":"type-product","3":"status-publish","4":"has-post-thumbnail","6":"product_cat-1-sabana-de-la-mar","7":"product_cat-fees-entrace","8":"product_cat-jarabacoa-buggy","9":"product_cat-tours-and-excursions","10":"product_tag-baiguate-waterfall","11":"product_tag-jarabacoa-buggies","12":"product_tag-jarabacoa-buggy","13":"product_tag-jarabacoa-tour","14":"product_tag-jimenoa-waterfall","15":"product_tag-salto-baiguate","16":"product_tag-salto-jimenoa","18":"first","19":"instock","20":"sale","21":"sold-individually","22":"shipping-taxable","23":"product-type-external"},"_links":{"self":[{"href":"https:\/\/sabanadelamartours.com\/it\/wp-json\/wp\/v2\/product\/12758","targetHints":{"allow":["GET"]}}],"collection":[{"href":"https:\/\/sabanadelamartours.com\/it\/wp-json\/wp\/v2\/product"}],"about":[{"href":"https:\/\/sabanadelamartours.com\/it\/wp-json\/wp\/v2\/types\/product"}],"version-history":[{"count":1,"href":"https:\/\/sabanadelamartours.com\/it\/wp-json\/wp\/v2\/product\/12758\/revisions"}],"predecessor-version":[{"id":18915,"href":"https:\/\/sabanadelamartours.com\/it\/wp-json\/wp\/v2\/product\/12758\/revisions\/18915"}],"wp:featuredmedia":[{"embeddable":true,"href":"https:\/\/sabanadelamartours.com\/it\/wp-json\/wp\/v2\/media\/13002"}],"wp:attachment":[{"href":"https:\/\/sabanadelamartours.com\/it\/wp-json\/wp\/v2\/media?parent=12758"}],"wp:term":[{"taxonomy":"product_brand","embeddable":true,"href":"https:\/\/sabanadelamartours.com\/it\/wp-json\/wp\/v2\/product_brand?post=12758"},{"taxonomy":"product_cat","embeddable":true,"href":"https:\/\/sabanadelamartours.com\/it\/wp-json\/wp\/v2\/product_cat?post=12758"},{"taxonomy":"product_tag","embeddable":true,"href":"https:\/\/sabanadelamartours.com\/it\/wp-json\/wp\/v2\/product_tag?post=12758"}],"curies":[{"name":"wp","href":"https:\/\/api.w.org\/{rel}","templated":true}]}}