{"id":12837,"date":"2025-12-18T11:08:11","date_gmt":"2025-12-18T11:08:11","guid":{"rendered":"https:\/\/sabanadelamartours.com\/?post_type=product&#038;p=12837"},"modified":"2026-02-11T03:52:02","modified_gmt":"2026-02-11T03:52:02","slug":"-171","status":"publish","type":"product","link":"https:\/\/sabanadelamartours.com\/it\/tour\/-171\/","title":{"rendered":"Isola di Saona: Crociera con spiagge e piscine naturali e pranzo"},"content":{"rendered":"<p><strong>Isola di Saona: Crociera con spiagge e piscine naturali e pranzo<\/strong><\/p>\n<p>\u201cScoprite Isla Saona, l'escursione pi\u00f9 ambita della Repubblica Dominicana. Immergetevi nella bellezza di questo paradiso tropicale, dove le palme ondeggiano alla leggera brezza, le sabbie bianche incontaminate si estendono a perdita d'occhio e le acque turchesi e cristalline lambiscono dolcemente la riva.<\/p>\n<p>Questa escursione \u00e8 un vero sogno per gli amanti della natura e offre un'autentica esperienza di avventura. Avrete l'opportunit\u00e0 di esplorare le tre spiagge pi\u00f9 appartate di Saona, ognuna delle quali vanta calde acque turchesi, palme verdi e ampie spiagge di sabbia bianca. Non perdete di vista l'incantevole vita marina, come le stelle marine, le tartarughe marine e i vibranti coralli.<\/p>\n<p>Nell'ambito di questo viaggio indimenticabile, visiteremo anche l'affascinante e vivace villaggio di pescatori di Mano Juan, che offre uno sguardo affascinante sulla ricca storia e cultura dell'isola. Fate un passo indietro nel tempo passeggiando in questo pittoresco villaggio, immergendovi nella sua atmosfera colorata e nel suo stile di vita rilassato\u201d.\u201d<\/p>\n<div class=\"woocommerce-product-details__short-description\">\n<div data-track=\"overview\" data-v-83a2b402=\"\">\n<section id=\"activity-overview\" class=\"activity-overview\" data-component=\"overview\" data-v-83a2b402=\"\" data-v-f3236c42=\"\">\n<p class=\"activity-overview__content\" data-test-id=\"activity-overview-content\" data-v-f3236c42=\"\">Entrate in contatto con la natura sull'isola di Saona durante questa gita in barca da Los Melones. Nuotate nelle acque turchesi, rilassatevi con un cocktail su un'idilliaca spiaggia tropicale e godetevi un pranzo a volont\u00e0.<\/p>\n<\/section>\n<\/div>\n<div data-track=\"key-details\" data-v-83a2b402=\"\"><\/div>\n<\/div>\n<p>&nbsp;<\/p>","protected":false},"excerpt":{"rendered":"<div data-track=\"overview\" data-v-83a2b402=\"\">\n<section id=\"activity-overview\" class=\"activity-overview\" data-component=\"overview\" data-v-83a2b402=\"\" data-v-f3236c42=\"\">\n<p class=\"activity-overview__content\" data-test-id=\"activity-overview-content\" data-v-f3236c42=\"\">Entrate in contatto con la natura sull'isola di Saona durante questa gita in barca da Los Melones. Nuotate nelle acque turchesi, rilassatevi con un cocktail su un'idilliaca spiaggia tropicale e godetevi un pranzo a volont\u00e0.<\/p>\n<\/section>\n<\/div>\n<div data-track=\"key-details\" data-v-83a2b402=\"\"><\/div>","protected":false},"featured_media":13052,"template":"","meta":[],"product_brand":[],"product_cat":[97],"product_tag":[101,102],"class_list":{"0":"post-12837","1":"product","2":"type-product","3":"status-publish","4":"has-post-thumbnail","6":"product_cat-dominican-republic","7":"product_tag-excursion","8":"product_tag-tour","10":"first","11":"instock","12":"shipping-taxable","13":"product-type-external"},"_links":{"self":[{"href":"https:\/\/sabanadelamartours.com\/it\/wp-json\/wp\/v2\/product\/12837","targetHints":{"allow":["GET"]}}],"collection":[{"href":"https:\/\/sabanadelamartours.com\/it\/wp-json\/wp\/v2\/product"}],"about":[{"href":"https:\/\/sabanadelamartours.com\/it\/wp-json\/wp\/v2\/types\/product"}],"version-history":[{"count":1,"href":"https:\/\/sabanadelamartours.com\/it\/wp-json\/wp\/v2\/product\/12837\/revisions"}],"predecessor-version":[{"id":18917,"href":"https:\/\/sabanadelamartours.com\/it\/wp-json\/wp\/v2\/product\/12837\/revisions\/18917"}],"wp:featuredmedia":[{"embeddable":true,"href":"https:\/\/sabanadelamartours.com\/it\/wp-json\/wp\/v2\/media\/13052"}],"wp:attachment":[{"href":"https:\/\/sabanadelamartours.com\/it\/wp-json\/wp\/v2\/media?parent=12837"}],"wp:term":[{"taxonomy":"product_brand","embeddable":true,"href":"https:\/\/sabanadelamartours.com\/it\/wp-json\/wp\/v2\/product_brand?post=12837"},{"taxonomy":"product_cat","embeddable":true,"href":"https:\/\/sabanadelamartours.com\/it\/wp-json\/wp\/v2\/product_cat?post=12837"},{"taxonomy":"product_tag","embeddable":true,"href":"https:\/\/sabanadelamartours.com\/it\/wp-json\/wp\/v2\/product_tag?post=12837"}],"curies":[{"name":"wp","href":"https:\/\/api.w.org\/{rel}","templated":true}]}}