{"id":12838,"date":"2025-12-18T11:08:11","date_gmt":"2025-12-18T11:08:11","guid":{"rendered":"https:\/\/sabanadelamartours.com\/?post_type=product&#038;p=12838"},"modified":"2026-02-11T03:48:12","modified_gmt":"2026-02-11T03:48:12","slug":"-172","status":"publish","type":"product","link":"https:\/\/sabanadelamartours.com\/it\/tour\/-172\/","title":{"rendered":"Punta Cana: Nuotare con i delfini in piscina"},"content":{"rendered":"<p><strong>Punta Cana: Nuotare con i delfini in piscina<\/strong><\/p>\n<p>Interagite con i nostri delfini in un ambiente confortevole e sicuro, perfetto per le famiglie con bambini. Approfittate di questa esperienza unica in cui potrete interagire e accarezzare i delfini in un piccolo gruppo di non pi\u00f9 di sei persone. Il nostro esperto di delfini condurr\u00e0 il programma, guidandovi attraverso varie attivit\u00e0 e condividendo informazioni approfondite su queste creature intelligenti e amichevoli.<\/p>\n<p>Si prega di notare che \u00e8 necessario selezionare il programma preferito dall'elenco di pi\u00f9 di tre opzioni disponibili.<\/p>\n<p>A Punta Cana, non perdete l'occasione di fare un'emozionante e istruttiva nuotata con i delfini. Osservate da vicino la vita di questi bellissimi e intelligenti animali marini.<\/p>\n<div class=\"woocommerce-product-details__short-description\">\n<div data-track=\"key-details\" data-v-83a2b402=\"\"><\/div>\n<\/div>","protected":false},"excerpt":{"rendered":"<div data-track=\"overview\" data-v-83a2b402=\"\">\n<section id=\"activity-overview\" class=\"activity-overview\" data-component=\"overview\" data-v-83a2b402=\"\" data-v-f3236c42=\"\">\n<p class=\"activity-overview__content\" data-test-id=\"activity-overview-content\" data-v-f3236c42=\"\">Durante il vostro soggiorno a Punta Cana, godetevi un'emozionante e istruttiva nuotata con i delfini. Osservate da vicino la vita di questi bellissimi e intelligenti animali marini.<\/p>\n<\/section>\n<\/div>\n<div data-track=\"key-details\" data-v-83a2b402=\"\"><\/div>","protected":false},"featured_media":13063,"template":"","meta":[],"product_brand":[],"product_cat":[97],"product_tag":[101,102],"class_list":{"0":"post-12838","1":"product","2":"type-product","3":"status-publish","4":"has-post-thumbnail","6":"product_cat-dominican-republic","7":"product_tag-excursion","8":"product_tag-tour","10":"first","11":"instock","12":"shipping-taxable","13":"product-type-external"},"_links":{"self":[{"href":"https:\/\/sabanadelamartours.com\/it\/wp-json\/wp\/v2\/product\/12838","targetHints":{"allow":["GET"]}}],"collection":[{"href":"https:\/\/sabanadelamartours.com\/it\/wp-json\/wp\/v2\/product"}],"about":[{"href":"https:\/\/sabanadelamartours.com\/it\/wp-json\/wp\/v2\/types\/product"}],"version-history":[{"count":2,"href":"https:\/\/sabanadelamartours.com\/it\/wp-json\/wp\/v2\/product\/12838\/revisions"}],"predecessor-version":[{"id":18912,"href":"https:\/\/sabanadelamartours.com\/it\/wp-json\/wp\/v2\/product\/12838\/revisions\/18912"}],"wp:featuredmedia":[{"embeddable":true,"href":"https:\/\/sabanadelamartours.com\/it\/wp-json\/wp\/v2\/media\/13063"}],"wp:attachment":[{"href":"https:\/\/sabanadelamartours.com\/it\/wp-json\/wp\/v2\/media?parent=12838"}],"wp:term":[{"taxonomy":"product_brand","embeddable":true,"href":"https:\/\/sabanadelamartours.com\/it\/wp-json\/wp\/v2\/product_brand?post=12838"},{"taxonomy":"product_cat","embeddable":true,"href":"https:\/\/sabanadelamartours.com\/it\/wp-json\/wp\/v2\/product_cat?post=12838"},{"taxonomy":"product_tag","embeddable":true,"href":"https:\/\/sabanadelamartours.com\/it\/wp-json\/wp\/v2\/product_tag?post=12838"}],"curies":[{"name":"wp","href":"https:\/\/api.w.org\/{rel}","templated":true}]}}