{"id":13062,"date":"2025-12-18T11:17:42","date_gmt":"2025-12-18T11:17:42","guid":{"rendered":"https:\/\/sabanadelamartours.com\/?post_type=product&#038;p=13062"},"modified":"2026-02-11T04:37:19","modified_gmt":"2026-02-11T04:37:19","slug":"-195","status":"publish","type":"product","link":"https:\/\/sabanadelamartours.com\/it\/tour\/-195\/","title":{"rendered":"Avventura a cavallo di 2 ore sulla spiaggia, nella giungla e nel fiume"},"content":{"rendered":"<p>*Cavalcata nella giungla e sulla spiaggia di Macao<\/p>\n<p>Immaginate un'avventura in cui la natura vibrante e l'aria fresca vi circondano mentre esplorate paesaggi spettacolari in groppa a un maestoso cavallo. Questa cavalcata vi condurr\u00e0 attraverso due scenari straordinari: la lussureggiante giungla tropicale e le serene spiagge di Macao.<\/p>\n<p>*Inizio della corsa: *.<\/p>\n<p>La vostra avventura inizia in un pittoresco ranch situato in periferia, dove vi verr\u00e0 presentato il vostro cavallo, accuratamente selezionato per il vostro livello di esperienza. Guide locali esperte e competenti vi daranno una breve introduzione al percorso e alcune istruzioni di base per l'equitazione.<\/p>\n<p>*Avventura della giungla.<\/p>\n<p>All'inizio del viaggio, entrerete rapidamente nella fitta foresta pluviale, un paradiso in cui la biodiversit\u00e0 si dispiega davanti ai vostri occhi. I sentieri tortuosi vi condurranno attraverso una vegetazione lussureggiante e alberi imponenti, che ospitano uccelli esotici e diverse specie di animali selvatici. Sentirete la freschezza dell'aria, il cinguettio degli uccelli e i suoni sottili della fauna selvatica. Le guide vi racconteranno storie affascinanti sulla flora e la fauna locali, nonch\u00e9 sulla cultura e le tradizioni della regione.<\/p>\n<p>*Verso la spiaggia di Macao:*.<\/p>\n<p>Man mano che si avanza, si scende verso la costa, dove l'orizzonte si apre in una visione di sabbia bianca e acque turchesi. Il passaggio dalla giungla alla spiaggia \u00e8 un'esperienza magica: l'aria diventa salata e il suono delle onde che si infrangono sulla riva riempie l'atmosfera. Arrivare a Macao Beach \u00e8 un vero piacere per i sensi; \u00e8 una spiaggia incontaminata nota per la sua bellezza naturale e l'atmosfera tranquilla.<\/p>\n<p>*Momento di relax<\/p>\n<p>Qui avrete l'opportunit\u00e0 di disarcionare il vostro cavallo e lasciarlo riposare mentre vi godete un po' di tempo libero sulla spiaggia. Potrete camminare a piedi nudi sulla sabbia soffice, nuotare nelle calde acque caraibiche o semplicemente rilassarvi sotto il sole tropicale. Alcune passeggiate includono anche un pranzo leggero o un picnic sulla spiaggia, che aggiunge un tocco speciale a questa esperienza indimenticabile.<\/p>\n<p>*Ritorno al Ranch.<\/p>\n<p>Dopo il riposo e il relax, vi preparerete per il viaggio di ritorno. L'ultima parte del viaggio vi permetter\u00e0 di riflettere sulla magnifica giornata che avete vissuto, attraverso paesaggi che iniziano gi\u00e0 ad avvolgervi nel caldo bagliore del tramonto o della giornata di sole.<\/p>\n<div class=\"toggle-content__content toggle-content__content--expanded toggle-content__content--packable\" data-v-59485d64=\"\">\n<div data-test-id=\"activity-full-description-text\" data-v-5835c99c=\"\">Questa passeggiata a cavallo \u00e8 una combinazione perfetta di avventura, esplorazione e serenit\u00e0, che offre un legame unico con la natura e l'opportunit\u00e0 di scoprire la bellezza mozzafiato della giungla e delle spiagge di Macao.<\/div>\n<\/div>\n<div class=\"toggle-content__label-placeholder\" data-v-59485d64=\"\"><\/div>","protected":false},"excerpt":{"rendered":"<div data-track=\"overview\" data-v-83a2b402=\"\">\n<section id=\"activity-overview\" class=\"activity-overview\" data-component=\"overview\" data-v-83a2b402=\"\" data-v-f3236c42=\"\">\n<p class=\"activity-overview__content\" data-test-id=\"activity-overview-content\" data-v-f3236c42=\"\">Percorrete le scintillanti rive della spiaggia di Macao a cavallo durante un tour guidato con trasferimenti di andata e ritorno da Punta Cana. Immergetevi nella natura e scoprite un fiume pittoresco.<\/p>\n<\/section>\n<\/div>\n<div data-track=\"key-details\" data-v-83a2b402=\"\"><\/div>","protected":false},"featured_media":13286,"template":"","meta":[],"product_brand":[],"product_cat":[97],"product_tag":[101,102],"class_list":{"0":"post-13062","1":"product","2":"type-product","3":"status-publish","4":"has-post-thumbnail","6":"product_cat-dominican-republic","7":"product_tag-excursion","8":"product_tag-tour","10":"first","11":"instock","12":"shipping-taxable","13":"product-type-external"},"_links":{"self":[{"href":"https:\/\/sabanadelamartours.com\/it\/wp-json\/wp\/v2\/product\/13062","targetHints":{"allow":["GET"]}}],"collection":[{"href":"https:\/\/sabanadelamartours.com\/it\/wp-json\/wp\/v2\/product"}],"about":[{"href":"https:\/\/sabanadelamartours.com\/it\/wp-json\/wp\/v2\/types\/product"}],"version-history":[{"count":1,"href":"https:\/\/sabanadelamartours.com\/it\/wp-json\/wp\/v2\/product\/13062\/revisions"}],"predecessor-version":[{"id":18932,"href":"https:\/\/sabanadelamartours.com\/it\/wp-json\/wp\/v2\/product\/13062\/revisions\/18932"}],"wp:featuredmedia":[{"embeddable":true,"href":"https:\/\/sabanadelamartours.com\/it\/wp-json\/wp\/v2\/media\/13286"}],"wp:attachment":[{"href":"https:\/\/sabanadelamartours.com\/it\/wp-json\/wp\/v2\/media?parent=13062"}],"wp:term":[{"taxonomy":"product_brand","embeddable":true,"href":"https:\/\/sabanadelamartours.com\/it\/wp-json\/wp\/v2\/product_brand?post=13062"},{"taxonomy":"product_cat","embeddable":true,"href":"https:\/\/sabanadelamartours.com\/it\/wp-json\/wp\/v2\/product_cat?post=13062"},{"taxonomy":"product_tag","embeddable":true,"href":"https:\/\/sabanadelamartours.com\/it\/wp-json\/wp\/v2\/product_tag?post=13062"}],"curies":[{"name":"wp","href":"https:\/\/api.w.org\/{rel}","templated":true}]}}