{"id":13389,"date":"2025-12-18T11:31:20","date_gmt":"2025-12-18T11:31:20","guid":{"rendered":"https:\/\/sabanadelamartours.com\/?post_type=product&#038;p=13389"},"modified":"2026-02-10T02:55:01","modified_gmt":"2026-02-10T02:55:01","slug":"-234","status":"publish","type":"product","link":"https:\/\/sabanadelamartours.com\/it\/tour\/-234\/","title":{"rendered":"Il tour ufficiale del divertimento notturno di Sos\u00faa"},"content":{"rendered":"<p>Panoramica del tour<\/p>\n<p>Scoprite la vivace vita notturna di Sosua, nella Repubblica Dominicana, con il nostro esclusivo Nightlife Entertainment Tour. Questo tour \u00e8 pensato per coloro che vogliono sperimentare la vivace, energica e colorata vita notturna per cui Sosua \u00e8 famosa. Dai vivaci bar e discoteche alla moda ai locali di musica dal vivo e ai punti di ritrovo locali, questo tour promette una notte indimenticabile.<\/p>\n<p>Punti salienti del tour<\/p>\n<p>Bar e saloni locali: Iniziate la vostra serata visitando alcuni dei migliori bar e lounge locali. Gustate una variet\u00e0 di bevande, dai cocktail classici ai preferiti locali, mentre vi mescolate con la gente del posto e con i vostri compagni di viaggio.<\/p>\n<p>Locali notturni: Ballate tutta la notte nei migliori locali notturni di Sosua. Con ottima musica, folla energica e un'atmosfera vibrante, vivrete il meglio della vita notturna di Sosua.<\/p>\n<p>Luoghi di musica dal vivo: Godetevi le esibizioni dal vivo di band e artisti locali. Dal reggae alla salsa, dal merengue alla bachata, la scena musicale dal vivo di Sosua \u00e8 varia ed elettrizzante.<\/p>\n<p>Esperienze culturali: Assaporate la cultura dominicana con soste in luoghi che offrono spettacoli di musica e danza tradizionale.<\/p>\n<p>Cucina locale: Assaporate i sapori della Repubblica Dominicana con una sosta in un ristorante locale. Assaggiate il delizioso cibo di strada o uno spuntino notturno per mantenere le energie per la notte che vi attende.<\/p>\n<p>Esperienza sicura e guidata: Le nostre guide esperte vi garantiranno una notte sicura e divertente, fornendovi informazioni sui luoghi migliori e assicurandovi di sfruttare al meglio il vostro tempo a Sosua.<\/p>","protected":false},"excerpt":{"rendered":"<div data-track=\"overview\" data-v-83a2b402=\"\">\n<section id=\"activity-overview\" class=\"activity-overview\" data-component=\"overview\" data-v-83a2b402=\"\" data-v-f3236c42=\"\">\n<p class=\"activity-overview__content\" data-test-id=\"activity-overview-content\" data-v-f3236c42=\"\">Tutto ci\u00f2 che avete sentito dire sul quartiere dei divertimenti di Sosua e delle cabaret \u00e8 vero! Questo \u00e8 per i gruppi che si recano a Sosua per la prima volta.<\/p>\n<\/section>\n<\/div>\n<div data-track=\"key-details\" data-v-83a2b402=\"\"><\/div>","protected":false},"featured_media":12457,"template":"","meta":[],"product_brand":[],"product_cat":[97],"product_tag":[101,102],"class_list":{"0":"post-13389","1":"product","2":"type-product","3":"status-publish","4":"has-post-thumbnail","6":"product_cat-dominican-republic","7":"product_tag-excursion","8":"product_tag-tour","10":"first","11":"instock","12":"shipping-taxable","13":"product-type-external"},"_links":{"self":[{"href":"https:\/\/sabanadelamartours.com\/it\/wp-json\/wp\/v2\/product\/13389","targetHints":{"allow":["GET"]}}],"collection":[{"href":"https:\/\/sabanadelamartours.com\/it\/wp-json\/wp\/v2\/product"}],"about":[{"href":"https:\/\/sabanadelamartours.com\/it\/wp-json\/wp\/v2\/types\/product"}],"version-history":[{"count":1,"href":"https:\/\/sabanadelamartours.com\/it\/wp-json\/wp\/v2\/product\/13389\/revisions"}],"predecessor-version":[{"id":18879,"href":"https:\/\/sabanadelamartours.com\/it\/wp-json\/wp\/v2\/product\/13389\/revisions\/18879"}],"wp:featuredmedia":[{"embeddable":true,"href":"https:\/\/sabanadelamartours.com\/it\/wp-json\/wp\/v2\/media\/12457"}],"wp:attachment":[{"href":"https:\/\/sabanadelamartours.com\/it\/wp-json\/wp\/v2\/media?parent=13389"}],"wp:term":[{"taxonomy":"product_brand","embeddable":true,"href":"https:\/\/sabanadelamartours.com\/it\/wp-json\/wp\/v2\/product_brand?post=13389"},{"taxonomy":"product_cat","embeddable":true,"href":"https:\/\/sabanadelamartours.com\/it\/wp-json\/wp\/v2\/product_cat?post=13389"},{"taxonomy":"product_tag","embeddable":true,"href":"https:\/\/sabanadelamartours.com\/it\/wp-json\/wp\/v2\/product_tag?post=13389"}],"curies":[{"name":"wp","href":"https:\/\/api.w.org\/{rel}","templated":true}]}}