{"id":13409,"date":"2025-12-18T11:32:19","date_gmt":"2025-12-18T11:32:19","guid":{"rendered":"https:\/\/sabanadelamartours.com\/?post_type=product&#038;p=13409"},"modified":"2026-01-07T10:55:22","modified_gmt":"2026-01-07T10:55:22","slug":"-237","status":"publish","type":"product","link":"https:\/\/sabanadelamartours.com\/it\/tour\/-237\/","title":{"rendered":"Bayahibe: Tour in buggy di mezza giornata"},"content":{"rendered":"<p>Primo turno: 8:00 - 12:00<\/p>\n<p>Prelievo alle 8:00: Iniziate la vostra giornata con l'emozione di un tour alla scoperta dei buggy a Bayahibe, venendo prelevati per questa esperienza unica.<\/p>\n<p>Bateyes e canna da zucchero: Esplorate i bateyes, scoprite la vita dei lavoratori haitiani e fate una sosta per assaggiare l'autentica canna da zucchero e un rinfresco. Immergetevi nella cultura mentre esplorate questo ambiente affascinante. Fiume Chav\u00f3n: Sentite l'adrenalina mentre vi avventurate nelle acque del fiume Chav\u00f3n.<\/p>\n<p>Fiume Chav\u00f3n. Godetevi una nuotata rivitalizzante e partecipate alle attivit\u00e0 acquatiche che vi metteranno ancora pi\u00f9 in contatto con la natura.<\/p>\n<p>Ranch e degustazione: Recatevi al ranch per una pausa culturale e culinaria. Assaggiate un piatto di frutta fresca, caff\u00e8 e cioccolato mentre esplorate le piante di caff\u00e8, cacao e altri frutti tropicali. Scoprite la magia della produzione locale.<\/p>\n<p>Ritorno alle 12:00: Dopo una mattinata di scoperte, si ritorna al punto di partenza alle 12:00.<\/p>\n<p>Secondo turno: 14:00 - 17:30<\/p>\n<p>Ritiro alle 14:00: Preparatevi a un pomeriggio pieno di esplorazioni e avventure in buggy.<\/p>\n<p>Bateyes e canna da zucchero: Rivivete l'esperienza dei bateyes, approfondendo la vita e la cultura dei lavoratori haitiani.<\/p>\n<p>Fiume Chav\u00f3n: Esplorate nuovamente le acque del fiume Chav\u00f3n, immergendovi nella bellezza naturale e nell'emozione delle attivit\u00e0 acquatiche. Ranch e degustazione: Tornate al ranch per un'altra sessione di scoperta culturale e culinaria. Esplorate il caff\u00e8, il cacao e altre delizie locali assaggiando nuovi prodotti.<\/p>\n<p>Ritorno alle 17:30: Concludiamo il tour al tramonto, tornando alla vostra sede alle 17:30.<\/p>","protected":false},"excerpt":{"rendered":"<div data-track=\"overview\" data-v-83a2b402=\"\">\n<section id=\"activity-overview\" class=\"activity-overview\" data-component=\"overview\" data-v-83a2b402=\"\" data-v-f3236c42=\"\">\n<p class=\"activity-overview__content\" data-test-id=\"activity-overview-content\" data-v-f3236c42=\"\">Partite per un emozionante tour in buggy a Bayahibe. Esplorate i bateyes, assaggiate la canna da zucchero, fate un tuffo nel fiume Chav\u00f3n e una degustazione di frutta al ranch. disponibile: dalle 8:00 alle 12:00 e dalle 14:00 alle 17:30.<\/p>\n<\/section>\n<\/div>\n<div data-track=\"key-details\" data-v-83a2b402=\"\"><\/div>","protected":false},"featured_media":13633,"template":"","meta":[],"product_brand":[],"product_cat":[97],"product_tag":[101,102],"class_list":{"0":"post-13409","1":"product","2":"type-product","3":"status-publish","4":"has-post-thumbnail","6":"product_cat-dominican-republic","7":"product_tag-excursion","8":"product_tag-tour","10":"first","11":"instock","12":"shipping-taxable","13":"product-type-external"},"_links":{"self":[{"href":"https:\/\/sabanadelamartours.com\/it\/wp-json\/wp\/v2\/product\/13409","targetHints":{"allow":["GET"]}}],"collection":[{"href":"https:\/\/sabanadelamartours.com\/it\/wp-json\/wp\/v2\/product"}],"about":[{"href":"https:\/\/sabanadelamartours.com\/it\/wp-json\/wp\/v2\/types\/product"}],"version-history":[{"count":1,"href":"https:\/\/sabanadelamartours.com\/it\/wp-json\/wp\/v2\/product\/13409\/revisions"}],"predecessor-version":[{"id":18598,"href":"https:\/\/sabanadelamartours.com\/it\/wp-json\/wp\/v2\/product\/13409\/revisions\/18598"}],"wp:featuredmedia":[{"embeddable":true,"href":"https:\/\/sabanadelamartours.com\/it\/wp-json\/wp\/v2\/media\/13633"}],"wp:attachment":[{"href":"https:\/\/sabanadelamartours.com\/it\/wp-json\/wp\/v2\/media?parent=13409"}],"wp:term":[{"taxonomy":"product_brand","embeddable":true,"href":"https:\/\/sabanadelamartours.com\/it\/wp-json\/wp\/v2\/product_brand?post=13409"},{"taxonomy":"product_cat","embeddable":true,"href":"https:\/\/sabanadelamartours.com\/it\/wp-json\/wp\/v2\/product_cat?post=13409"},{"taxonomy":"product_tag","embeddable":true,"href":"https:\/\/sabanadelamartours.com\/it\/wp-json\/wp\/v2\/product_tag?post=13409"}],"curies":[{"name":"wp","href":"https:\/\/api.w.org\/{rel}","templated":true}]}}