{"id":13597,"date":"2025-12-18T11:39:40","date_gmt":"2025-12-18T11:39:40","guid":{"rendered":"https:\/\/sabanadelamartours.com\/?post_type=product&#038;p=13597"},"modified":"2026-01-07T11:12:56","modified_gmt":"2026-01-07T11:12:56","slug":"biglietti-per-il-mondo-oceanico-di-puerto-plata","status":"publish","type":"product","link":"https:\/\/sabanadelamartours.com\/it\/tour\/biglietti-per-il-mondo-oceanico-di-puerto-plata\/","title":{"rendered":"Puerto Plata Ocean World Biglietti"},"content":{"rendered":"<p>Trascorrete la giornata nel delizioso Ocean World Adventure Park sulla spiaggia di Cofresi, appena fuori Puerto Plata. Il trasporto di andata e ritorno viene fornito dagli hotel vicini e ci sar\u00e0 molto tempo per rilassarsi, ma il punto forte dell'escursione \u00e8 l'opportunit\u00e0 di giocare con i leoni marini della Patagonia.<\/p>\n<p>Conosciute come i clown del mare, queste adorabili creature possono essere viste da vicino durante un incontro di 30 minuti. Le loro abitudini e il loro habitat verranno illustrati nel corso di una lezione pre-nuoto.<\/p>\n<p>Potrete poi toccare, nutrire, accarezzare e giocare con loro seduti a bordo della vasca di interazione. Osservate con stupore le loro esilaranti acrobazie.<\/p>\n<p>Ocean World \u00e8 il complesso di intrattenimento pi\u00f9 completo del suo genere nella Repubblica Dominicana e vanta la pi\u00f9 grande laguna artificiale di delfini del mondo.<\/p>\n<p>Passeggiando per il complesso si scopre un ricco mondo di vita marina e animale e si apprezza l'attenzione all'interazione uomo-animale.<\/p>\n<p>Fate snorkeling nell'acquario della barriera corallina tropicale, ricco di pesci colorati. Ammirate i pesci palla, i pesci angelo e i pesci farfalla, mentre i grugnitori e i pesci di guardia nuotano davanti a voi.<\/p>\n<p>Poi potrete recarvi alla Foresta pluviale tropicale, un'oasi esotica completa di cascate, lagune e spiagge sabbiose. L'ingresso al complesso Ocean World comprende l'accesso al Dolphin Show, allo Shark Show e al Tropical Bird Show.<\/p>\n<p>Quando sarete pronti per un po' di tempo libero, potrete accedere alla Dolphin Beach, dove avrete a disposizione comode sedie a sdraio. Il pranzo \u00e8 incluso.<\/p>\n<div class=\"toggle-content__content toggle-content__content--expanded toggle-content__content--packable\" data-v-59485d64=\"\">\n<div data-test-id=\"activity-full-description-text\" data-v-5835c99c=\"\">Il tour \u00e8 divertente per tutta la famiglia e, dopo una giornata di risate e giochi con alcune delle creature pi\u00f9 deliziose del pianeta, il sorriso non mancher\u00e0 di certo.<\/div>\n<\/div>\n<div class=\"toggle-content__label-placeholder\" data-v-59485d64=\"\"><\/div>","protected":false},"excerpt":{"rendered":"<div data-track=\"overview\" data-v-83a2b402=\"\">\n<section id=\"activity-overview\" class=\"activity-overview\" data-component=\"overview\" data-v-83a2b402=\"\" data-v-f3236c42=\"\">\n<p class=\"activity-overview__content\" data-test-id=\"activity-overview-content\" data-v-f3236c42=\"\">Avrete a disposizione un'intera giornata per esplorare le numerose delizie e le incantevoli creature del complesso, oltre al tempo per rilassarvi sulla spiaggia.<\/p>\n<\/section>\n<\/div>\n<div data-track=\"key-details\" data-v-83a2b402=\"\"><\/div>","protected":false},"featured_media":13892,"template":"","meta":[],"product_brand":[],"product_cat":[97],"product_tag":[101,102],"class_list":{"0":"post-13597","1":"product","2":"type-product","3":"status-publish","4":"has-post-thumbnail","6":"product_cat-dominican-republic","7":"product_tag-excursion","8":"product_tag-tour","10":"first","11":"instock","12":"shipping-taxable","13":"product-type-external"},"_links":{"self":[{"href":"https:\/\/sabanadelamartours.com\/it\/wp-json\/wp\/v2\/product\/13597","targetHints":{"allow":["GET"]}}],"collection":[{"href":"https:\/\/sabanadelamartours.com\/it\/wp-json\/wp\/v2\/product"}],"about":[{"href":"https:\/\/sabanadelamartours.com\/it\/wp-json\/wp\/v2\/types\/product"}],"version-history":[{"count":1,"href":"https:\/\/sabanadelamartours.com\/it\/wp-json\/wp\/v2\/product\/13597\/revisions"}],"predecessor-version":[{"id":18608,"href":"https:\/\/sabanadelamartours.com\/it\/wp-json\/wp\/v2\/product\/13597\/revisions\/18608"}],"wp:featuredmedia":[{"embeddable":true,"href":"https:\/\/sabanadelamartours.com\/it\/wp-json\/wp\/v2\/media\/13892"}],"wp:attachment":[{"href":"https:\/\/sabanadelamartours.com\/it\/wp-json\/wp\/v2\/media?parent=13597"}],"wp:term":[{"taxonomy":"product_brand","embeddable":true,"href":"https:\/\/sabanadelamartours.com\/it\/wp-json\/wp\/v2\/product_brand?post=13597"},{"taxonomy":"product_cat","embeddable":true,"href":"https:\/\/sabanadelamartours.com\/it\/wp-json\/wp\/v2\/product_cat?post=13597"},{"taxonomy":"product_tag","embeddable":true,"href":"https:\/\/sabanadelamartours.com\/it\/wp-json\/wp\/v2\/product_tag?post=13597"}],"curies":[{"name":"wp","href":"https:\/\/api.w.org\/{rel}","templated":true}]}}