{"id":13614,"date":"2025-12-18T11:40:17","date_gmt":"2025-12-18T11:40:17","guid":{"rendered":"https:\/\/sabanadelamartours.com\/?post_type=product&#038;p=13614"},"modified":"2026-02-11T11:02:57","modified_gmt":"2026-02-11T11:02:57","slug":"escursione-citta-coloniale-faro-del-colon-e-parco-dei-3-occhi","status":"publish","type":"product","link":"https:\/\/sabanadelamartours.com\/it\/tour\/escursione-citta-coloniale-faro-del-colon-e-parco-dei-3-occhi\/","title":{"rendered":"Escursione: Citt\u00e0 coloniale, Faro di Col\u00f3n e Parco dei 3 occhi"},"content":{"rendered":"<p>In questa esperienza, percorreremo a fondo ogni punto emblematico della zona turistica di Santo Domingo, fornendo informazioni dettagliate e prendendoci il tempo necessario per farlo.<\/p>\n<p>SFILATA NEL PARCO DI COLON:<\/p>\n<p>Inizieremo il nostro viaggio nel Parco Col\u00f3n, che \u00e8 l'epicentro della citt\u00e0 coloniale e funge da spazio ricreativo centrale. Qui si trova una ricca concentrazione di monumenti notevoli, come la Cattedrale Primada d'America, il Primo Consiglio Comunale di Santo Domingo, la pittoresca via El Conde, famosi ristoranti, negozi e molte altre attrazioni. Nel cuore di questo parco si trova la statua di Cristoforo Colombo, eretta nel 1887 dal talentuoso scultore francese Ernesto Gilbert.<\/p>\n<p>Sfilata nella Cattedrale Primada de Am\u00e9rica:<\/p>\n<p>Questa cattedrale e basilica minore, situata nella citt\u00e0 coloniale di Santo Domingo, Repubblica Dominicana, \u00e8 consacrata a Santa Mar\u00eda de la Encarnaci\u00f3n, nota anche come Annunciazione. Ufficialmente prende il nome di Santa Chiesa Cattedrale Basilica Metropolitana di Nostra Signora Santa Mar\u00eda de la Encarnaci\u00f3n o Annunciazione. Si trova all'incrocio tra le vie Arcivescovado Meri\u00f1o e Isabela la Cat\u00f3lica, vicino al Parco Col\u00f3n, con l'ingresso principale orientato a ovest, di fronte alla via Arcivescovado Meri\u00f1o, vicino all'angolo con l'Arcivescovado Nouel.<\/p>\n<p>Parada in Panteon Nacional:<\/p>\n<p>Il Pantheon Nazionale \u00e8 un luogo dedicato ad essere un mausoleo in cui sono conservati i resti mortali di figure di spicco della storia della Repubblica Dominicana. Questo recinto ha circa 36 spazi vuoti destinati a ospitare i resti dei futuri eroi nazionali. Inoltre, comprende uno spazio senza targa specifica in onore del milite ignoto.<\/p>\n<p>Fermata al Museo delle Case Reali:<\/p>\n<p>Il Museo delle Case Reali, precedentemente noto come Palazzi Reali all'epoca del Capitanato Generale e della Provincia, ha sede in due palazzi del XVI secolo. Fu costruito per ordine della Corona di Castiglia, sotto il regno di Fernando II d'Aragona.<\/p>\n<p>Fermata ad Alcazar de Colon:<\/p>\n<p>L'Alc\u00e1zar de Col\u00f3n fu eretto tra il 1511 e il 1514, ispirandosi al progetto di un castello gi\u00e0 esistente a Mancera de Abajo, Salamanca (Spagna), di cui rimangono ancora delle rovine.<\/p>\n<p>Sosta al faro per la colonnina:<\/p>\n<p>Questo monumento \u00e8 a forma di croce, che simboleggia la cristianizzazione delle Americhe, e ha dimensioni approssimative di 800 metri di lunghezza per 36,5 metri di altezza. \u00c8 stato affermato che in questo luogo si trovano i resti dell'ammiraglio Cristoforo Colombo, anche se le analisi genetiche hanno dimostrato che questa affermazione non \u00e8 corretta, poich\u00e9 i resti di Colombo si trovano nella Cattedrale di Siviglia.<\/p>\n<p>Sosta nel Parco Nazionale Los Tres Eyes:<\/p>\n<div class=\"toggle-content__content toggle-content__content--expanded toggle-content__content--packable\" data-v-59485d64=\"\">\n<div data-test-id=\"activity-full-description-text\" data-v-5835c99c=\"\">Questo Parco Nazionale custodisce uno dei segreti naturali pi\u00f9 salvati della citt\u00e0, che comprende quattro diversi laghi: Il lago di zolfo, il frigorifero, le signore e i salaramagullones.<\/div>\n<\/div>\n<div class=\"toggle-content__label-placeholder\" data-v-59485d64=\"\"><\/div>","protected":false},"excerpt":{"rendered":"<div data-track=\"overview\" data-v-83a2b402=\"\">\n<section id=\"activity-overview\" class=\"activity-overview\" data-component=\"overview\" data-v-83a2b402=\"\" data-v-f3236c42=\"\">\n<p class=\"activity-overview__content\" data-test-id=\"activity-overview-content\" data-v-f3236c42=\"\">Entrate nella ricchezza culturale e storica di Santo Domingo con questo tour di mezza giornata della capitale. Accompagnate la vostra guida mentre esplorate i monumenti pi\u00f9 importanti della citt\u00e0 coloniale.<\/p>\n<\/section>\n<\/div>\n<div data-track=\"key-details\" data-v-83a2b402=\"\"><\/div>","protected":false},"featured_media":13895,"template":"","meta":[],"product_brand":[],"product_cat":[97],"product_tag":[101,102],"class_list":{"0":"post-13614","1":"product","2":"type-product","3":"status-publish","4":"has-post-thumbnail","6":"product_cat-dominican-republic","7":"product_tag-excursion","8":"product_tag-tour","10":"first","11":"instock","12":"shipping-taxable","13":"product-type-external"},"_links":{"self":[{"href":"https:\/\/sabanadelamartours.com\/it\/wp-json\/wp\/v2\/product\/13614","targetHints":{"allow":["GET"]}}],"collection":[{"href":"https:\/\/sabanadelamartours.com\/it\/wp-json\/wp\/v2\/product"}],"about":[{"href":"https:\/\/sabanadelamartours.com\/it\/wp-json\/wp\/v2\/types\/product"}],"version-history":[{"count":2,"href":"https:\/\/sabanadelamartours.com\/it\/wp-json\/wp\/v2\/product\/13614\/revisions"}],"predecessor-version":[{"id":18975,"href":"https:\/\/sabanadelamartours.com\/it\/wp-json\/wp\/v2\/product\/13614\/revisions\/18975"}],"wp:featuredmedia":[{"embeddable":true,"href":"https:\/\/sabanadelamartours.com\/it\/wp-json\/wp\/v2\/media\/13895"}],"wp:attachment":[{"href":"https:\/\/sabanadelamartours.com\/it\/wp-json\/wp\/v2\/media?parent=13614"}],"wp:term":[{"taxonomy":"product_brand","embeddable":true,"href":"https:\/\/sabanadelamartours.com\/it\/wp-json\/wp\/v2\/product_brand?post=13614"},{"taxonomy":"product_cat","embeddable":true,"href":"https:\/\/sabanadelamartours.com\/it\/wp-json\/wp\/v2\/product_cat?post=13614"},{"taxonomy":"product_tag","embeddable":true,"href":"https:\/\/sabanadelamartours.com\/it\/wp-json\/wp\/v2\/product_tag?post=13614"}],"curies":[{"name":"wp","href":"https:\/\/api.w.org\/{rel}","templated":true}]}}