{"id":13615,"date":"2025-12-18T11:40:17","date_gmt":"2025-12-18T11:40:17","guid":{"rendered":"https:\/\/sabanadelamartours.com\/?post_type=product&#038;p=13615"},"modified":"2026-01-07T11:58:27","modified_gmt":"2026-01-07T11:58:27","slug":"tour-privato-in-atv-della-pista-del-caffe-di-las-terrenas-a-samana","status":"publish","type":"product","link":"https:\/\/sabanadelamartours.com\/it\/tour\/tour-privato-in-atv-della-pista-del-caffe-di-las-terrenas-a-samana\/","title":{"rendered":"Las Terrenas: Tour privato in ATV sulla via del caff\u00e8 a Saman\u00e0"},"content":{"rendered":"<p>Il tour vi porter\u00e0 attraverso strade di campagna costeggiate da campi di cacao e caff\u00e8, viste spettacolari sulla baia di Saman\u00e0 e fattorie locali. Ci fermeremo in una classica fattoria di montagna, condividendo un po' di tempo con una famiglia di agricoltori. Potrete vedere alcuni dei prodotti che producono e visitare la loro fattoria, imparando a conoscere l'agricoltura e le piante biologiche.<\/p>\n<p>Potrete constatare la differenza tra Las Terrenas, una destinazione balneare molto frequentata, e la campagna, con la sua aria pulita e il suo stile di vita lento.<\/p>\n<p>Se lo desiderate, i contadini vi mostreranno come si produce il caff\u00e8 o il cacao, dall'albero alla tavola. Potrete poi sorseggiare una tazza di caff\u00e8 o di cacao caldo.<\/p>\n<p>Non preoccupatevi, se non parlate spagnolo, la nostra guida locale tradurr\u00e0 tutto per voi.<\/p>\n<p>La prossima tappa \u00e8 una piccola spiaggia sulla baia di Saman\u00e0, dove potrete fare un tuffo e rinfrescarvi un po'. Durante il tragitto, passeremo attraverso molti campi, fattorie e punti panoramici.<\/p>\n<div class=\"toggle-content__content toggle-content__content--expanded toggle-content__content--packable\" data-v-59485d64=\"\">\n<div data-test-id=\"activity-full-description-text\" data-v-5835c99c=\"\">La maggior parte del viaggio si svolge su strade sterrate, \u00e8 molto divertente guidare l'ATV, su e gi\u00f9, tra dossi e buche. Se non vi sentite 100% a vostro agio alla guida di un ATV o se la velocit\u00e0 non fa per voi, non preoccupatevi, potete guidare lentamente (pi\u00f9 tempo per godervi il panorama!) oppure potete andare con qualcuno, la maggior parte degli ATV pu\u00f2 ospitare due persone. La guida di un ATV \u00e8 piuttosto semplice e, anche se \u00e8 la prima volta, dovreste riuscire a prenderci la mano abbastanza rapidamente.<\/div>\n<\/div>\n<div class=\"toggle-content__label-placeholder\" data-v-59485d64=\"\"><\/div>","protected":false},"excerpt":{"rendered":"<div data-track=\"overview\" data-v-83a2b402=\"\">\n<section id=\"activity-overview\" class=\"activity-overview\" data-component=\"overview\" data-v-83a2b402=\"\" data-v-f3236c42=\"\">\n<p class=\"activity-overview__content\" data-test-id=\"activity-overview-content\" data-v-f3236c42=\"\">Conoscete la cultura dominicana e l'influenza del caff\u00e8 in un tour privato in ATV da Las Terrenas. Seguite la vostra guida lungo strade di campagna, attraverso campi di cacao e caff\u00e8 e in una fattoria di montagna.<\/p>\n<\/section>\n<\/div>\n<div data-track=\"key-details\" data-v-83a2b402=\"\"><\/div>","protected":false},"featured_media":13911,"template":"","meta":[],"product_brand":[],"product_cat":[97],"product_tag":[101,102],"class_list":{"0":"post-13615","1":"product","2":"type-product","3":"status-publish","4":"has-post-thumbnail","6":"product_cat-dominican-republic","7":"product_tag-excursion","8":"product_tag-tour","10":"first","11":"instock","12":"shipping-taxable","13":"product-type-external"},"_links":{"self":[{"href":"https:\/\/sabanadelamartours.com\/it\/wp-json\/wp\/v2\/product\/13615","targetHints":{"allow":["GET"]}}],"collection":[{"href":"https:\/\/sabanadelamartours.com\/it\/wp-json\/wp\/v2\/product"}],"about":[{"href":"https:\/\/sabanadelamartours.com\/it\/wp-json\/wp\/v2\/types\/product"}],"version-history":[{"count":1,"href":"https:\/\/sabanadelamartours.com\/it\/wp-json\/wp\/v2\/product\/13615\/revisions"}],"predecessor-version":[{"id":18609,"href":"https:\/\/sabanadelamartours.com\/it\/wp-json\/wp\/v2\/product\/13615\/revisions\/18609"}],"wp:featuredmedia":[{"embeddable":true,"href":"https:\/\/sabanadelamartours.com\/it\/wp-json\/wp\/v2\/media\/13911"}],"wp:attachment":[{"href":"https:\/\/sabanadelamartours.com\/it\/wp-json\/wp\/v2\/media?parent=13615"}],"wp:term":[{"taxonomy":"product_brand","embeddable":true,"href":"https:\/\/sabanadelamartours.com\/it\/wp-json\/wp\/v2\/product_brand?post=13615"},{"taxonomy":"product_cat","embeddable":true,"href":"https:\/\/sabanadelamartours.com\/it\/wp-json\/wp\/v2\/product_cat?post=13615"},{"taxonomy":"product_tag","embeddable":true,"href":"https:\/\/sabanadelamartours.com\/it\/wp-json\/wp\/v2\/product_tag?post=13615"}],"curies":[{"name":"wp","href":"https:\/\/api.w.org\/{rel}","templated":true}]}}