{"id":13624,"date":"2025-12-18T11:40:43","date_gmt":"2025-12-18T11:40:43","guid":{"rendered":"https:\/\/sabanadelamartours.com\/?post_type=product&#038;p=13624"},"modified":"2026-01-07T12:00:39","modified_gmt":"2026-01-07T12:00:39","slug":"samana-cayo-levantado-isla-bacardi-e-la-magnifica-cascada","status":"publish","type":"product","link":"https:\/\/sabanadelamartours.com\/it\/tour\/samana-cayo-levantado-isla-bacardi-e-la-magnifica-cascada\/","title":{"rendered":"Saman\u00e1: Cayo Levantado, Isla Bacard\u00ed e la Magnifica Cascada"},"content":{"rendered":"<p>Scoprite la meravigliosa Penisola di Saman\u00e1 con un'emozionante escursione di un giorno da Punta Cana. Immergetevi nella bellezza naturale della regione mentre esplorate le sue principali attrazioni.<\/p>\n<p>Si inizia con un comodo servizio di prelievo a Punta Cana, Bayahibe o B\u00e1varo, seguito da un pittoresco viaggio nella zona di Miches, passando per affascinanti cittadine dominicane. Arrivati alla citt\u00e0 di La Ca\u00f1ita, ci imbarchiamo su una barca verso la penisola di Saman\u00e1.<\/p>\n<p>Una volta arrivati, ci addentriamo nella lussureggiante giungla montana a bordo di un emozionante safari in camion. Godetevi una tranquilla passeggiata a cavallo fino all'impressionante cascata El L\u00edmon, dove potrete rinfrescarvi con un tuffo sotto le sue cascate, circondati dalla natura pi\u00f9 esotica.<\/p>\n<p>Poi, si torna al molo per gustare un delizioso pranzo a base di autentica cucina dominicana.<\/p>\n<p>L'avventura continua con una rilassante crociera in catamarano a Cayo Levanto. Godetevi 90 minuti di riposo sulle sue spiagge di sabbia bianca e acque cristalline.<\/p>\n<div class=\"toggle-content__content toggle-content__content--expanded toggle-content__content--packable\" data-v-59485d64=\"\">\n<div data-test-id=\"activity-full-description-text\" data-v-5835c99c=\"\">Infine, torniamo a La Ca\u00f1ita per prendere l'autobus e tornare al vostro alloggio, con il cuore pieno di ricordi di una giornata indimenticabile sull'impressionante penisola di Saman\u00e1.<\/div>\n<\/div>\n<div class=\"toggle-content__label-placeholder\" data-v-59485d64=\"\"><\/div>","protected":false},"excerpt":{"rendered":"<div data-track=\"overview\" data-v-83a2b402=\"\">\n<section id=\"activity-overview\" class=\"activity-overview\" data-component=\"overview\" data-v-83a2b402=\"\" data-v-f3236c42=\"\">\n<p class=\"activity-overview__content\" data-test-id=\"activity-overview-content\" data-v-f3236c42=\"\">Scoprite la magia di Saman\u00e1: Esplorate il paradiso di Cayo Levantado, scoprite i segreti dell'Isola Bacardi e ammirate la spettacolare cascata.<\/p>\n<\/section>\n<\/div>\n<div data-track=\"key-details\" data-v-83a2b402=\"\"><\/div>","protected":false},"featured_media":13915,"template":"","meta":[],"product_brand":[],"product_cat":[97],"product_tag":[101,102],"class_list":{"0":"post-13624","1":"product","2":"type-product","3":"status-publish","4":"has-post-thumbnail","6":"product_cat-dominican-republic","7":"product_tag-excursion","8":"product_tag-tour","10":"first","11":"instock","12":"shipping-taxable","13":"product-type-external"},"_links":{"self":[{"href":"https:\/\/sabanadelamartours.com\/it\/wp-json\/wp\/v2\/product\/13624","targetHints":{"allow":["GET"]}}],"collection":[{"href":"https:\/\/sabanadelamartours.com\/it\/wp-json\/wp\/v2\/product"}],"about":[{"href":"https:\/\/sabanadelamartours.com\/it\/wp-json\/wp\/v2\/types\/product"}],"version-history":[{"count":1,"href":"https:\/\/sabanadelamartours.com\/it\/wp-json\/wp\/v2\/product\/13624\/revisions"}],"predecessor-version":[{"id":18610,"href":"https:\/\/sabanadelamartours.com\/it\/wp-json\/wp\/v2\/product\/13624\/revisions\/18610"}],"wp:featuredmedia":[{"embeddable":true,"href":"https:\/\/sabanadelamartours.com\/it\/wp-json\/wp\/v2\/media\/13915"}],"wp:attachment":[{"href":"https:\/\/sabanadelamartours.com\/it\/wp-json\/wp\/v2\/media?parent=13624"}],"wp:term":[{"taxonomy":"product_brand","embeddable":true,"href":"https:\/\/sabanadelamartours.com\/it\/wp-json\/wp\/v2\/product_brand?post=13624"},{"taxonomy":"product_cat","embeddable":true,"href":"https:\/\/sabanadelamartours.com\/it\/wp-json\/wp\/v2\/product_cat?post=13624"},{"taxonomy":"product_tag","embeddable":true,"href":"https:\/\/sabanadelamartours.com\/it\/wp-json\/wp\/v2\/product_tag?post=13624"}],"curies":[{"name":"wp","href":"https:\/\/api.w.org\/{rel}","templated":true}]}}