{"id":13671,"date":"2025-12-18T11:43:17","date_gmt":"2025-12-18T11:43:17","guid":{"rendered":"https:\/\/sabanadelamartours.com\/?post_type=product&#038;p=13671"},"modified":"2026-02-11T11:03:57","modified_gmt":"2026-02-11T11:03:57","slug":"caffe-cacao-rum-ed-espadrillas-a-puerto-plata","status":"publish","type":"product","link":"https:\/\/sabanadelamartours.com\/it\/tour\/caffe-cacao-rum-ed-espadrillas-a-puerto-plata\/","title":{"rendered":"Caff\u00e8, cacao, rum ed espadrillas a Puerto Plata"},"content":{"rendered":"<p>**Scopri Puerto Plata: Un assaggio di tradizione e cultura!!!<\/p>\n<p>Unitevi a noi in un'esperienza coinvolgente e deliziosa a Puerto Plata, dove vi immergerete in attivit\u00e0 tradizionali, tra cui degustazioni di rum, caff\u00e8 e cacao, mentre esplorate i punti di riferimento culturali, questo tour promette istruzione e divertimento.<\/p>\n<p>*Punto di partenza: Calle Duarte*<\/p>\n<p>La nostra avventura inizia nel nostro affascinante negozio in Calle Duarte, una delle strade pi\u00f9 iconiche di Puerto Plata. Qui inizieremo con una breve introduzione e vi mostreremo alcune gemme nascoste nelle vicinanze, come la famosa via degli ombrelli. Dopodich\u00e9, ci imbarcheremo in questo emozionante viaggio.<\/p>\n<p>*Prima tappa: negozio tradizionale di cacao e caff\u00e8.<\/p>\n<p>La nostra prima destinazione \u00e8 un negozio tradizionale dove scoprirete i segreti della coltivazione e della lavorazione del cacao e del caff\u00e8. Scoprirete come questi amatissimi prodotti passano dalle fattorie locali alla vostra tavola.<\/p>\n<p>*Prossimamente: Degustazione di rum*<\/p>\n<p>Successivamente, esploreremo la coltivazione della canna da zucchero e la sua trasformazione in alcuni dei rum pi\u00f9 rinomati dell'isola. Avrete l'opportunit\u00e0 di assaggiare una variet\u00e0 di questi rum e di apprezzarne i sapori unici.<\/p>\n<p>*Negozio di espadrillas artigianali: La tradizione incontra il divertimento<\/p>\n<p>La nostra ultima tappa \u00e8 un negozio artigianale di espadrillas, dove scoprirete la tradizione di queste calzature classiche dell'epoca spagnola. Godetevi una vivace dimostrazione con musica e bevande e scegliete un paio di espadrillas da portare a casa, il tutto incluso nel prezzo.<\/p>\n<p>Nel corso di circa tre ore, potrete conoscere i tesori agricoli di quest'isola, assaporare bevande tradizionali, gustare rum di qualit\u00e0 e andarvene con un paio di autentiche espadrillas.<\/p>\n<div class=\"toggle-content__content toggle-content__content--expanded toggle-content__content--packable\" data-v-59485d64=\"\">\n<div data-test-id=\"activity-full-description-text\" data-v-5835c99c=\"\">Portate il vostro sorriso migliore e storie interessanti da condividere per un'esperienza davvero locale e sorprendente. Non vediamo l'ora di darvi il benvenuto!<\/div>\n<\/div>\n<div class=\"toggle-content__label-placeholder\" data-v-59485d64=\"\"><\/div>","protected":false},"excerpt":{"rendered":"<div data-track=\"overview\" data-v-83a2b402=\"\">\n<section id=\"activity-overview\" class=\"activity-overview\" data-component=\"overview\" data-v-83a2b402=\"\" data-v-f3236c42=\"\">\n<p class=\"activity-overview__content\" data-test-id=\"activity-overview-content\" data-v-f3236c42=\"\">Unitevi a noi per un'esperienza indimenticabile a Puerto Plata! Scoprite Calle Duarte, esplorate un affascinante negozio di caff\u00e8 e cacao, assaggiate una variet\u00e0 di rum locali e portate a casa un paio di espadrillas classiche.<\/p>\n<\/section>\n<\/div>\n<div data-track=\"key-details\" data-v-83a2b402=\"\"><\/div>","protected":false},"featured_media":13952,"template":"","meta":[],"product_brand":[],"product_cat":[97],"product_tag":[101,102],"class_list":{"0":"post-13671","1":"product","2":"type-product","3":"status-publish","4":"has-post-thumbnail","6":"product_cat-dominican-republic","7":"product_tag-excursion","8":"product_tag-tour","10":"first","11":"instock","12":"shipping-taxable","13":"product-type-external"},"_links":{"self":[{"href":"https:\/\/sabanadelamartours.com\/it\/wp-json\/wp\/v2\/product\/13671","targetHints":{"allow":["GET"]}}],"collection":[{"href":"https:\/\/sabanadelamartours.com\/it\/wp-json\/wp\/v2\/product"}],"about":[{"href":"https:\/\/sabanadelamartours.com\/it\/wp-json\/wp\/v2\/types\/product"}],"version-history":[{"count":2,"href":"https:\/\/sabanadelamartours.com\/it\/wp-json\/wp\/v2\/product\/13671\/revisions"}],"predecessor-version":[{"id":18977,"href":"https:\/\/sabanadelamartours.com\/it\/wp-json\/wp\/v2\/product\/13671\/revisions\/18977"}],"wp:featuredmedia":[{"embeddable":true,"href":"https:\/\/sabanadelamartours.com\/it\/wp-json\/wp\/v2\/media\/13952"}],"wp:attachment":[{"href":"https:\/\/sabanadelamartours.com\/it\/wp-json\/wp\/v2\/media?parent=13671"}],"wp:term":[{"taxonomy":"product_brand","embeddable":true,"href":"https:\/\/sabanadelamartours.com\/it\/wp-json\/wp\/v2\/product_brand?post=13671"},{"taxonomy":"product_cat","embeddable":true,"href":"https:\/\/sabanadelamartours.com\/it\/wp-json\/wp\/v2\/product_cat?post=13671"},{"taxonomy":"product_tag","embeddable":true,"href":"https:\/\/sabanadelamartours.com\/it\/wp-json\/wp\/v2\/product_tag?post=13671"}],"curies":[{"name":"wp","href":"https:\/\/api.w.org\/{rel}","templated":true}]}}