{"id":14119,"date":"2025-12-18T12:02:40","date_gmt":"2025-12-18T12:02:40","guid":{"rendered":"https:\/\/sabanadelamartours.com\/?post_type=product&#038;p=14119"},"modified":"2026-02-11T11:31:09","modified_gmt":"2026-02-11T11:31:09","slug":"-266","status":"publish","type":"product","link":"https:\/\/sabanadelamartours.com\/it\/tour\/-266\/","title":{"rendered":"L'esperienza dell'Isola di Catalina"},"content":{"rendered":"<p>La nostra esperienza \u00e8 pensata per godere di un contatto diretto con la natura, dove si pu\u00f2 vivere una giornata ricca di emozioni a partire dal meraviglioso panorama che ci circonda quando ci si imbarca per nuotare accanto ai pesci dove un prisma multicolore di variet\u00e0 vi aspetta, si pu\u00f2 godere delle sue acque con grandi banchi di corallo. \u00c8 sabbia bianca e fine circondata dal Mar dei Caraibi, a tutto questo si aggiunge la nostra paradisiaca destinazione balneare sull'isola, dove potrete godere di un bellissimo paesaggio accompagnato da una giornata di totale relax, senza dubbio non potrete dimenticare questa meravigliosa esperienza. Disponiamo di un porto privato per i nostri clienti, di assistenza durante tutto il viaggio e di uno spazio privato sull'isola di Catalina; tutto questo include: pranzo a buffet, open bar con bevande nazionali, acqua e soft drink. Venite a vivere con noi la migliore esperienza nei Caraibi. L'esperienza dell'Isola di Catalina!<\/p>","protected":false},"excerpt":{"rendered":"<div data-track=\"overview\" data-v-83a2b402=\"\">\n<section id=\"activity-overview\" class=\"activity-overview\" data-component=\"overview\" data-v-83a2b402=\"\" data-v-f3236c42=\"\">\n<p class=\"activity-overview__content\" data-test-id=\"activity-overview-content\" data-v-f3236c42=\"\">L'esperienza dell'Isola di Catalina: Una fuga indimenticabile. Godetevi uno snorkeling sicuro con pesci colorati e una rilassante giornata in spiaggia in paradiso. Prenotate oggi stesso la vostra avventura in Repubblica Dominicana!<\/p>\n<\/section>\n<\/div>\n<div data-track=\"key-details\" data-v-83a2b402=\"\"><\/div>","protected":false},"featured_media":14340,"template":"","meta":[],"product_brand":[],"product_cat":[97],"product_tag":[101,102],"class_list":{"0":"post-14119","1":"product","2":"type-product","3":"status-publish","4":"has-post-thumbnail","6":"product_cat-dominican-republic","7":"product_tag-excursion","8":"product_tag-tour","10":"first","11":"instock","12":"shipping-taxable","13":"product-type-external"},"_links":{"self":[{"href":"https:\/\/sabanadelamartours.com\/it\/wp-json\/wp\/v2\/product\/14119","targetHints":{"allow":["GET"]}}],"collection":[{"href":"https:\/\/sabanadelamartours.com\/it\/wp-json\/wp\/v2\/product"}],"about":[{"href":"https:\/\/sabanadelamartours.com\/it\/wp-json\/wp\/v2\/types\/product"}],"version-history":[{"count":1,"href":"https:\/\/sabanadelamartours.com\/it\/wp-json\/wp\/v2\/product\/14119\/revisions"}],"predecessor-version":[{"id":19010,"href":"https:\/\/sabanadelamartours.com\/it\/wp-json\/wp\/v2\/product\/14119\/revisions\/19010"}],"wp:featuredmedia":[{"embeddable":true,"href":"https:\/\/sabanadelamartours.com\/it\/wp-json\/wp\/v2\/media\/14340"}],"wp:attachment":[{"href":"https:\/\/sabanadelamartours.com\/it\/wp-json\/wp\/v2\/media?parent=14119"}],"wp:term":[{"taxonomy":"product_brand","embeddable":true,"href":"https:\/\/sabanadelamartours.com\/it\/wp-json\/wp\/v2\/product_brand?post=14119"},{"taxonomy":"product_cat","embeddable":true,"href":"https:\/\/sabanadelamartours.com\/it\/wp-json\/wp\/v2\/product_cat?post=14119"},{"taxonomy":"product_tag","embeddable":true,"href":"https:\/\/sabanadelamartours.com\/it\/wp-json\/wp\/v2\/product_tag?post=14119"}],"curies":[{"name":"wp","href":"https:\/\/api.w.org\/{rel}","templated":true}]}}