{"id":14195,"date":"2025-12-18T12:05:41","date_gmt":"2025-12-18T12:05:41","guid":{"rendered":"https:\/\/sabanadelamartours.com\/?post_type=product&#038;p=14195"},"modified":"2026-02-11T04:00:26","modified_gmt":"2026-02-11T04:00:26","slug":"-276","status":"publish","type":"product","link":"https:\/\/sabanadelamartours.com\/it\/tour\/-276\/","title":{"rendered":"Tour TODO INCLUSO nel Sendero Acu\u00e1tico Cueva de la Virgen"},"content":{"rendered":"<p>Partite per un tour unico che vi porter\u00e0 in alcuni dei luoghi pi\u00f9 belli della regione di Barahona, nella Repubblica Dominicana. Visitate il Museo Larimar, esplorate la Cueva de la Virgen e rilassatevi sulla spiaggia.<\/p>\n<p>Iniziate il vostro tour dal Museo Larimar, dove potrete conoscere la storia e la produzione della pietra semipreziosa Larimar, presente solo nella Repubblica Dominicana. Dopo la visita al museo, recatevi nella comunit\u00e0 di Bahoruco e visitate i piccoli laboratori artigianali.<\/p>\n<p>Proseguite verso la Cueva de la Virgen. Dopo aver esplorato la grotta, si ritorna alla costa di Barahona, dove si pu\u00f2 godere di un meritato riposo sulla spiaggia o provare alcuni piatti locali nei ristoranti vicini.<\/p>","protected":false},"excerpt":{"rendered":"<div data-track=\"overview\" data-v-83a2b402=\"\">\n<section id=\"activity-overview\" class=\"activity-overview\" data-component=\"overview\" data-v-83a2b402=\"\" data-v-f3236c42=\"\">\n<p class=\"activity-overview__content\" data-test-id=\"activity-overview-content\" data-v-f3236c42=\"\">Scoprite la storia e la produzione della pietra semipreziosa Larimar, visitate i piccoli laboratori degli artigiani locali nella comunit\u00e0 di Bahoruco ed esplorate la Cueva de la Virgen.<\/p>\n<\/section>\n<\/div>\n<div data-track=\"key-details\" data-v-83a2b402=\"\"><\/div>","protected":false},"featured_media":13207,"template":"","meta":[],"product_brand":[],"product_cat":[97],"product_tag":[101,102],"class_list":{"0":"post-14195","1":"product","2":"type-product","3":"status-publish","4":"has-post-thumbnail","6":"product_cat-dominican-republic","7":"product_tag-excursion","8":"product_tag-tour","10":"first","11":"instock","12":"shipping-taxable","13":"product-type-external"},"_links":{"self":[{"href":"https:\/\/sabanadelamartours.com\/it\/wp-json\/wp\/v2\/product\/14195","targetHints":{"allow":["GET"]}}],"collection":[{"href":"https:\/\/sabanadelamartours.com\/it\/wp-json\/wp\/v2\/product"}],"about":[{"href":"https:\/\/sabanadelamartours.com\/it\/wp-json\/wp\/v2\/types\/product"}],"version-history":[{"count":1,"href":"https:\/\/sabanadelamartours.com\/it\/wp-json\/wp\/v2\/product\/14195\/revisions"}],"predecessor-version":[{"id":18926,"href":"https:\/\/sabanadelamartours.com\/it\/wp-json\/wp\/v2\/product\/14195\/revisions\/18926"}],"wp:featuredmedia":[{"embeddable":true,"href":"https:\/\/sabanadelamartours.com\/it\/wp-json\/wp\/v2\/media\/13207"}],"wp:attachment":[{"href":"https:\/\/sabanadelamartours.com\/it\/wp-json\/wp\/v2\/media?parent=14195"}],"wp:term":[{"taxonomy":"product_brand","embeddable":true,"href":"https:\/\/sabanadelamartours.com\/it\/wp-json\/wp\/v2\/product_brand?post=14195"},{"taxonomy":"product_cat","embeddable":true,"href":"https:\/\/sabanadelamartours.com\/it\/wp-json\/wp\/v2\/product_cat?post=14195"},{"taxonomy":"product_tag","embeddable":true,"href":"https:\/\/sabanadelamartours.com\/it\/wp-json\/wp\/v2\/product_tag?post=14195"}],"curies":[{"name":"wp","href":"https:\/\/api.w.org\/{rel}","templated":true}]}}