{"id":14307,"date":"2025-12-18T12:10:38","date_gmt":"2025-12-18T12:10:38","guid":{"rendered":"https:\/\/sabanadelamartours.com\/?post_type=product&#038;p=14307"},"modified":"2025-12-18T12:22:30","modified_gmt":"2025-12-18T12:22:30","slug":"-289","status":"publish","type":"product","link":"https:\/\/sabanadelamartours.com\/it\/tour\/-289\/","title":{"rendered":"ATV"},"content":{"rendered":"<p>Verremo a prendervi in un Airbnb o in un resort locale e vi porteremo a Macao, dove andrete al ranch. Al ranch riceverete un briefing sulla sicurezza, i caschi e le istruzioni sul tour e sui luoghi che andrete a visitare.<\/p>\n<p>Dal ranch deciderete chi dovr\u00e0 guidare e vi alternerete alla guida durante il tour.<\/p>\n<p>La prima destinazione \u00e8 la grotta dove si pu\u00f2 fare il bagno nell'acqua di sorgente naturale e dove si rester\u00e0 per circa 45 minuti.<\/p>\n<p>Dopo aver nuotato nella grotta, si assister\u00e0 a una presentazione al pianoforte in cui si mostrer\u00e0 l'agricoltura locale del caff\u00e8, del cioccolato, del rum e di altri prodotti biologici coltivati qui nella Repubblica Dominicana.<\/p>\n<p>Dopo la presentazione di 45 minuti, si attraversano i sentieri e si arriva alla spiaggia di Macao.<\/p>\n<p>Alla spiaggia di Macao avrete un'ora di tempo per lavare via tutto il fango in eccesso dai sentieri e anche per nuotare nella spiaggia e fare foto e video.<\/p>\n<p>Dopo l'esperienza in spiaggia e per tutta la durata del tour mettiamo a disposizione un drone che riprender\u00e0 i video e fotografi che scatteranno foto per tutta la durata dell'avventura.<\/p>\n<div class=\"toggle-content__content toggle-content__content--expanded toggle-content__content--packable\" data-v-59485d64=\"\">\n<div data-test-id=\"activity-full-description-text\" data-v-5835c99c=\"\">A turno, tornerete al ranch dove potrete lavarvi e dove i vostri bagagli saranno custoditi in modo sicuro per potervi imbarcare su un mezzo di trasporto e tornare alla vostra destinazione originale.<\/div>\n<\/div>\n<div class=\"toggle-content__label-placeholder\" data-v-59485d64=\"\"><\/div>","protected":false},"excerpt":{"rendered":"<div data-track=\"overview\" data-v-83a2b402=\"\">\n<section id=\"activity-overview\" class=\"activity-overview\" data-component=\"overview\" data-v-83a2b402=\"\" data-v-f3236c42=\"\">\n<p class=\"activity-overview__content\" data-test-id=\"activity-overview-content\" data-v-f3236c42=\"\">\u00c8 possibile scegliere tra un Boogie a due o quattro posti, un ATV a due posti, un Polaris o un Can-Am a 4 o 5 posti.<\/p>\n<\/section>\n<\/div>\n<div data-track=\"key-details\" data-v-83a2b402=\"\"><\/div>","protected":false},"featured_media":14548,"template":"","meta":[],"product_brand":[],"product_cat":[97],"product_tag":[101,102],"class_list":{"0":"post-14307","1":"product","2":"type-product","3":"status-publish","4":"has-post-thumbnail","6":"product_cat-dominican-republic","7":"product_tag-excursion","8":"product_tag-tour","10":"first","11":"instock","12":"shipping-taxable","13":"product-type-external"},"_links":{"self":[{"href":"https:\/\/sabanadelamartours.com\/it\/wp-json\/wp\/v2\/product\/14307","targetHints":{"allow":["GET"]}}],"collection":[{"href":"https:\/\/sabanadelamartours.com\/it\/wp-json\/wp\/v2\/product"}],"about":[{"href":"https:\/\/sabanadelamartours.com\/it\/wp-json\/wp\/v2\/types\/product"}],"version-history":[{"count":0,"href":"https:\/\/sabanadelamartours.com\/it\/wp-json\/wp\/v2\/product\/14307\/revisions"}],"wp:featuredmedia":[{"embeddable":true,"href":"https:\/\/sabanadelamartours.com\/it\/wp-json\/wp\/v2\/media\/14548"}],"wp:attachment":[{"href":"https:\/\/sabanadelamartours.com\/it\/wp-json\/wp\/v2\/media?parent=14307"}],"wp:term":[{"taxonomy":"product_brand","embeddable":true,"href":"https:\/\/sabanadelamartours.com\/it\/wp-json\/wp\/v2\/product_brand?post=14307"},{"taxonomy":"product_cat","embeddable":true,"href":"https:\/\/sabanadelamartours.com\/it\/wp-json\/wp\/v2\/product_cat?post=14307"},{"taxonomy":"product_tag","embeddable":true,"href":"https:\/\/sabanadelamartours.com\/it\/wp-json\/wp\/v2\/product_tag?post=14307"}],"curies":[{"name":"wp","href":"https:\/\/api.w.org\/{rel}","templated":true}]}}