{"id":14322,"date":"2025-12-18T12:11:20","date_gmt":"2025-12-18T12:11:20","guid":{"rendered":"https:\/\/sabanadelamartours.com\/?post_type=product&#038;p=14322"},"modified":"2026-02-11T04:40:52","modified_gmt":"2026-02-11T04:40:52","slug":"-291","status":"publish","type":"product","link":"https:\/\/sabanadelamartours.com\/it\/tour\/-291\/","title":{"rendered":"Trasferimento privato dall'aeroporto di Punta Cana al Dreams Onyx"},"content":{"rendered":"<div class=\"toggle-content__content toggle-content__content--expanded toggle-content__content--packable\" data-v-59485d64=\"\">\n<div data-test-id=\"activity-full-description-text\" data-v-5835c99c=\"\">Punta Cana Transfer \u00e8 leader nella fornitura di trasporti privati in tutta Punta Cana. Come azienda, abbiamo oltre 4 anni di esperienza e pi\u00f9 di 1000 recensioni a 5 stelle su TripAdvisor. Godetevi la facilit\u00e0 di essere assistiti da un rappresentante del servizio clienti prima, durante e dopo il vostro viaggio. Nessun biglietto, attesa di e-mail o lunghe code, tutte le comunicazioni sono immediate e via SMS. Il vostro autista vi aspetter\u00e0 con un cartello al vostro arrivo e vi porter\u00e0 direttamente al vostro resort senza soste o sorprese indesiderate. Prenotate la vostra corsa e andate direttamente dall'aeroporto di Punta Cana al Dreams Onyx o dal Dreams Onyx all'aeroporto di Punta Cana per prendere il vostro volo.<\/div>\n<\/div>\n<div class=\"toggle-content__label-placeholder\" data-v-59485d64=\"\"><\/div>","protected":false},"excerpt":{"rendered":"<div data-track=\"overview\" data-v-83a2b402=\"\">\n<section id=\"activity-overview\" class=\"activity-overview\" data-component=\"overview\" data-v-83a2b402=\"\" data-v-f3236c42=\"\">\n<p class=\"activity-overview__content\" data-test-id=\"activity-overview-content\" data-v-f3236c42=\"\">Saltate l'attesa e andate direttamente in paradiso! Appena arrivati, il vostro autista sar\u00e0 all'uscita del terminal con un cartello con il vostro nome, pronto a condurvi direttamente al vostro resort.<\/p>\n<\/section>\n<\/div>\n<div data-track=\"key-details\" data-v-83a2b402=\"\"><\/div>","protected":false},"featured_media":13315,"template":"","meta":[],"product_brand":[],"product_cat":[97],"product_tag":[101,102],"class_list":{"0":"post-14322","1":"product","2":"type-product","3":"status-publish","4":"has-post-thumbnail","6":"product_cat-dominican-republic","7":"product_tag-excursion","8":"product_tag-tour","10":"first","11":"instock","12":"shipping-taxable","13":"product-type-external"},"_links":{"self":[{"href":"https:\/\/sabanadelamartours.com\/it\/wp-json\/wp\/v2\/product\/14322","targetHints":{"allow":["GET"]}}],"collection":[{"href":"https:\/\/sabanadelamartours.com\/it\/wp-json\/wp\/v2\/product"}],"about":[{"href":"https:\/\/sabanadelamartours.com\/it\/wp-json\/wp\/v2\/types\/product"}],"version-history":[{"count":1,"href":"https:\/\/sabanadelamartours.com\/it\/wp-json\/wp\/v2\/product\/14322\/revisions"}],"predecessor-version":[{"id":18935,"href":"https:\/\/sabanadelamartours.com\/it\/wp-json\/wp\/v2\/product\/14322\/revisions\/18935"}],"wp:featuredmedia":[{"embeddable":true,"href":"https:\/\/sabanadelamartours.com\/it\/wp-json\/wp\/v2\/media\/13315"}],"wp:attachment":[{"href":"https:\/\/sabanadelamartours.com\/it\/wp-json\/wp\/v2\/media?parent=14322"}],"wp:term":[{"taxonomy":"product_brand","embeddable":true,"href":"https:\/\/sabanadelamartours.com\/it\/wp-json\/wp\/v2\/product_brand?post=14322"},{"taxonomy":"product_cat","embeddable":true,"href":"https:\/\/sabanadelamartours.com\/it\/wp-json\/wp\/v2\/product_cat?post=14322"},{"taxonomy":"product_tag","embeddable":true,"href":"https:\/\/sabanadelamartours.com\/it\/wp-json\/wp\/v2\/product_tag?post=14322"}],"curies":[{"name":"wp","href":"https:\/\/api.w.org\/{rel}","templated":true}]}}