{"id":14390,"date":"2025-12-18T12:14:31","date_gmt":"2025-12-18T12:14:31","guid":{"rendered":"https:\/\/sabanadelamartours.com\/?post_type=product&#038;p=14390"},"modified":"2026-01-07T13:13:36","modified_gmt":"2026-01-07T13:13:36","slug":"-298","status":"publish","type":"product","link":"https:\/\/sabanadelamartours.com\/it\/tour\/-298\/","title":{"rendered":"Santo Domingo: tour storico della citt\u00e0"},"content":{"rendered":"<p>Qui \u00e8 stata costruita la prima cattedrale, dove \u00e8 stato santificato il primo vescovo, dove risiedeva il primo governatore e dove \u00e8 stato aperto il primo ospedale. La citt\u00e0 possiede numerosi attributi culturali e siti architettonici di interesse, come in nessun altro luogo dell'isola di Hispaniola.<\/p>\n<p>Il tour a piedi inizia nella parte storica coloniale della citt\u00e0, riconosciuta Patrimonio dell'Umanit\u00e0 dall'Unesco. L'escursione \u00e8 perfettamente adatta a tutti coloro che desiderano saperne di pi\u00f9 sulle origini storiche del Nuovo Mondo. Durante la passeggiata, visitate la prima cattedrale, la prima universit\u00e0, la fortezza e il Palazzo di Giustizia. Passeggiate in Calle Las Damas, la prima strada di ciottoli, e ammirate il primo ospedale, il primo cantiere navale e il primo palazzo vicereale del continente americano. Esplorate alcuni dei musei, delle piazze e dei monumenti pi\u00f9 importanti e cogliete l'occasione per scattare foto uniche.<\/p>","protected":false},"excerpt":{"rendered":"<div data-track=\"overview\" data-v-83a2b402=\"\">\n<section id=\"activity-overview\" class=\"activity-overview\" data-component=\"overview\" data-v-83a2b402=\"\" data-v-f3236c42=\"\">\n<p class=\"activity-overview__content\" data-test-id=\"activity-overview-content\" data-v-f3236c42=\"\">Esplorate i luoghi storici di Santo Domingo, la prima citt\u00e0 europea nelle Americhe. Visitate la Zona Colonial e le sue attrazioni culturali.<\/p>\n<\/section>\n<\/div>\n<div data-track=\"key-details\" data-v-83a2b402=\"\"><\/div>","protected":false},"featured_media":14615,"template":"","meta":[],"product_brand":[],"product_cat":[97],"product_tag":[101,102],"class_list":{"0":"post-14390","1":"product","2":"type-product","3":"status-publish","4":"has-post-thumbnail","6":"product_cat-dominican-republic","7":"product_tag-excursion","8":"product_tag-tour","10":"first","11":"instock","12":"sale","13":"shipping-taxable","14":"product-type-external"},"_links":{"self":[{"href":"https:\/\/sabanadelamartours.com\/it\/wp-json\/wp\/v2\/product\/14390","targetHints":{"allow":["GET"]}}],"collection":[{"href":"https:\/\/sabanadelamartours.com\/it\/wp-json\/wp\/v2\/product"}],"about":[{"href":"https:\/\/sabanadelamartours.com\/it\/wp-json\/wp\/v2\/types\/product"}],"version-history":[{"count":1,"href":"https:\/\/sabanadelamartours.com\/it\/wp-json\/wp\/v2\/product\/14390\/revisions"}],"predecessor-version":[{"id":18645,"href":"https:\/\/sabanadelamartours.com\/it\/wp-json\/wp\/v2\/product\/14390\/revisions\/18645"}],"wp:featuredmedia":[{"embeddable":true,"href":"https:\/\/sabanadelamartours.com\/it\/wp-json\/wp\/v2\/media\/14615"}],"wp:attachment":[{"href":"https:\/\/sabanadelamartours.com\/it\/wp-json\/wp\/v2\/media?parent=14390"}],"wp:term":[{"taxonomy":"product_brand","embeddable":true,"href":"https:\/\/sabanadelamartours.com\/it\/wp-json\/wp\/v2\/product_brand?post=14390"},{"taxonomy":"product_cat","embeddable":true,"href":"https:\/\/sabanadelamartours.com\/it\/wp-json\/wp\/v2\/product_cat?post=14390"},{"taxonomy":"product_tag","embeddable":true,"href":"https:\/\/sabanadelamartours.com\/it\/wp-json\/wp\/v2\/product_tag?post=14390"}],"curies":[{"name":"wp","href":"https:\/\/api.w.org\/{rel}","templated":true}]}}