{"id":14506,"date":"2025-12-18T12:20:33","date_gmt":"2025-12-18T12:20:33","guid":{"rendered":"https:\/\/sabanadelamartours.com\/?post_type=product&#038;p=14506"},"modified":"2026-01-06T10:56:46","modified_gmt":"2026-01-06T10:56:46","slug":"da-punta-cana-samana-cayo-levantado-balene-2","status":"publish","type":"product","link":"https:\/\/sabanadelamartours.com\/it\/tour\/da-punta-cana-samana-cayo-levantado-balene-2\/","title":{"rendered":"Da Punta Cana: Samana Cayo Levantado \/ Balene"},"content":{"rendered":"<p>Tra le 6:00 e le 6:30 verremo a prendervi all'hotel di Punta Cana e ci dirigeremo a Saman\u00e1.<\/p>\n<p>Una volta arrivati, saliremo su un SUV che ci porter\u00e0 a fare un tour panoramico della citt\u00e0 di Santa B\u00e1rbara de Saman\u00e1. Dall'autobus potrete ammirare le affascinanti case colorate di questa citt\u00e0 e i paesaggi tropicali che la circondano.<\/p>\n<p>Poi andremo in una hacienda, da dove cammineremo fino a raggiungere la cascata El Lim\u00f3n. Se preferite, potete fare questo percorso anche a cavallo. Una volta arrivati, potrete fare il bagno nella piscina di acque turchesi che si forma sotto la cascata.<\/p>\n<p>Al ritorno dalla cascata, ci recheremo nel centro di Saman\u00e1 per ricaricare le batterie con un delizioso pranzo a buffet che comprender\u00e0 pesce fresco, fagioli, riso e altri cibi tradizionali.<\/p>\n<p>Successivamente, saliremo su un catamarano per raggiungere Cayo Levantado. Questo ambiente idilliaco sar\u00e0 il luogo perfetto per gustare una pi\u00f1a colada, cin cin!<\/p>\n<div class=\"toggle-content__content toggle-content__content--expanded toggle-content__content--packable\" data-v-59485d64=\"\">\n<div data-test-id=\"activity-full-description-text\" data-v-5835c99c=\"\">Infine, torneremo sulla costa per prendere il minibus e ripartire verso Punta Cana. L'arrivo in hotel \u00e8 previsto tra le 19:00 e le 19:30.<\/div>\n<\/div>\n<div class=\"toggle-content__label-placeholder\" data-v-59485d64=\"\"><\/div>","protected":false},"excerpt":{"rendered":"<div data-track=\"overview\" data-v-83a2b402=\"\">\n<section id=\"activity-overview\" class=\"activity-overview\" data-component=\"overview\" data-v-83a2b402=\"\" data-v-f3236c42=\"\">\n<p class=\"activity-overview__content\" data-test-id=\"activity-overview-content\" data-v-f3236c42=\"\">Esplorate un comune paradisiaco pieno di palme e acque cristalline con questa escursione a Saman\u00e1 da Punta Cana. Non potete mancare!<\/p>\n<\/section>\n<\/div>\n<div data-track=\"key-details\" data-v-83a2b402=\"\"><\/div>","protected":false},"featured_media":14726,"template":"","meta":[],"product_brand":[],"product_cat":[97],"product_tag":[101,102],"class_list":{"0":"post-14506","1":"product","2":"type-product","3":"status-publish","4":"has-post-thumbnail","6":"product_cat-dominican-republic","7":"product_tag-excursion","8":"product_tag-tour","10":"first","11":"instock","12":"shipping-taxable","13":"product-type-external"},"_links":{"self":[{"href":"https:\/\/sabanadelamartours.com\/it\/wp-json\/wp\/v2\/product\/14506","targetHints":{"allow":["GET"]}}],"collection":[{"href":"https:\/\/sabanadelamartours.com\/it\/wp-json\/wp\/v2\/product"}],"about":[{"href":"https:\/\/sabanadelamartours.com\/it\/wp-json\/wp\/v2\/types\/product"}],"version-history":[{"count":1,"href":"https:\/\/sabanadelamartours.com\/it\/wp-json\/wp\/v2\/product\/14506\/revisions"}],"predecessor-version":[{"id":18506,"href":"https:\/\/sabanadelamartours.com\/it\/wp-json\/wp\/v2\/product\/14506\/revisions\/18506"}],"wp:featuredmedia":[{"embeddable":true,"href":"https:\/\/sabanadelamartours.com\/it\/wp-json\/wp\/v2\/media\/14726"}],"wp:attachment":[{"href":"https:\/\/sabanadelamartours.com\/it\/wp-json\/wp\/v2\/media?parent=14506"}],"wp:term":[{"taxonomy":"product_brand","embeddable":true,"href":"https:\/\/sabanadelamartours.com\/it\/wp-json\/wp\/v2\/product_brand?post=14506"},{"taxonomy":"product_cat","embeddable":true,"href":"https:\/\/sabanadelamartours.com\/it\/wp-json\/wp\/v2\/product_cat?post=14506"},{"taxonomy":"product_tag","embeddable":true,"href":"https:\/\/sabanadelamartours.com\/it\/wp-json\/wp\/v2\/product_tag?post=14506"}],"curies":[{"name":"wp","href":"https:\/\/api.w.org\/{rel}","templated":true}]}}