{"id":14654,"date":"2025-12-18T12:27:55","date_gmt":"2025-12-18T12:27:55","guid":{"rendered":"https:\/\/sabanadelamartours.com\/?post_type=product&#038;p=14654"},"modified":"2026-02-11T13:12:20","modified_gmt":"2026-02-11T13:12:20","slug":"party-boat-in-catamarano-trinity-snorkeling-spiaggia-privata","status":"publish","type":"product","link":"https:\/\/sabanadelamartours.com\/it\/tour\/party-boat-in-catamarano-trinity-snorkeling-spiaggia-privata\/","title":{"rendered":"Party boat in catamarano trinity| snorkeling| spiaggia privata"},"content":{"rendered":"<p>{{ Benvenuti al divertimento}}<\/p>\n<p>Se state cercando di divertirvi a puntacana con una buona atmosfera, buona musica e persone pronte a farvi divertire, noi siamo qui, pronti a rendere la vostra vacanza la migliore della vostra vita. Prenotate con noi questa escursione in uno dei nostri catamarani dove potrete godervi le bellissime spiagge private di bavaro, un viaggio che vi porter\u00e0 in tutta la zona costiera godendo del miglior intrattenimento del nostro staff.<\/p>\n<p>Vi invito a vivere questa Avventura. Le attivit\u00e0 da svolgere sono le seguenti: La prima cosa \u00e8 che procediamo a prendere i nostri clienti a destinazione e li portiamo alla spiaggia dove la nostra barca \u00e8 in attesa. L\u00ec ci sar\u00e0 l'attesa del nostro team e in quello che viene fuori Il tour pu\u00f2 essere fare amicizia prima di salire a bordo.<\/p>\n<p>2\u00b0. Dopo essere saliti a bordo del nostro catamarano, preparatevi a trascorrere una giornata indimenticabile e a godere di buona musica e open bar. Il nostro team \u00e8 pronto a farvi vivere la migliore esperienza.<\/p>\n<p>3\u00b0. Prima di aprire il Bar facciamo una sosta per lo snorkeling, un'esperienza che ricorderete per sempre. Le nostre guide si occuperanno di preparare Estes ad apprezzare la bellezza dell'oceano in quelle meravigliose acque cristalline.<\/p>\n<p>4\u00b0: e quando siamo di nuovo a bordo apriamo il nostro Bar e qui potete andare a godervi tutto quello che abbiamo a disposizione per voi (balli, bevande, snack) ma tutto il divertimento che potete immaginare.<\/p>\n<p>5\u00b0. La nostra prossima tappa \u00e8 la piscina naturale, un paradiso troppo bello, con vista sulle palme e dove si pu\u00f2 fare un bagno ricco e condividere facendo amicizia. Vi assicuro che non dimenticherete questo posto.<\/p>\n<p>Dopo aver raccolto tutto questo, ci rechiamo nel luogo di partenza e procediamo a portare ogni cliente a destinazione.<\/p>\n<p>Occhio: A volte facciamo una sosta tecnica per vedere i Delfini, ma non sempre.<\/p>","protected":false},"excerpt":{"rendered":"<div data-track=\"overview\" data-v-83a2b402=\"\">\n<section id=\"activity-overview\" class=\"activity-overview\" data-component=\"overview\" data-v-83a2b402=\"\" data-v-f3236c42=\"\">\n<p class=\"activity-overview__content\" data-test-id=\"activity-overview-content\" data-v-f3236c42=\"\">Godetevi l'esperienza di navigare nelle acque cristalline delle splendide spiagge private di Bavaro su un lussuoso catamarano dove l'intrattenimento fa parte dell'avventura e dove potrete fare snorkeling.<\/p>\n<\/section>\n<\/div>\n<div data-track=\"key-details\" data-v-83a2b402=\"\"><\/div>","protected":false},"featured_media":14884,"template":"","meta":[],"product_brand":[],"product_cat":[97],"product_tag":[101,102],"class_list":{"0":"post-14654","1":"product","2":"type-product","3":"status-publish","4":"has-post-thumbnail","6":"product_cat-dominican-republic","7":"product_tag-excursion","8":"product_tag-tour","10":"first","11":"instock","12":"shipping-taxable","13":"product-type-external"},"_links":{"self":[{"href":"https:\/\/sabanadelamartours.com\/it\/wp-json\/wp\/v2\/product\/14654","targetHints":{"allow":["GET"]}}],"collection":[{"href":"https:\/\/sabanadelamartours.com\/it\/wp-json\/wp\/v2\/product"}],"about":[{"href":"https:\/\/sabanadelamartours.com\/it\/wp-json\/wp\/v2\/types\/product"}],"version-history":[{"count":1,"href":"https:\/\/sabanadelamartours.com\/it\/wp-json\/wp\/v2\/product\/14654\/revisions"}],"predecessor-version":[{"id":19042,"href":"https:\/\/sabanadelamartours.com\/it\/wp-json\/wp\/v2\/product\/14654\/revisions\/19042"}],"wp:featuredmedia":[{"embeddable":true,"href":"https:\/\/sabanadelamartours.com\/it\/wp-json\/wp\/v2\/media\/14884"}],"wp:attachment":[{"href":"https:\/\/sabanadelamartours.com\/it\/wp-json\/wp\/v2\/media?parent=14654"}],"wp:term":[{"taxonomy":"product_brand","embeddable":true,"href":"https:\/\/sabanadelamartours.com\/it\/wp-json\/wp\/v2\/product_brand?post=14654"},{"taxonomy":"product_cat","embeddable":true,"href":"https:\/\/sabanadelamartours.com\/it\/wp-json\/wp\/v2\/product_cat?post=14654"},{"taxonomy":"product_tag","embeddable":true,"href":"https:\/\/sabanadelamartours.com\/it\/wp-json\/wp\/v2\/product_tag?post=14654"}],"curies":[{"name":"wp","href":"https:\/\/api.w.org\/{rel}","templated":true}]}}