{"id":14700,"date":"2025-12-18T12:29:53","date_gmt":"2025-12-18T12:29:53","guid":{"rendered":"https:\/\/sabanadelamartours.com\/?post_type=product&#038;p=14700"},"modified":"2025-12-18T12:39:39","modified_gmt":"2025-12-18T12:39:39","slug":"da-punta-cana-o-la-romana-santo-domingo-escursione-culturale-di-un-giorno","status":"publish","type":"product","link":"https:\/\/sabanadelamartours.com\/it\/tour\/da-punta-cana-o-la-romana-santo-domingo-escursione-culturale-di-un-giorno\/","title":{"rendered":"Da Punta Cana o da La Romana: escursione culturale a Santo Domingo"},"content":{"rendered":"<p>Iniziate l'avventura con una visita alla grotta di Los Tres Ojos, caratterizzata da splendidi laghi d'acqua dolce all'interno di una grotta affascinante. Esplorate l'esterno del Faro di Colombo, che si dice custodisca i resti dell'esploratore.<\/p>\n<p>Ammirate l'architettura neoclassica del Palazzo Presidenziale e addentratevi nel cuore della storia di Santo Domingo nella Ciudad Colonial. Tra i punti salienti figurano la Cattedrale Primada de America, Calle de Las Damas e il Pantheon Nazionale. Plaza de Espa\u00f1a offre una vista mozzafiato sul fiume Ozama e ospita l'Alc\u00e1zar de Col\u00f3n, l'antica residenza dell'Ammiraglio.<\/p>\n<p>Visitate un negozio di souvenir per scoprire l'esclusiva pietra Larimar, esclusiva della Repubblica Dominicana. Godetevi il tempo libero per un caff\u00e8 e una piacevole passeggiata lungo Calle El Conde. Rifornitevi con un delizioso pranzo a buffet a base di piatti tipici.<\/p>\n<p>Rilassatevi nel Malec\u00f3n per ammirare il mare dei Caraibi anche dalla capitale.<\/p>","protected":false},"excerpt":{"rendered":"<div data-track=\"overview\" data-v-83a2b402=\"\">\n<section id=\"activity-overview\" class=\"activity-overview\" data-component=\"overview\" data-v-83a2b402=\"\" data-v-f3236c42=\"\">\n<p class=\"activity-overview__content\" data-test-id=\"activity-overview-content\" data-v-f3236c42=\"\">Esplorate le meraviglie storiche di Santo Domingo in una coinvolgente gita di un giorno. Scoprite l'eredit\u00e0 della famiglia Colombo, visitate i luoghi simbolo e passeggiate nell'affascinante Ciudad Colonial e nella Grotta!<\/p>\n<\/section>\n<\/div>\n<div data-track=\"key-details\" data-v-83a2b402=\"\"><\/div>","protected":false},"featured_media":14911,"template":"","meta":[],"product_brand":[],"product_cat":[97],"product_tag":[101,102],"class_list":{"0":"post-14700","1":"product","2":"type-product","3":"status-publish","4":"has-post-thumbnail","6":"product_cat-dominican-republic","7":"product_tag-excursion","8":"product_tag-tour","10":"first","11":"instock","12":"shipping-taxable","13":"product-type-external"},"_links":{"self":[{"href":"https:\/\/sabanadelamartours.com\/it\/wp-json\/wp\/v2\/product\/14700","targetHints":{"allow":["GET"]}}],"collection":[{"href":"https:\/\/sabanadelamartours.com\/it\/wp-json\/wp\/v2\/product"}],"about":[{"href":"https:\/\/sabanadelamartours.com\/it\/wp-json\/wp\/v2\/types\/product"}],"version-history":[{"count":0,"href":"https:\/\/sabanadelamartours.com\/it\/wp-json\/wp\/v2\/product\/14700\/revisions"}],"wp:featuredmedia":[{"embeddable":true,"href":"https:\/\/sabanadelamartours.com\/it\/wp-json\/wp\/v2\/media\/14911"}],"wp:attachment":[{"href":"https:\/\/sabanadelamartours.com\/it\/wp-json\/wp\/v2\/media?parent=14700"}],"wp:term":[{"taxonomy":"product_brand","embeddable":true,"href":"https:\/\/sabanadelamartours.com\/it\/wp-json\/wp\/v2\/product_brand?post=14700"},{"taxonomy":"product_cat","embeddable":true,"href":"https:\/\/sabanadelamartours.com\/it\/wp-json\/wp\/v2\/product_cat?post=14700"},{"taxonomy":"product_tag","embeddable":true,"href":"https:\/\/sabanadelamartours.com\/it\/wp-json\/wp\/v2\/product_tag?post=14700"}],"curies":[{"name":"wp","href":"https:\/\/api.w.org\/{rel}","templated":true}]}}