{"id":14783,"date":"2025-12-18T12:34:07","date_gmt":"2025-12-18T12:34:07","guid":{"rendered":"https:\/\/sabanadelamartours.com\/?post_type=product&#038;p=14783"},"modified":"2026-02-12T01:34:14","modified_gmt":"2026-02-12T01:34:14","slug":"-310","status":"publish","type":"product","link":"https:\/\/sabanadelamartours.com\/it\/tour\/-310\/","title":{"rendered":"Tour Buggy del Medio Giorno Playa Macao"},"content":{"rendered":"<p>Il Macau Buggy Tour \u00e8 una delle escursioni pi\u00f9 popolari di Punta Cana, \u00e8 un'avventura indimenticabile di mezza giornata, in cui guideremo un buggy attraverso le strade dell'interno dominicano. Un'escursione all'insegna del divertimento puro, dell'adrenalina, del fango e dell'acqua, dove avrete l'opportunit\u00e0 di scoprire un po' della vera Repubblica Dominicana.<\/p>\n<p>Attraverseremo il paese fino a raggiungere la splendida vista della spiaggia di Macao, dove ci fermeremo per una nuotata nelle sue acque blu ipnotiche.<\/p>","protected":false},"excerpt":{"rendered":"<div data-track=\"overview\" data-v-83a2b402=\"\">\n<section id=\"activity-overview\" class=\"activity-overview\" data-component=\"overview\" data-v-83a2b402=\"\" data-v-f3236c42=\"\">\n<p class=\"activity-overview__content\" data-test-id=\"activity-overview-content\" data-v-f3236c42=\"\">Godetevi una giornata ricca di azione in campagna a bordo di quad o buggies. Visitate alcuni dei luoghi pi\u00f9 belli di Punta Cana, tra cui l'esclusiva spiaggia di Macao e il cenote di Taina.<\/p>\n<\/section>\n<\/div>\n<div data-track=\"key-details\" data-v-83a2b402=\"\"><\/div>","protected":false},"featured_media":15001,"template":"","meta":[],"product_brand":[],"product_cat":[97],"product_tag":[101,102],"class_list":{"0":"post-14783","1":"product","2":"type-product","3":"status-publish","4":"has-post-thumbnail","6":"product_cat-dominican-republic","7":"product_tag-excursion","8":"product_tag-tour","10":"first","11":"instock","12":"shipping-taxable","13":"product-type-external"},"_links":{"self":[{"href":"https:\/\/sabanadelamartours.com\/it\/wp-json\/wp\/v2\/product\/14783","targetHints":{"allow":["GET"]}}],"collection":[{"href":"https:\/\/sabanadelamartours.com\/it\/wp-json\/wp\/v2\/product"}],"about":[{"href":"https:\/\/sabanadelamartours.com\/it\/wp-json\/wp\/v2\/types\/product"}],"version-history":[{"count":1,"href":"https:\/\/sabanadelamartours.com\/it\/wp-json\/wp\/v2\/product\/14783\/revisions"}],"predecessor-version":[{"id":19051,"href":"https:\/\/sabanadelamartours.com\/it\/wp-json\/wp\/v2\/product\/14783\/revisions\/19051"}],"wp:featuredmedia":[{"embeddable":true,"href":"https:\/\/sabanadelamartours.com\/it\/wp-json\/wp\/v2\/media\/15001"}],"wp:attachment":[{"href":"https:\/\/sabanadelamartours.com\/it\/wp-json\/wp\/v2\/media?parent=14783"}],"wp:term":[{"taxonomy":"product_brand","embeddable":true,"href":"https:\/\/sabanadelamartours.com\/it\/wp-json\/wp\/v2\/product_brand?post=14783"},{"taxonomy":"product_cat","embeddable":true,"href":"https:\/\/sabanadelamartours.com\/it\/wp-json\/wp\/v2\/product_cat?post=14783"},{"taxonomy":"product_tag","embeddable":true,"href":"https:\/\/sabanadelamartours.com\/it\/wp-json\/wp\/v2\/product_tag?post=14783"}],"curies":[{"name":"wp","href":"https:\/\/api.w.org\/{rel}","templated":true}]}}