{"id":14869,"date":"2025-12-18T12:37:37","date_gmt":"2025-12-18T12:37:37","guid":{"rendered":"https:\/\/sabanadelamartours.com\/?post_type=product&#038;p=14869"},"modified":"2026-01-09T03:21:52","modified_gmt":"2026-01-09T03:21:52","slug":"-318","status":"publish","type":"product","link":"https:\/\/sabanadelamartours.com\/it\/tour\/-318\/","title":{"rendered":"Da Punta Cana: Escursione di un'intera giornata a Saman\u00e0 in autobus e barca"},"content":{"rendered":"<p>Approfittate del servizio di prelievo dall'hotel nelle aree di Punta Cana, Bavaro, Uvero Alto e Bayahibe, per poi scoprire l'incredibile campagna della Repubblica Dominicana da diverse prospettive. Percorrete le strade rurali e ottenete infinite opportunit\u00e0 fotografiche.<\/p>\n<p>Iniziate con un'ora di guida lungo l'autostrada El Seybo da Bavaro a Miches. Raggiungete il molo per imbarcarvi su un motoscafo diretto a Santa B\u00e1rbara de Saman\u00e1. All'arrivo, salite a bordo di un camion safari e raggiungete El Lim\u00f3n. Visitate una casa sull'isola e assaggiate i frutti nativi e biologici della piantagione.<\/p>\n<p>Proseguite verso la maestosa cascata di El Lim\u00f3n con una breve passeggiata a cavallo attraverso la foresta tropicale. Potrete godere di una vista unica delle acque cristalline dalla montagna prima di salutare i cavalli e camminare lungo il fiume per fare un tuffo rinfrescante nella cascata.<\/p>\n<p>Rifocillatevi con un tipico pasto a buffet al Rancho Tipico e godetevi un breve riposo prima di tornare al molo di Saman\u00e1.<\/p>\n<div class=\"toggle-content__content toggle-content__content--expanded toggle-content__content--packable\" data-v-59485d64=\"\">\n<div data-test-id=\"activity-full-description-text\" data-v-5835c99c=\"\">Raggiungete l'isola Bacardi o Cayo Levantado in motoscafo e all'arrivo fate un bagno nelle acque turchesi. Poi, salite a bordo del motoscafo per un'ultima gita a Miches, dove un autobus vi attender\u00e0 per riportarvi in hotel.<\/div>\n<\/div>\n<div class=\"toggle-content__label-placeholder\" data-v-59485d64=\"\"><\/div>","protected":false},"excerpt":{"rendered":"<div data-track=\"overview\" data-v-83a2b402=\"\">\n<section id=\"activity-overview\" class=\"activity-overview\" data-component=\"overview\" data-v-83a2b402=\"\" data-v-f3236c42=\"\">\n<p class=\"activity-overview__content\" data-test-id=\"activity-overview-content\" data-v-f3236c42=\"\">Scoprite la Repubblica Dominicana con un tour da Punta Cana a Samana. Andate a cavallo fino alla cascata el Limon, visitate Cayo Levantado, l'isola Bacardi, una casa tipica e gustate un pasto a buffet.<\/p>\n<\/section>\n<\/div>\n<div data-track=\"key-details\" data-v-83a2b402=\"\"><\/div>","protected":false},"featured_media":15085,"template":"","meta":[],"product_brand":[],"product_cat":[77],"product_tag":[101,102],"class_list":{"0":"post-14869","1":"product","2":"type-product","3":"status-publish","4":"has-post-thumbnail","6":"product_cat-uncategorized","7":"product_tag-excursion","8":"product_tag-tour","10":"first","11":"instock","12":"shipping-taxable","13":"product-type-external"},"_links":{"self":[{"href":"https:\/\/sabanadelamartours.com\/it\/wp-json\/wp\/v2\/product\/14869","targetHints":{"allow":["GET"]}}],"collection":[{"href":"https:\/\/sabanadelamartours.com\/it\/wp-json\/wp\/v2\/product"}],"about":[{"href":"https:\/\/sabanadelamartours.com\/it\/wp-json\/wp\/v2\/types\/product"}],"version-history":[{"count":1,"href":"https:\/\/sabanadelamartours.com\/it\/wp-json\/wp\/v2\/product\/14869\/revisions"}],"predecessor-version":[{"id":18661,"href":"https:\/\/sabanadelamartours.com\/it\/wp-json\/wp\/v2\/product\/14869\/revisions\/18661"}],"wp:featuredmedia":[{"embeddable":true,"href":"https:\/\/sabanadelamartours.com\/it\/wp-json\/wp\/v2\/media\/15085"}],"wp:attachment":[{"href":"https:\/\/sabanadelamartours.com\/it\/wp-json\/wp\/v2\/media?parent=14869"}],"wp:term":[{"taxonomy":"product_brand","embeddable":true,"href":"https:\/\/sabanadelamartours.com\/it\/wp-json\/wp\/v2\/product_brand?post=14869"},{"taxonomy":"product_cat","embeddable":true,"href":"https:\/\/sabanadelamartours.com\/it\/wp-json\/wp\/v2\/product_cat?post=14869"},{"taxonomy":"product_tag","embeddable":true,"href":"https:\/\/sabanadelamartours.com\/it\/wp-json\/wp\/v2\/product_tag?post=14869"}],"curies":[{"name":"wp","href":"https:\/\/api.w.org\/{rel}","templated":true}]}}