{"id":14984,"date":"2025-12-18T12:42:38","date_gmt":"2025-12-18T12:42:38","guid":{"rendered":"https:\/\/sabanadelamartours.com\/?post_type=product&#038;p=14984"},"modified":"2026-02-12T03:10:35","modified_gmt":"2026-02-12T03:10:35","slug":"-331","status":"publish","type":"product","link":"https:\/\/sabanadelamartours.com\/it\/tour\/-331\/","title":{"rendered":"Sosua Tramonto in barca e Snorkeling"},"content":{"rendered":"<p>Una crociera in catamarano totalmente privata e rilassante con una guida personale e professionale.<\/p>\n<p>Navighiamo verso un'avventura indimenticabile! Approfittate dell'opportunit\u00e0 di vivere uno dei pi\u00f9 bei tramonti a bordo di un catamarano che parte dalla baia di Sos\u00faa.<\/p>\n<p>La prima tappa consiste in un bellissimo tour sottomarino. La guida marina far\u00e0 snorkeling con voi, mostrandovi tutti i pesci e le variet\u00e0 che il luogo ha da offrire. Dopo 25 minuti, tornerete alla nave e godrete di un open bar con bevande locali.<\/p>\n<p>Un altro luogo ideale \u00e8 Three Rocks, Los Cabezos (chiamato anche canyon) che presenta 3 grandi rocce verticali dove si trovano molti pesci.<\/p>\n<p>Sono inclusi un pranzo completo al barbecue, bevande analcoliche e alcoliche. Godetevi quest'avventura per mezza giornata e lasciate il resto della giornata libero. Ha un buon sistema musicale<\/p>","protected":false},"excerpt":{"rendered":"<div data-track=\"overview\" data-v-83a2b402=\"\">\n<section id=\"activity-overview\" class=\"activity-overview\" data-component=\"overview\" data-v-83a2b402=\"\" data-v-f3236c42=\"\">\n<p class=\"activity-overview__content\" data-test-id=\"activity-overview-content\" data-v-f3236c42=\"\">Venite con noi e godetevi il pi\u00f9 spettacolare dei tour di snorkeling. Potrete nutrire con le vostre mani gli innumerevoli tipi di pesci multicolori e coralli tropicali.<\/p>\n<\/section>\n<\/div>\n<div data-track=\"key-details\" data-v-83a2b402=\"\"><\/div>","protected":false},"featured_media":15196,"template":"","meta":[],"product_brand":[],"product_cat":[97],"product_tag":[101,102],"class_list":{"0":"post-14984","1":"product","2":"type-product","3":"status-publish","4":"has-post-thumbnail","6":"product_cat-dominican-republic","7":"product_tag-excursion","8":"product_tag-tour","10":"first","11":"instock","12":"shipping-taxable","13":"product-type-external"},"_links":{"self":[{"href":"https:\/\/sabanadelamartours.com\/it\/wp-json\/wp\/v2\/product\/14984","targetHints":{"allow":["GET"]}}],"collection":[{"href":"https:\/\/sabanadelamartours.com\/it\/wp-json\/wp\/v2\/product"}],"about":[{"href":"https:\/\/sabanadelamartours.com\/it\/wp-json\/wp\/v2\/types\/product"}],"version-history":[{"count":1,"href":"https:\/\/sabanadelamartours.com\/it\/wp-json\/wp\/v2\/product\/14984\/revisions"}],"predecessor-version":[{"id":19068,"href":"https:\/\/sabanadelamartours.com\/it\/wp-json\/wp\/v2\/product\/14984\/revisions\/19068"}],"wp:featuredmedia":[{"embeddable":true,"href":"https:\/\/sabanadelamartours.com\/it\/wp-json\/wp\/v2\/media\/15196"}],"wp:attachment":[{"href":"https:\/\/sabanadelamartours.com\/it\/wp-json\/wp\/v2\/media?parent=14984"}],"wp:term":[{"taxonomy":"product_brand","embeddable":true,"href":"https:\/\/sabanadelamartours.com\/it\/wp-json\/wp\/v2\/product_brand?post=14984"},{"taxonomy":"product_cat","embeddable":true,"href":"https:\/\/sabanadelamartours.com\/it\/wp-json\/wp\/v2\/product_cat?post=14984"},{"taxonomy":"product_tag","embeddable":true,"href":"https:\/\/sabanadelamartours.com\/it\/wp-json\/wp\/v2\/product_tag?post=14984"}],"curies":[{"name":"wp","href":"https:\/\/api.w.org\/{rel}","templated":true}]}}