{"id":15134,"date":"2025-12-18T12:49:26","date_gmt":"2025-12-18T12:49:26","guid":{"rendered":"https:\/\/sabanadelamartours.com\/?post_type=product&#038;p=15134"},"modified":"2026-02-12T03:23:58","modified_gmt":"2026-02-12T03:23:58","slug":"tour-di-mezza-giornata-degli-altos-de-chavon-da-punta-cana","status":"publish","type":"product","link":"https:\/\/sabanadelamartours.com\/it\/tour\/tour-di-mezza-giornata-degli-altos-de-chavon-da-punta-cana\/","title":{"rendered":"Altos De Chav\u00f3n: Tour di mezza giornata da Punta Cana"},"content":{"rendered":"<p>Partite per un viaggio arricchente ad Altos de Chav\u00f3n, un pittoresco villaggio immerso nella campagna dominicana. La vostra avventura inizia con un comodo trasporto di andata e ritorno da Punta Cana, ponendo le basi per una giornata piena di esplorazioni e scoperte.<\/p>\n<p>All'arrivo, sarete accolti dalle affascinanti strade acciottolate e dall'architettura di ispirazione mediterranea di Altos de Chav\u00f3n. Accompagnati dalla vostra guida esperta, intraprenderete una visita guidata di questo affascinante villaggio, dove ogni angolo racconta una storia di secoli passati.<\/p>\n<p>La prima tappa \u00e8 l'iconica Iglesia San Estanislao, una splendida chiesa che vanta una vista panoramica sulla campagna circostante. Qui conoscerete la storia e il significato di questo gioiello architettonico, ricco di cultura e tradizione dominicana.<\/p>\n<p>Poi, addentratevi nell'affascinante mondo dell'archeologia al Museo Arqueol\u00f3gico, dove antichi manufatti e reperti fanno luce sulla cultura indigena Taino e sul ricco patrimonio dell'isola. Immergetevi nel passato esplorando le collezioni del museo e scoprendo i segreti della storia dominicana.<\/p>\n<p>Continuate il vostro viaggio con una visita al Museo del \u00c1mbar y Larimar Dominicano, dove scoprirete i tesori geologici unici che rendono famosa la Repubblica Dominicana. Imparate a conoscere l'estrazione e la lavorazione dell'ambra e del larimar, due pietre preziose che si trovano esclusivamente nei Caraibi.<\/p>\n<p>Passeggiando per Altos de Chav\u00f3n, non perdete l'occasione di ammirare i panorami mozzafiato dal Mirador al R\u00edo Chav\u00f3n, un belvedere che offre una vista panoramica del fiume Chav\u00f3n che serpeggia nel lussureggiante paesaggio sottostante.<\/p>\n<p>Vivete la magia della scena culturale di Altos de Chav\u00f3n con una visita all'Anfiteatro, uno splendido anfiteatro che ha ospitato artisti e performer di fama mondiale. Ammirate la bellezza architettonica di questo luogo all'aperto mentre immaginate i vibranti concerti ed eventi che vi hanno avuto luogo.<\/p>\n<p>Prima di concludere il tour, prendetevi un po' di tempo per curiosare nei negozi di souvenir locali, dove troverete souvenir e oggetti di artigianato unici per ricordare la vostra visita ad Altos de Chav\u00f3n. Dalle ceramiche fatte a mano ai tessuti intricati, c'\u00e8 qualcosa da conservare per tutti.<\/p>\n<p>Al termine della giornata, riflettete sulla bellezza e sulla storia che avete vissuto durante il vostro soggiorno ad Altos de Chav\u00f3n. Salite a bordo del vostro mezzo di trasporto per tornare a Punta Cana, pieni di ricordi di un viaggio indimenticabile nel cuore della Repubblica Dominicana.<\/p>","protected":false},"excerpt":{"rendered":"<div data-track=\"overview\" data-v-83a2b402=\"\">\n<section id=\"activity-overview\" class=\"activity-overview\" data-component=\"overview\" data-v-83a2b402=\"\" data-v-f3236c42=\"\">\n<p class=\"activity-overview__content\" data-test-id=\"activity-overview-content\" data-v-f3236c42=\"\">Esplorate la ricca storia e i paesaggi mozzafiato di Altos de Chav\u00f3n con tour guidati da esperti di punti di riferimento, musei, punti panoramici e altro ancora.<\/p>\n<\/section>\n<\/div>\n<div data-track=\"key-details\" data-v-83a2b402=\"\"><\/div>","protected":false},"featured_media":15358,"template":"","meta":[],"product_brand":[],"product_cat":[97],"product_tag":[101,102],"class_list":{"0":"post-15134","1":"product","2":"type-product","3":"status-publish","4":"has-post-thumbnail","6":"product_cat-dominican-republic","7":"product_tag-excursion","8":"product_tag-tour","10":"first","11":"instock","12":"shipping-taxable","13":"product-type-external"},"_links":{"self":[{"href":"https:\/\/sabanadelamartours.com\/it\/wp-json\/wp\/v2\/product\/15134","targetHints":{"allow":["GET"]}}],"collection":[{"href":"https:\/\/sabanadelamartours.com\/it\/wp-json\/wp\/v2\/product"}],"about":[{"href":"https:\/\/sabanadelamartours.com\/it\/wp-json\/wp\/v2\/types\/product"}],"version-history":[{"count":2,"href":"https:\/\/sabanadelamartours.com\/it\/wp-json\/wp\/v2\/product\/15134\/revisions"}],"predecessor-version":[{"id":19086,"href":"https:\/\/sabanadelamartours.com\/it\/wp-json\/wp\/v2\/product\/15134\/revisions\/19086"}],"wp:featuredmedia":[{"embeddable":true,"href":"https:\/\/sabanadelamartours.com\/it\/wp-json\/wp\/v2\/media\/15358"}],"wp:attachment":[{"href":"https:\/\/sabanadelamartours.com\/it\/wp-json\/wp\/v2\/media?parent=15134"}],"wp:term":[{"taxonomy":"product_brand","embeddable":true,"href":"https:\/\/sabanadelamartours.com\/it\/wp-json\/wp\/v2\/product_brand?post=15134"},{"taxonomy":"product_cat","embeddable":true,"href":"https:\/\/sabanadelamartours.com\/it\/wp-json\/wp\/v2\/product_cat?post=15134"},{"taxonomy":"product_tag","embeddable":true,"href":"https:\/\/sabanadelamartours.com\/it\/wp-json\/wp\/v2\/product_tag?post=15134"}],"curies":[{"name":"wp","href":"https:\/\/api.w.org\/{rel}","templated":true}]}}