{"id":15212,"date":"2025-12-18T12:52:44","date_gmt":"2025-12-18T12:52:44","guid":{"rendered":"https:\/\/sabanadelamartours.com\/?post_type=product&#038;p=15212"},"modified":"2026-02-12T04:17:59","modified_gmt":"2026-02-12T04:17:59","slug":"da-punta-cana-santo-domingo-escursione-di-una-giornata-intera-con-pranzo","status":"publish","type":"product","link":"https:\/\/sabanadelamartours.com\/it\/tour\/da-punta-cana-santo-domingo-escursione-di-una-giornata-intera-con-pranzo\/","title":{"rendered":"Da Punta Cana: Gita di un giorno intero a Santo Domingo con pranzo"},"content":{"rendered":"<p>Partecipate a un'esperienza di un'intera giornata partendo da B\u00e1varo e Bayahibe attraverso la nuova Autov\u00eda del Este. Passeggiate nel centro storico acciottolato di Santo Domingo e visitate la cattedrale. Osservate luoghi iconici come il Palazzo Alc\u00e1zar de Col\u00f3n, il Pantheon Nazionale e Los Tres Ojos.<\/p>\n<p>Dopo l'arrivo a Santo Domingo, si parte per la prima tappa, la grotta calcarea a cielo aperto e i laghi di Los Tres Ojos. Continuate il tour fino a raggiungere il Faro di Col\u00f3n. Ascoltate la sua storia e fotografate il panorama circostante.<\/p>\n<p>Passeggiate nella Plaza de Espa\u00f1a, ricca di caff\u00e8, e nella Zona Coloniale. Visitate il palazzo Alc\u00e1zar de Col\u00f3n, oggi uno dei numerosi musei della citt\u00e0, che espone arte medievale e rinascimentale. Scoprite il passato e il presente della citt\u00e0 pi\u00f9 antica delle Americhe.<\/p>\n<p>Sosta per un pranzo a buffet in un ristorante della Zona Coloniale. Rendete omaggio alla Prima Cattedrale delle Americhe. Passate alla prima strada, Calle de Las Damas, e ad altri monumenti coloniali del XV e XVI secolo.<\/p>\n<div class=\"toggle-content__content toggle-content__content--expanded toggle-content__content--packable\" data-v-59485d64=\"\">\n<div data-test-id=\"activity-full-description-text\" data-v-5835c99c=\"\">Ammirate la vista panoramica della citt\u00e0 moderna, delle zone residenziali e del Palazzo Presidenziale. Il tempo libero \u00e8 a disposizione per passeggiare nei dintorni di El Conde, dove si possono ammirare edifici antichi o fare shopping.<\/div>\n<\/div>\n<div class=\"toggle-content__label-placeholder\" data-v-59485d64=\"\"><\/div>","protected":false},"excerpt":{"rendered":"<div data-track=\"overview\" data-v-83a2b402=\"\">\n<section id=\"activity-overview\" class=\"activity-overview\" data-component=\"overview\" data-v-83a2b402=\"\" data-v-f3236c42=\"\">\n<p class=\"activity-overview__content\" data-test-id=\"activity-overview-content\" data-v-f3236c42=\"\">Esplorate la capitale della Repubblica Dominicana e una delle citt\u00e0 pi\u00f9 antiche dei Caraibi con questo tour guidato di 9,5 ore di Santo Domingo.<\/p>\n<\/section>\n<\/div>\n<div data-track=\"key-details\" data-v-83a2b402=\"\"><\/div>","protected":false},"featured_media":15454,"template":"","meta":[],"product_brand":[],"product_cat":[216],"product_tag":[101,102],"class_list":{"0":"post-15212","1":"product","2":"type-product","3":"status-publish","4":"has-post-thumbnail","6":"product_cat-dominican","7":"product_tag-excursion","8":"product_tag-tour","10":"first","11":"instock","12":"shipping-taxable","13":"product-type-external"},"_links":{"self":[{"href":"https:\/\/sabanadelamartours.com\/it\/wp-json\/wp\/v2\/product\/15212","targetHints":{"allow":["GET"]}}],"collection":[{"href":"https:\/\/sabanadelamartours.com\/it\/wp-json\/wp\/v2\/product"}],"about":[{"href":"https:\/\/sabanadelamartours.com\/it\/wp-json\/wp\/v2\/types\/product"}],"version-history":[{"count":1,"href":"https:\/\/sabanadelamartours.com\/it\/wp-json\/wp\/v2\/product\/15212\/revisions"}],"predecessor-version":[{"id":19093,"href":"https:\/\/sabanadelamartours.com\/it\/wp-json\/wp\/v2\/product\/15212\/revisions\/19093"}],"wp:featuredmedia":[{"embeddable":true,"href":"https:\/\/sabanadelamartours.com\/it\/wp-json\/wp\/v2\/media\/15454"}],"wp:attachment":[{"href":"https:\/\/sabanadelamartours.com\/it\/wp-json\/wp\/v2\/media?parent=15212"}],"wp:term":[{"taxonomy":"product_brand","embeddable":true,"href":"https:\/\/sabanadelamartours.com\/it\/wp-json\/wp\/v2\/product_brand?post=15212"},{"taxonomy":"product_cat","embeddable":true,"href":"https:\/\/sabanadelamartours.com\/it\/wp-json\/wp\/v2\/product_cat?post=15212"},{"taxonomy":"product_tag","embeddable":true,"href":"https:\/\/sabanadelamartours.com\/it\/wp-json\/wp\/v2\/product_tag?post=15212"}],"curies":[{"name":"wp","href":"https:\/\/api.w.org\/{rel}","templated":true}]}}