{"id":15234,"date":"2025-12-18T12:53:32","date_gmt":"2025-12-18T12:53:32","guid":{"rendered":"https:\/\/sabanadelamartours.com\/?post_type=product&#038;p=15234"},"modified":"2026-02-12T04:21:35","modified_gmt":"2026-02-12T04:21:35","slug":"grotta-del-fiume-e-spiaggia-di-macao-avventura-di-mezza-giornata-in-quad","status":"publish","type":"product","link":"https:\/\/sabanadelamartours.com\/it\/tour\/grotta-del-fiume-e-spiaggia-di-macao-avventura-di-mezza-giornata-in-quad\/","title":{"rendered":"Grotta del fiume e spiaggia di Macao Avventura di mezza giornata in quad"},"content":{"rendered":"<p>Un'avventura emozionante e divertente in cui incontrerete i passeggini che fanno parte della cultura dominicana, come il caff\u00e8, il cacao, il tabacco da fiuto e il loro processo, nonch\u00e9 la visita a Macao e alla sua bellissima spiaggia e alle sue acque cristalline. Godetevi un'emozionante avventura in buggies dove potrete ammirare lo splendido scenario della spiaggia di Macao e nuotare nelle sue acque incredibili. Questa sar\u00e0 un'indimenticabile e folle avventura di mezza giornata che si svolger\u00e0 su sentieri nella campagna dominicana. Si far\u00e0 anche una sosta in una tipica casa dominicana per assistere alla fabbricazione del cacao, del caff\u00e8 potendo comunque deliziarsi di un nuovo mondo di sapori e odori. Poi si continua a guidare fino a raggiungere una grotta sotterranea con acqua cristallina dove si pu\u00f2 fare il bagno. Una giornata piena di divertimento per chi cerca un tour per ammirare le bellezze naturali della Repubblica Dominicana.<\/p>","protected":false},"excerpt":{"rendered":"<div data-track=\"overview\" data-v-83a2b402=\"\">\n<section id=\"activity-overview\" class=\"activity-overview\" data-component=\"overview\" data-v-83a2b402=\"\" data-v-f3236c42=\"\">\n<p class=\"activity-overview__content\" data-test-id=\"activity-overview-content\" data-v-f3236c42=\"\">Un'avventura emozionante e divertente in cui conoscerete il buggie, cos\u00ec com'\u00e8, il caff\u00e8, il cacao, il tabacco da fiuto e il loro processo, nonch\u00e9 la visita a Macao e alla sua splendida spiaggia e alle sue acque cristalline.<\/p>\n<\/section>\n<\/div>\n<div data-track=\"key-details\" data-v-83a2b402=\"\"><\/div>","protected":false},"featured_media":15468,"template":"","meta":[],"product_brand":[],"product_cat":[216],"product_tag":[101,102],"class_list":{"0":"post-15234","1":"product","2":"type-product","3":"status-publish","4":"has-post-thumbnail","6":"product_cat-dominican","7":"product_tag-excursion","8":"product_tag-tour","10":"first","11":"instock","12":"shipping-taxable","13":"product-type-external"},"_links":{"self":[{"href":"https:\/\/sabanadelamartours.com\/it\/wp-json\/wp\/v2\/product\/15234","targetHints":{"allow":["GET"]}}],"collection":[{"href":"https:\/\/sabanadelamartours.com\/it\/wp-json\/wp\/v2\/product"}],"about":[{"href":"https:\/\/sabanadelamartours.com\/it\/wp-json\/wp\/v2\/types\/product"}],"version-history":[{"count":1,"href":"https:\/\/sabanadelamartours.com\/it\/wp-json\/wp\/v2\/product\/15234\/revisions"}],"predecessor-version":[{"id":19096,"href":"https:\/\/sabanadelamartours.com\/it\/wp-json\/wp\/v2\/product\/15234\/revisions\/19096"}],"wp:featuredmedia":[{"embeddable":true,"href":"https:\/\/sabanadelamartours.com\/it\/wp-json\/wp\/v2\/media\/15468"}],"wp:attachment":[{"href":"https:\/\/sabanadelamartours.com\/it\/wp-json\/wp\/v2\/media?parent=15234"}],"wp:term":[{"taxonomy":"product_brand","embeddable":true,"href":"https:\/\/sabanadelamartours.com\/it\/wp-json\/wp\/v2\/product_brand?post=15234"},{"taxonomy":"product_cat","embeddable":true,"href":"https:\/\/sabanadelamartours.com\/it\/wp-json\/wp\/v2\/product_cat?post=15234"},{"taxonomy":"product_tag","embeddable":true,"href":"https:\/\/sabanadelamartours.com\/it\/wp-json\/wp\/v2\/product_tag?post=15234"}],"curies":[{"name":"wp","href":"https:\/\/api.w.org\/{rel}","templated":true}]}}