{"id":15465,"date":"2025-12-18T13:06:42","date_gmt":"2025-12-18T13:06:42","guid":{"rendered":"https:\/\/sabanadelamartours.com\/?post_type=product&#038;p=15465"},"modified":"2026-02-12T04:23:20","modified_gmt":"2026-02-12T04:23:20","slug":"visita-guidata-in-scooter","status":"publish","type":"product","link":"https:\/\/sabanadelamartours.com\/it\/tour\/visita-guidata-in-scooter\/","title":{"rendered":"Tour guidato in scooter"},"content":{"rendered":"<p>I punti salienti del viaggio includono la visita a una fabbrica di rum, la vista dell'oceano alla Fortezza di San Felipe, una fabbrica di cioccolato e molto altro ancora. L'avventura si conclude in spiaggia, dove \u00e8 possibile fare il bagno e rimanervi per tutto il tempo che si desidera.<\/p>\n<p>Questo \u00e8 un itinerario tipico per questo prodotto, non nello stesso ordine. La durata \u00e8 di 4:30 ore.<\/p>\n<p>Fermata a: Macorix House of Rum, Calle Avenida Francisco Alberto Caamano.<\/p>\n<p>Scoprite la storia della produzione di rum sull'isola. Assaggiate 8 diverse variet\u00e0 di rum.<\/p>\n<p>Fermata a: Parco dell'Indipendenza, C. Beller.<\/p>\n<p>Il Parco Centrale di Puerto Plata \u00e8 diventato il luogo di incontro pi\u00f9 popolare di Puerto Plata. Questo bellissimo parco \u00e8 conosciuto anche come Piazza dell'Indipendenza. Grazie alla sua storia, questo parco \u00e8 un simbolo nazionale.<\/p>\n<p>Fermata a: Fortaleza San Felipe, Calle Avenida General Gregorio Luperon.<\/p>\n<p>La Fortaleza San Felipe \u00e8 una storica fortezza spagnola. \u00c8 nota anche come El Morro de San Felipe e serviva a proteggere la citt\u00e0 di Puerto Plata da pirati e corsari.<\/p>\n<p>Fermata a: Umbrella Street, Calle San Felipe. Umbrella Street \u00e8 una colorata strada esclusivamente pedonale con diversi locali turistici. Questa zona all'aperto \u00e8 decorata con i caratteristici ombrelli vivaci. Dopo aver scattato qualche foto, potete esplorare una caffetteria o visitare il museo del cioccolato o del tabacco. Fermatevi a: Paseo de Dona Blanca, Calle Beller n. 30. Paseo Do\u00f1a Blanca: \u00e8 un vicolo interamente dipinto di rosa con dettagli architettonici vittoriani.<\/p>\n<p>Fermatevi a: Fifi Jewelry And Cigar Store, C\/12 De Julio A. Esq. Separacion # 41. Il Museo dell'Ambra di Fifi Jewelry \u00e8 uno dei luoghi pi\u00f9 visitati di Puerto Plata. Al suo interno ospita una delle pi\u00f9 grandi esposizioni di resina della Repubblica Dominicana. Il Paese possiede i pi\u00f9 importanti giacimenti di ambra del mondo; inoltre, i colori blu, verde o miele caldo sono unici di questa zona grazie alla sua attivit\u00e0 vulcanica. Qui \u00e8 possibile scoprire la storia di questa pietra preziosa di origine vegetale. La pietra pi\u00f9 nota esposta in questo museo \u00e8 una lucertola di 40 cm conservata all'interno di un pezzo di ambra. Questa resina pu\u00f2 contenere fossili preistorici di piante e piccoli animali grazie alla sua natura appiccicosa. Trasformando la pietra in un oggetto di studio. Si dice che Steven Spielberg si sia ispirato a questo museo quando stava lavorando al suo famoso film Jurassic Park. Fermata a: Fabbrica di cioccolato Del Oro. La Fabbrica di Cioccolato Del Oro \u00e8 un ottimo posto da visitare a Puerto Plata. La fabbrica produce cioccolato biologico al cacao dominicano ed \u00e8 un luogo ideale per soddisfare la vostra voglia di dolce. Assaggiando i vari cioccolatini, scoprirete anche come vengono utilizzati i diversi macchinari per la produzione del cioccolato. Il tour della fabbrica di cioccolato Del Oro inizia con un breve filmato sul processo di produzione del cioccolato, seguito da una degustazione di cioccolato alla fine del tour. Fermata a: Catedral San Felipe, Calle Jose Del Carmen Ariza. Questa moderna cattedrale vittoriana \u00e8 uno spettacolo da vedere. Gli alti soffitti, le finestre tese e la bella architettura ne fanno una tappa interessante da esplorare.<\/p>","protected":false},"excerpt":{"rendered":"<div data-track=\"overview\" data-v-83a2b402=\"\">\n<section id=\"activity-overview\" class=\"activity-overview\" data-component=\"overview\" data-v-83a2b402=\"\" data-v-f3236c42=\"\">\n<p class=\"activity-overview__content\" data-test-id=\"activity-overview-content\" data-v-f3236c42=\"\">Sfruttate al massimo il vostro tempo sulla costa di Puerto Plata con questo tour guidato di mezza giornata in scooter. Partite per un giro guidato in scooter intorno a Puerto Plata per conoscere la storia e la cultura di Puerto Plata.<\/p>\n<\/section>\n<\/div>\n<div data-track=\"key-details\" data-v-83a2b402=\"\"><\/div>","protected":false},"featured_media":15545,"template":"","meta":[],"product_brand":[],"product_cat":[97],"product_tag":[101,102],"class_list":{"0":"post-15465","1":"product","2":"type-product","3":"status-publish","4":"has-post-thumbnail","6":"product_cat-dominican-republic","7":"product_tag-excursion","8":"product_tag-tour","10":"first","11":"instock","12":"shipping-taxable","13":"product-type-external"},"_links":{"self":[{"href":"https:\/\/sabanadelamartours.com\/it\/wp-json\/wp\/v2\/product\/15465","targetHints":{"allow":["GET"]}}],"collection":[{"href":"https:\/\/sabanadelamartours.com\/it\/wp-json\/wp\/v2\/product"}],"about":[{"href":"https:\/\/sabanadelamartours.com\/it\/wp-json\/wp\/v2\/types\/product"}],"version-history":[{"count":2,"href":"https:\/\/sabanadelamartours.com\/it\/wp-json\/wp\/v2\/product\/15465\/revisions"}],"predecessor-version":[{"id":19099,"href":"https:\/\/sabanadelamartours.com\/it\/wp-json\/wp\/v2\/product\/15465\/revisions\/19099"}],"wp:featuredmedia":[{"embeddable":true,"href":"https:\/\/sabanadelamartours.com\/it\/wp-json\/wp\/v2\/media\/15545"}],"wp:attachment":[{"href":"https:\/\/sabanadelamartours.com\/it\/wp-json\/wp\/v2\/media?parent=15465"}],"wp:term":[{"taxonomy":"product_brand","embeddable":true,"href":"https:\/\/sabanadelamartours.com\/it\/wp-json\/wp\/v2\/product_brand?post=15465"},{"taxonomy":"product_cat","embeddable":true,"href":"https:\/\/sabanadelamartours.com\/it\/wp-json\/wp\/v2\/product_cat?post=15465"},{"taxonomy":"product_tag","embeddable":true,"href":"https:\/\/sabanadelamartours.com\/it\/wp-json\/wp\/v2\/product_tag?post=15465"}],"curies":[{"name":"wp","href":"https:\/\/api.w.org\/{rel}","templated":true}]}}