{"id":15480,"date":"2025-12-18T13:07:15","date_gmt":"2025-12-18T13:07:15","guid":{"rendered":"https:\/\/sabanadelamartours.com\/?post_type=product&#038;p=15480"},"modified":"2026-02-12T04:25:44","modified_gmt":"2026-02-12T04:25:44","slug":"immersioni-a-sosua-cabarete","status":"publish","type":"product","link":"https:\/\/sabanadelamartours.com\/it\/tour\/immersioni-a-sosua-cabarete\/","title":{"rendered":"Immersioni a Sosua Cabarete"},"content":{"rendered":"<p>Scoprite la magia dei Giardini di Corallo di Sosua in questa emozionante immersione di un'ora. L'avventura inizia con un breve viaggio in barca di 5 minuti dalla spiaggia, che vi porter\u00e0 all'ipnotico sito di immersione. Scendendo nelle acque limpide e calde, sarete accolti da una splendida parete di 30 metri ornata da vibranti coralli molli e duri. Nuotate attraverso un affascinante paesaggio sottomarino pieno di corallo a frusta, corallo a scoppio, gorgonie e pennacchi.<\/p>\n<p>Scivolate senza fatica in un'immersione alla deriva lungo il Giardino dei Coralli, ammirando i vivaci pesci tropicali che guizzano tra i coralli. Esplorate affascinanti formazioni rocciose, passaggi e caverne che aggiungono un elemento di eccitazione al vostro viaggio sottomarino. Tenete gli occhi aperti per la vita marina residente: avvistate le aragoste che si nascondono nelle fessure, le graziose tartarughe che scivolano, le razze furtive che riposano sul fondo sabbioso e le sfuggenti anguille che fanno capolino dalle loro case di corallo.<\/p>\n<p>Il Coral Garden \u00e8 collegato al sito di immersione Three Rocks, che offre ancora pi\u00f9 cose da vedere ed esplorare. Il vibrante ecosistema di questo sito \u00e8 una testimonianza della ricca biodiversit\u00e0 del mondo sottomarino della Repubblica Dominicana. Grazie al clima costante e al bel tempo durante tutto l'anno, questa immersione promette una visibilit\u00e0 costante e condizioni confortevoli, rendendola perfetta per i subacquei di tutti i livelli.<\/p>\n<div class=\"toggle-content__content toggle-content__content--expanded toggle-content__content--packable\" data-v-59485d64=\"\">\n<div data-test-id=\"activity-full-description-text\" data-v-5835c99c=\"\">I Giardini di Corallo a Sosua cattureranno i vostri sensi e vi offriranno un'esperienza subacquea davvero indimenticabile. Tuffatevi nell'avventura e assistete alla bellezza mozzafiato di uno dei luoghi subacquei pi\u00f9 belli dei Caraibi.<\/div>\n<\/div>\n<div class=\"toggle-content__label-placeholder\" data-v-59485d64=\"\"><\/div>","protected":false},"excerpt":{"rendered":"<div data-track=\"overview\" data-v-83a2b402=\"\">\n<section id=\"activity-overview\" class=\"activity-overview\" data-component=\"overview\" data-v-83a2b402=\"\" data-v-f3236c42=\"\">\n<p class=\"activity-overview__content\" data-test-id=\"activity-overview-content\" data-v-f3236c42=\"\">Partite per un'indimenticabile immersione di un'ora nei Giardini di Corallo di Sosua. Esplorate coralli vivaci, pesci esotici e incontrate la vita marina come tartarughe e razze, a soli 5 minuti di barca dalla spiaggia.<\/p>\n<\/section>\n<\/div>\n<div data-track=\"key-details\" data-v-83a2b402=\"\"><\/div>","protected":false},"featured_media":15573,"template":"","meta":[],"product_brand":[],"product_cat":[97],"product_tag":[101,102],"class_list":{"0":"post-15480","1":"product","2":"type-product","3":"status-publish","4":"has-post-thumbnail","6":"product_cat-dominican-republic","7":"product_tag-excursion","8":"product_tag-tour","10":"first","11":"instock","12":"shipping-taxable","13":"product-type-external"},"_links":{"self":[{"href":"https:\/\/sabanadelamartours.com\/it\/wp-json\/wp\/v2\/product\/15480","targetHints":{"allow":["GET"]}}],"collection":[{"href":"https:\/\/sabanadelamartours.com\/it\/wp-json\/wp\/v2\/product"}],"about":[{"href":"https:\/\/sabanadelamartours.com\/it\/wp-json\/wp\/v2\/types\/product"}],"version-history":[{"count":1,"href":"https:\/\/sabanadelamartours.com\/it\/wp-json\/wp\/v2\/product\/15480\/revisions"}],"predecessor-version":[{"id":19102,"href":"https:\/\/sabanadelamartours.com\/it\/wp-json\/wp\/v2\/product\/15480\/revisions\/19102"}],"wp:featuredmedia":[{"embeddable":true,"href":"https:\/\/sabanadelamartours.com\/it\/wp-json\/wp\/v2\/media\/15573"}],"wp:attachment":[{"href":"https:\/\/sabanadelamartours.com\/it\/wp-json\/wp\/v2\/media?parent=15480"}],"wp:term":[{"taxonomy":"product_brand","embeddable":true,"href":"https:\/\/sabanadelamartours.com\/it\/wp-json\/wp\/v2\/product_brand?post=15480"},{"taxonomy":"product_cat","embeddable":true,"href":"https:\/\/sabanadelamartours.com\/it\/wp-json\/wp\/v2\/product_cat?post=15480"},{"taxonomy":"product_tag","embeddable":true,"href":"https:\/\/sabanadelamartours.com\/it\/wp-json\/wp\/v2\/product_tag?post=15480"}],"curies":[{"name":"wp","href":"https:\/\/api.w.org\/{rel}","templated":true}]}}