{"id":15572,"date":"2025-12-18T13:11:26","date_gmt":"2025-12-18T13:11:26","guid":{"rendered":"https:\/\/sabanadelamartours.com\/?post_type=product&#038;p=15572"},"modified":"2026-02-11T11:36:00","modified_gmt":"2026-02-11T11:36:00","slug":"-341","status":"publish","type":"product","link":"https:\/\/sabanadelamartours.com\/it\/tour\/-341\/","title":{"rendered":"Tour Zipline Monta\u00f1a Redonda"},"content":{"rendered":"<p>Preparatevi a vivere la Monta\u00f1a Redonda in un modo totalmente rivoluzionario ed elettrizzante! Il nostro emozionante tour in zipline vi invita a intraprendere un'avventura aerea senza precedenti, dove la vertigine e la bellezza del paesaggio si fondono per regalarvi un'esperienza indimenticabile. Mentre scivolate a tutta velocit\u00e0 nel cielo, sarete circondati da viste panoramiche mozzafiato che catturano la pura essenza della natura al suo meglio. Da altezze vertiginose, osserverete un mosaico di verdi intensi, montagne maestose e l'orizzonte infinito che si estende sotto i vostri piedi, offrendo uno spettacolo visivo che vi lascer\u00e0 senza fiato.<\/p>\n<p>Questo viaggio \u00e8 molto pi\u00f9 di una semplice corsa; \u00e8 un invito a sfidare i propri limiti, a sentire l'adrenalina scorrere nelle vene mentre ci si immerge nella serenit\u00e0 della natura circostante. Meticolosamente progettato per avventurieri di tutte le et\u00e0, il nostro tour in zipline non fa distinzione tra giovani entusiasti o spiriti avventurosi con anni di esperienza; qui ognuno trova il proprio ritmo e il proprio modo di entrare in contatto con la natura. Che cerchiate il brivido della velocit\u00e0, desideriate superare la paura dell'altezza o semplicemente desideriate ammirare paesaggi che sembrano usciti da una cartolina, questo tour promette di offrirvi tutto questo e molto di pi\u00f9.<\/p>","protected":false},"excerpt":{"rendered":"<div data-track=\"overview\" data-v-83a2b402=\"\">\n<section id=\"activity-overview\" class=\"activity-overview\" data-component=\"overview\" data-v-83a2b402=\"\" data-v-f3236c42=\"\">\n<p class=\"activity-overview__content\" data-test-id=\"activity-overview-content\" data-v-f3236c42=\"\">Preparatevi a vivere la Monta\u00f1a Redonda in un modo totalmente rivoluzionario ed elettrizzante! Il nostro emozionante tour in zipline vi invita a vivere un'avventura aerea senza precedenti.<\/p>\n<\/section>\n<\/div>\n<div data-track=\"key-details\" data-v-83a2b402=\"\"><\/div>","protected":false},"featured_media":14413,"template":"","meta":[],"product_brand":[],"product_cat":[97],"product_tag":[101,102],"class_list":{"0":"post-15572","1":"product","2":"type-product","3":"status-publish","4":"has-post-thumbnail","6":"product_cat-dominican-republic","7":"product_tag-excursion","8":"product_tag-tour","10":"first","11":"instock","12":"shipping-taxable","13":"product-type-external"},"_links":{"self":[{"href":"https:\/\/sabanadelamartours.com\/it\/wp-json\/wp\/v2\/product\/15572","targetHints":{"allow":["GET"]}}],"collection":[{"href":"https:\/\/sabanadelamartours.com\/it\/wp-json\/wp\/v2\/product"}],"about":[{"href":"https:\/\/sabanadelamartours.com\/it\/wp-json\/wp\/v2\/types\/product"}],"version-history":[{"count":1,"href":"https:\/\/sabanadelamartours.com\/it\/wp-json\/wp\/v2\/product\/15572\/revisions"}],"predecessor-version":[{"id":19015,"href":"https:\/\/sabanadelamartours.com\/it\/wp-json\/wp\/v2\/product\/15572\/revisions\/19015"}],"wp:featuredmedia":[{"embeddable":true,"href":"https:\/\/sabanadelamartours.com\/it\/wp-json\/wp\/v2\/media\/14413"}],"wp:attachment":[{"href":"https:\/\/sabanadelamartours.com\/it\/wp-json\/wp\/v2\/media?parent=15572"}],"wp:term":[{"taxonomy":"product_brand","embeddable":true,"href":"https:\/\/sabanadelamartours.com\/it\/wp-json\/wp\/v2\/product_brand?post=15572"},{"taxonomy":"product_cat","embeddable":true,"href":"https:\/\/sabanadelamartours.com\/it\/wp-json\/wp\/v2\/product_cat?post=15572"},{"taxonomy":"product_tag","embeddable":true,"href":"https:\/\/sabanadelamartours.com\/it\/wp-json\/wp\/v2\/product_tag?post=15572"}],"curies":[{"name":"wp","href":"https:\/\/api.w.org\/{rel}","templated":true}]}}