{"id":15762,"date":"2025-12-18T13:20:15","date_gmt":"2025-12-18T13:20:15","guid":{"rendered":"https:\/\/sabanadelamartours.com\/?post_type=product&#038;p=15762"},"modified":"2026-02-14T02:35:20","modified_gmt":"2026-02-14T02:35:20","slug":"nuoto-vip-con-i-delfini-allocean-world-di-puerto-plata","status":"publish","type":"product","link":"https:\/\/sabanadelamartours.com\/it\/tour\/nuoto-vip-con-i-delfini-allocean-world-di-puerto-plata\/","title":{"rendered":"Nuotata VIP con i delfini all'Ocean World di Puerto Plata"},"content":{"rendered":"<p>Ciao, amante dell'avventura e del divertimento acquatico!<\/p>\n<p>Preparatevi a immergervi in una giornata ricca di emozioni con il nostro emozionante viaggio al parco acquatico Ocean World! In questa escursione unica, vi aspetta un'esperienza indimenticabile all'insegna del divertimento, della natura e del relax.<\/p>\n<p>Inizieremo il nostro viaggio lasciandoci stupire da spettacoli emozionanti. Preparatevi a stupirvi dell'intelligenza e della grazia dei delfini, della cordialit\u00e0 dei leoni marini e dell'esibizione di colori e abilit\u00e0 degli uccelli esotici. Sar\u00e0 un momento magico che vi metter\u00e0 in contatto con l'incredibile diversit\u00e0 della vita marina.<\/p>\n<div class=\"toggle-content__content toggle-content__content--expanded toggle-content__content--packable\" data-v-59485d64=\"\">\n<div data-test-id=\"activity-full-description-text\" data-v-5835c99c=\"\">In seguito, ci avventureremo in un'affascinante escursione attraverso la lussureggiante foresta tropicale. In questo paradiso verde, avrete l'opportunit\u00e0 unica di interagire con gli uccelli dell'amore, un'esperienza che vi riempir\u00e0 di gioia e vi avviciner\u00e0 alla bellezza naturale che ci circonda. Scoprite la fauna selvatica nel suo habitat naturale, osservando pesci e iguane nel loro ambiente naturale.<\/div>\n<\/div>\n<div class=\"toggle-content__label-placeholder\" data-v-59485d64=\"\"><\/div>","protected":false},"excerpt":{"rendered":"<div data-track=\"overview\" data-v-83a2b402=\"\">\n<section id=\"activity-overview\" class=\"activity-overview\" data-component=\"overview\" data-v-83a2b402=\"\" data-v-f3236c42=\"\">\n<p class=\"activity-overview__content\" data-test-id=\"activity-overview-content\" data-v-f3236c42=\"\">Spettacolo di delfini, leoni marini e uccelli, passeggiata nella foresta tropicale: interazione con gli uccelli, osservazione di pesci e iguane, snorkeling e nuoto con i delfini.<\/p>\n<\/section>\n<\/div>\n<div data-track=\"key-details\" data-v-83a2b402=\"\"><\/div>","protected":false},"featured_media":15969,"template":"","meta":[],"product_brand":[],"product_cat":[97],"product_tag":[101,102],"class_list":{"0":"post-15762","1":"product","2":"type-product","3":"status-publish","4":"has-post-thumbnail","6":"product_cat-dominican-republic","7":"product_tag-excursion","8":"product_tag-tour","10":"first","11":"instock","12":"shipping-taxable","13":"product-type-external"},"_links":{"self":[{"href":"https:\/\/sabanadelamartours.com\/it\/wp-json\/wp\/v2\/product\/15762","targetHints":{"allow":["GET"]}}],"collection":[{"href":"https:\/\/sabanadelamartours.com\/it\/wp-json\/wp\/v2\/product"}],"about":[{"href":"https:\/\/sabanadelamartours.com\/it\/wp-json\/wp\/v2\/types\/product"}],"version-history":[{"count":1,"href":"https:\/\/sabanadelamartours.com\/it\/wp-json\/wp\/v2\/product\/15762\/revisions"}],"predecessor-version":[{"id":19164,"href":"https:\/\/sabanadelamartours.com\/it\/wp-json\/wp\/v2\/product\/15762\/revisions\/19164"}],"wp:featuredmedia":[{"embeddable":true,"href":"https:\/\/sabanadelamartours.com\/it\/wp-json\/wp\/v2\/media\/15969"}],"wp:attachment":[{"href":"https:\/\/sabanadelamartours.com\/it\/wp-json\/wp\/v2\/media?parent=15762"}],"wp:term":[{"taxonomy":"product_brand","embeddable":true,"href":"https:\/\/sabanadelamartours.com\/it\/wp-json\/wp\/v2\/product_brand?post=15762"},{"taxonomy":"product_cat","embeddable":true,"href":"https:\/\/sabanadelamartours.com\/it\/wp-json\/wp\/v2\/product_cat?post=15762"},{"taxonomy":"product_tag","embeddable":true,"href":"https:\/\/sabanadelamartours.com\/it\/wp-json\/wp\/v2\/product_tag?post=15762"}],"curies":[{"name":"wp","href":"https:\/\/api.w.org\/{rel}","templated":true}]}}