{"id":15897,"date":"2025-12-18T13:26:21","date_gmt":"2025-12-18T13:26:21","guid":{"rendered":"https:\/\/sabanadelamartours.com\/?post_type=product&#038;p=15897"},"modified":"2026-02-14T03:00:46","modified_gmt":"2026-02-14T03:00:46","slug":"3-in-1-los-haitises-w-montana-redonda-cascate-di-yanigua","status":"publish","type":"product","link":"https:\/\/sabanadelamartours.com\/it\/tour\/3-in-1-los-haitises-w-montana-redonda-cascate-di-yanigua\/","title":{"rendered":"3 in 1: Los Haitises con Monta\u00f1a Redonda e Cascate di Yanigua"},"content":{"rendered":"<p>Siete alla ricerca di un'escursione indimenticabile per esplorare le bellezze naturali della Repubblica Dominicana? Non cercate altro che il nostro tour tre in uno da Punta Cana, che vi porter\u00e0 in tre incredibili destinazioni che vi lasceranno senza fiato.<\/p>\n<p>La prima tappa dell'itinerario \u00e8 la Monta\u00f1a Redonda (in spagnolo), una meta imperdibile della Repubblica Dominicana per la sua bellezza naturale mozzafiato. Situata a Miches, nella provincia di El Seibo, questa localit\u00e0 si trova tra le splendide Laguna Rinc\u00f3n e Laguna Redonda. Con un'altezza impressionante di circa 1.000 piedi, Monta\u00f1a Redonda offre una magnifica vista a 360 gradi dell'area circostante. Da l\u00ec si possono ammirare la pittoresca Bah\u00eda de Saman\u00e1, la Laguna Redonda, El Lim\u00f3n, Miches e El Seibo. Non dimenticate di scattare una foto memorabile sull\u00ab\u00bbaltalena pi\u00f9 famosa\" di tutto il Paese.<\/p>\n<p>Il prossimo passo \u00e8 il Parco Nazionale di Los Haitises, un'area incontaminata dove potrete scoprire la cruda bellezza dei paesaggi naturali della Repubblica Dominicana. Dalle lussureggianti mangrovie e giungle agli affascinanti siti archeologici nascosti nelle grotte, questo parco \u00e8 una vera meraviglia della natura. Tenete gli occhi aperti per le rare specie di uccelli che non troverete in nessun'altra parte del mondo.<\/p>\n<p>Infine, visiterete le cascate di Yanigua Ranch. Questa spettacolare cascata \u00e8 una fuga ideale dal trambusto della folla turistica di Punta Cana ed \u00e8 avvolta da una fitta vegetazione che crea l'illusione di essere lontani dalla civilt\u00e0, anche se non \u00e8 cos\u00ec.<\/p>\n<p>Non perdete questa incredibile escursione ecoturistica che mette in luce il meglio delle meraviglie naturali della Repubblica Dominicana. Dai luoghi perfettamente curati come la Round Mountain alla natura incontaminata come il Parco Nazionale Los Haitises e alla natura controllata dello Yanigua Ranch, questo tour ne ha per tutti i gusti.<\/p>\n<p>Vi verr\u00e0 offerto un pranzo tipico dominicano e il trasporto dal vostro hotel. Se alloggiate in un Airbnb, ci sar\u00e0 un punto di raccolta vicino.<\/p>","protected":false},"excerpt":{"rendered":"<div data-track=\"overview\" data-v-83a2b402=\"\">\n<section id=\"activity-overview\" class=\"activity-overview\" data-component=\"overview\" data-v-83a2b402=\"\" data-v-f3236c42=\"\">\n<p class=\"activity-overview__content\" data-test-id=\"activity-overview-content\" data-v-f3236c42=\"\">Vivete un'indimenticabile escursione ecoturistica 3 in 1 per visitare la Montagna Rotonda, il Parco Nazionale Los Haitises e le incantevoli Cascate di Yanigua Ranch, che mettono in mostra le bellezze naturali del Paese.<\/p>\n<\/section>\n<\/div>\n<div data-track=\"key-details\" data-v-83a2b402=\"\"><\/div>","protected":false},"featured_media":16104,"template":"","meta":[],"product_brand":[],"product_cat":[97],"product_tag":[101,102],"class_list":{"0":"post-15897","1":"product","2":"type-product","3":"status-publish","4":"has-post-thumbnail","6":"product_cat-dominican-republic","7":"product_tag-excursion","8":"product_tag-tour","10":"first","11":"instock","12":"shipping-taxable","13":"product-type-external"},"_links":{"self":[{"href":"https:\/\/sabanadelamartours.com\/it\/wp-json\/wp\/v2\/product\/15897","targetHints":{"allow":["GET"]}}],"collection":[{"href":"https:\/\/sabanadelamartours.com\/it\/wp-json\/wp\/v2\/product"}],"about":[{"href":"https:\/\/sabanadelamartours.com\/it\/wp-json\/wp\/v2\/types\/product"}],"version-history":[{"count":1,"href":"https:\/\/sabanadelamartours.com\/it\/wp-json\/wp\/v2\/product\/15897\/revisions"}],"predecessor-version":[{"id":19179,"href":"https:\/\/sabanadelamartours.com\/it\/wp-json\/wp\/v2\/product\/15897\/revisions\/19179"}],"wp:featuredmedia":[{"embeddable":true,"href":"https:\/\/sabanadelamartours.com\/it\/wp-json\/wp\/v2\/media\/16104"}],"wp:attachment":[{"href":"https:\/\/sabanadelamartours.com\/it\/wp-json\/wp\/v2\/media?parent=15897"}],"wp:term":[{"taxonomy":"product_brand","embeddable":true,"href":"https:\/\/sabanadelamartours.com\/it\/wp-json\/wp\/v2\/product_brand?post=15897"},{"taxonomy":"product_cat","embeddable":true,"href":"https:\/\/sabanadelamartours.com\/it\/wp-json\/wp\/v2\/product_cat?post=15897"},{"taxonomy":"product_tag","embeddable":true,"href":"https:\/\/sabanadelamartours.com\/it\/wp-json\/wp\/v2\/product_tag?post=15897"}],"curies":[{"name":"wp","href":"https:\/\/api.w.org\/{rel}","templated":true}]}}