{"id":15968,"date":"2025-12-18T13:29:21","date_gmt":"2025-12-18T13:29:21","guid":{"rendered":"https:\/\/sabanadelamartours.com\/?post_type=product&#038;p=15968"},"modified":"2026-02-14T03:04:06","modified_gmt":"2026-02-14T03:04:06","slug":"trasporto-aeroporto-punta-cana-e-bavaro","status":"publish","type":"product","link":"https:\/\/sabanadelamartours.com\/it\/tour\/trasporto-aeroporto-punta-cana-e-bavaro\/","title":{"rendered":"Trasporto Aeroporto\/ Punta Cana e Bavaro"},"content":{"rendered":"<p>Benvenuti nella migliore esperienza di trasporto verso l'aeroporto<\/p>\n<p>Godete di un servizio di trasporto eccellente ed elegante, tra cui potete scegliere il nostro servizio privato. Un nostro incaricato verr\u00e0 a prendervi nel luogo da voi stabilito, che sar\u00e0 debitamente identificato con il logo della societ\u00e0 e con il vostro nome scritto in un poster. Vi porteremo a destinazione, godendovi il vostro tour e la splendida vista dei Caraibi.<\/p>\n<div class=\"toggle-content__content toggle-content__content--expanded toggle-content__content--packable\" data-v-59485d64=\"\">\n<div data-test-id=\"activity-full-description-text\" data-v-5835c99c=\"\">Ogni tour pu\u00f2 durare dai 15 ai 45 minuti, a seconda della posizione del vostro hotel o aeroporto. Indipendentemente dal tempo impiegato per raggiungere la destinazione, vi garantiamo che ogni minuto sar\u00e0 un piacere per i vostri sensi.<\/div>\n<\/div>\n<div class=\"toggle-content__label-placeholder\" data-v-59485d64=\"\"><\/div>","protected":false},"excerpt":{"rendered":"<div data-track=\"overview\" data-v-83a2b402=\"\">\n<section id=\"activity-overview\" class=\"activity-overview\" data-component=\"overview\" data-v-83a2b402=\"\" data-v-f3236c42=\"\">\n<p class=\"activity-overview__content\" data-test-id=\"activity-overview-content\" data-v-f3236c42=\"\">Godetevi un viaggio comodo e senza stress con un trasferimento privato da\/per l'aeroporto internazionale di Punta Cana e la citt\u00e0 di Punta Cana.<\/p>\n<\/section>\n<\/div>\n<div data-track=\"key-details\" data-v-83a2b402=\"\"><\/div>","protected":false},"featured_media":16151,"template":"","meta":[],"product_brand":[],"product_cat":[97],"product_tag":[101,102],"class_list":{"0":"post-15968","1":"product","2":"type-product","3":"status-publish","4":"has-post-thumbnail","6":"product_cat-dominican-republic","7":"product_tag-excursion","8":"product_tag-tour","10":"first","11":"instock","12":"shipping-taxable","13":"product-type-external"},"_links":{"self":[{"href":"https:\/\/sabanadelamartours.com\/it\/wp-json\/wp\/v2\/product\/15968","targetHints":{"allow":["GET"]}}],"collection":[{"href":"https:\/\/sabanadelamartours.com\/it\/wp-json\/wp\/v2\/product"}],"about":[{"href":"https:\/\/sabanadelamartours.com\/it\/wp-json\/wp\/v2\/types\/product"}],"version-history":[{"count":1,"href":"https:\/\/sabanadelamartours.com\/it\/wp-json\/wp\/v2\/product\/15968\/revisions"}],"predecessor-version":[{"id":19184,"href":"https:\/\/sabanadelamartours.com\/it\/wp-json\/wp\/v2\/product\/15968\/revisions\/19184"}],"wp:featuredmedia":[{"embeddable":true,"href":"https:\/\/sabanadelamartours.com\/it\/wp-json\/wp\/v2\/media\/16151"}],"wp:attachment":[{"href":"https:\/\/sabanadelamartours.com\/it\/wp-json\/wp\/v2\/media?parent=15968"}],"wp:term":[{"taxonomy":"product_brand","embeddable":true,"href":"https:\/\/sabanadelamartours.com\/it\/wp-json\/wp\/v2\/product_brand?post=15968"},{"taxonomy":"product_cat","embeddable":true,"href":"https:\/\/sabanadelamartours.com\/it\/wp-json\/wp\/v2\/product_cat?post=15968"},{"taxonomy":"product_tag","embeddable":true,"href":"https:\/\/sabanadelamartours.com\/it\/wp-json\/wp\/v2\/product_tag?post=15968"}],"curies":[{"name":"wp","href":"https:\/\/api.w.org\/{rel}","templated":true}]}}