{"id":16088,"date":"2025-12-18T13:34:00","date_gmt":"2025-12-18T13:34:00","guid":{"rendered":"https:\/\/sabanadelamartours.com\/?post_type=product&#038;p=16088"},"modified":"2025-12-18T13:45:02","modified_gmt":"2025-12-18T13:45:02","slug":"trasferimento-in-taxi-dallaeroporto-di-punta-cana-puj-a-puerto-plata","status":"publish","type":"product","link":"https:\/\/sabanadelamartours.com\/it\/tour\/trasferimento-in-taxi-dallaeroporto-di-punta-cana-puj-a-puerto-plata\/","title":{"rendered":"Taxi e trasferimento dall'aeroporto di Punta Cana (PUJ) a Puerto Plata"},"content":{"rendered":"<div class=\"toggle-content__content toggle-content__content--expanded toggle-content__content--packable\" data-v-59485d64=\"\">\n<div data-test-id=\"activity-full-description-text\" data-v-5835c99c=\"\">1. dove vado quando arrivo in aeroporto? Il voucher contiene tutte le informazioni necessarie per localizzarci in aeroporto. La preghiamo di stamparlo e di portare con s\u00e9 il voucher. 2. Cosa succede se il mio volo \u00e8 in ritardo? Confermiamo sempre gli orari di arrivo dei voli. L'autista aspetter\u00e0 tutti i voli in ritardo e il trasferimento sar\u00e0 effettuato senza alcun costo aggiuntivo. 3. Cosa succede se perdo il volo o se il mio volo viene cancellato? Se il vostro volo viene cancellato, dovete informarci che non verrete, oppure comunicarci la partenza del volo successivo e l'orario di arrivo utilizzando il numero di telefono indicato sul voucher. In caso contrario, il viaggio verr\u00e0 considerato come un \u201cNo-Show\u201d e non verr\u00e0 concesso alcun rimborso.<\/div>\n<\/div>\n<div class=\"toggle-content__label-placeholder\" data-v-59485d64=\"\"><\/div>","protected":false},"excerpt":{"rendered":"<div data-track=\"overview\" data-v-83a2b402=\"\">\n<section id=\"activity-overview\" class=\"activity-overview\" data-component=\"overview\" data-v-83a2b402=\"\" data-v-f3236c42=\"\">\n<p class=\"activity-overview__content\" data-test-id=\"activity-overview-content\" data-v-f3236c42=\"\">Offriamo i migliori taxi in partenza dall'aeroporto di Punta Cana verso altre regioni della Repubblica Dominicana. Possiamo venirvi a prendere con la nostra nuova Toyota Sienna o un minivan<\/p>\n<\/section>\n<\/div>\n<div data-track=\"key-details\" data-v-83a2b402=\"\"><\/div>","protected":false},"featured_media":16292,"template":"","meta":[],"product_brand":[],"product_cat":[97],"product_tag":[101,102],"class_list":{"0":"post-16088","1":"product","2":"type-product","3":"status-publish","4":"has-post-thumbnail","6":"product_cat-dominican-republic","7":"product_tag-excursion","8":"product_tag-tour","10":"first","11":"instock","12":"shipping-taxable","13":"product-type-external"},"_links":{"self":[{"href":"https:\/\/sabanadelamartours.com\/it\/wp-json\/wp\/v2\/product\/16088","targetHints":{"allow":["GET"]}}],"collection":[{"href":"https:\/\/sabanadelamartours.com\/it\/wp-json\/wp\/v2\/product"}],"about":[{"href":"https:\/\/sabanadelamartours.com\/it\/wp-json\/wp\/v2\/types\/product"}],"version-history":[{"count":0,"href":"https:\/\/sabanadelamartours.com\/it\/wp-json\/wp\/v2\/product\/16088\/revisions"}],"wp:featuredmedia":[{"embeddable":true,"href":"https:\/\/sabanadelamartours.com\/it\/wp-json\/wp\/v2\/media\/16292"}],"wp:attachment":[{"href":"https:\/\/sabanadelamartours.com\/it\/wp-json\/wp\/v2\/media?parent=16088"}],"wp:term":[{"taxonomy":"product_brand","embeddable":true,"href":"https:\/\/sabanadelamartours.com\/it\/wp-json\/wp\/v2\/product_brand?post=16088"},{"taxonomy":"product_cat","embeddable":true,"href":"https:\/\/sabanadelamartours.com\/it\/wp-json\/wp\/v2\/product_cat?post=16088"},{"taxonomy":"product_tag","embeddable":true,"href":"https:\/\/sabanadelamartours.com\/it\/wp-json\/wp\/v2\/product_tag?post=16088"}],"curies":[{"name":"wp","href":"https:\/\/api.w.org\/{rel}","templated":true}]}}