{"id":16089,"date":"2025-12-18T13:34:00","date_gmt":"2025-12-18T13:34:00","guid":{"rendered":"https:\/\/sabanadelamartours.com\/?post_type=product&#038;p=16089"},"modified":"2026-02-14T03:27:25","modified_gmt":"2026-02-14T03:27:25","slug":"tour-storico-di-santo-domingo-nella-citta-coloniale","status":"publish","type":"product","link":"https:\/\/sabanadelamartours.com\/it\/tour\/tour-storico-di-santo-domingo-nella-citta-coloniale\/","title":{"rendered":"Santo Domingo: tour storico nella citt\u00e0 coloniale"},"content":{"rendered":"<p>Entrate nella ricchezza culturale e storica di Santo Domingo con questo tour nella zona coloniale. Accompagnate la vostra guida mentre esplorate i monumenti storici pi\u00f9 importanti della citt\u00e0 coloniale, un'area che \u00e8 stata riconosciuta e preservata come Patrimonio dell'Umanit\u00e0 dall'UNESCO.<\/p>\n<p>In questa esperienza, percorreremo a fondo ogni punto emblematico della zona turistica di Santo Domingo, fornendo informazioni dettagliate e prendendoci il tempo necessario per farlo. Saremo attenti a ogni piccolo dettaglio e forniremo una guida con i pi\u00f9 alti standard di professionalit\u00e0 e qualit\u00e0 umana che ci contraddistinguono.<\/p>\n<div class=\"toggle-content__content toggle-content__content--expanded toggle-content__content--packable\" data-v-59485d64=\"\">\n<div data-test-id=\"activity-full-description-text\" data-v-5835c99c=\"\">Il nostro obiettivo \u00e8 presentare la nostra storia e i nostri valori al mondo, offrendo un servizio eccezionale ai nostri clienti per farli sentire speciali a tutti i dominicani. Vogliamo che la vostra esperienza sia indimenticabile in ogni vostra escursione.<\/div>\n<\/div>\n<div class=\"toggle-content__label-placeholder\" data-v-59485d64=\"\"><\/div>","protected":false},"excerpt":{"rendered":"<div data-track=\"overview\" data-v-83a2b402=\"\">\n<section id=\"activity-overview\" class=\"activity-overview\" data-component=\"overview\" data-v-83a2b402=\"\" data-v-f3236c42=\"\">\n<p class=\"activity-overview__content\" data-test-id=\"activity-overview-content\" data-v-f3236c42=\"\">Entrate nella ricchezza culturale e storica di Santo Domingo con questo tour nella zona coloniale. Accompagnate la vostra guida mentre esplorate i monumenti pi\u00f9 importanti della citt\u00e0 coloniale.<\/p>\n<\/section>\n<\/div>\n<div data-track=\"key-details\" data-v-83a2b402=\"\"><\/div>","protected":false},"featured_media":16303,"template":"","meta":[],"product_brand":[],"product_cat":[97],"product_tag":[101,102],"class_list":{"0":"post-16089","1":"product","2":"type-product","3":"status-publish","4":"has-post-thumbnail","6":"product_cat-dominican-republic","7":"product_tag-excursion","8":"product_tag-tour","10":"first","11":"instock","12":"shipping-taxable","13":"product-type-external"},"_links":{"self":[{"href":"https:\/\/sabanadelamartours.com\/it\/wp-json\/wp\/v2\/product\/16089","targetHints":{"allow":["GET"]}}],"collection":[{"href":"https:\/\/sabanadelamartours.com\/it\/wp-json\/wp\/v2\/product"}],"about":[{"href":"https:\/\/sabanadelamartours.com\/it\/wp-json\/wp\/v2\/types\/product"}],"version-history":[{"count":1,"href":"https:\/\/sabanadelamartours.com\/it\/wp-json\/wp\/v2\/product\/16089\/revisions"}],"predecessor-version":[{"id":19190,"href":"https:\/\/sabanadelamartours.com\/it\/wp-json\/wp\/v2\/product\/16089\/revisions\/19190"}],"wp:featuredmedia":[{"embeddable":true,"href":"https:\/\/sabanadelamartours.com\/it\/wp-json\/wp\/v2\/media\/16303"}],"wp:attachment":[{"href":"https:\/\/sabanadelamartours.com\/it\/wp-json\/wp\/v2\/media?parent=16089"}],"wp:term":[{"taxonomy":"product_brand","embeddable":true,"href":"https:\/\/sabanadelamartours.com\/it\/wp-json\/wp\/v2\/product_brand?post=16089"},{"taxonomy":"product_cat","embeddable":true,"href":"https:\/\/sabanadelamartours.com\/it\/wp-json\/wp\/v2\/product_cat?post=16089"},{"taxonomy":"product_tag","embeddable":true,"href":"https:\/\/sabanadelamartours.com\/it\/wp-json\/wp\/v2\/product_tag?post=16089"}],"curies":[{"name":"wp","href":"https:\/\/api.w.org\/{rel}","templated":true}]}}