{"id":16524,"date":"2025-12-18T13:55:31","date_gmt":"2025-12-18T13:55:31","guid":{"rendered":"https:\/\/sabanadelamartours.com\/?post_type=product&#038;p=16524"},"modified":"2026-01-09T06:00:20","modified_gmt":"2026-01-09T06:00:20","slug":"-358","status":"publish","type":"product","link":"https:\/\/sabanadelamartours.com\/it\/tour\/-358\/","title":{"rendered":"Higuey: Tour di un'intera giornata con barca sul fiume, pranzo e spettacolo Voodoo"},"content":{"rendered":"<p>Incontrate molti abitanti del luogo ed esplorate l'entroterra intorno al fiume. Uscendo dai sentieri battuti, potrete scoprire il vero sapore della cultura e della societ\u00e0 dominicana visitando una fattoria di frutta, un villaggio di pescatori e un mercato. Luis, una delle nostre guide esperte, dice: \u2018A Higuey vive la maggior parte del personale del resort locale ed \u00e8 un'esperienza arricchente vedere la vita quotidiana in pieno svolgimento. Al mercato si pu\u00f2 comprare di tutto, da una bottiglia di rum a un pollo vivo\u2019.\u2019<\/p>\n<p>La visita a una piantagione vi far\u00e0 capire subito il sapore del Paese. Assaggerete frutti tropicali come papaya e ananas, oltre a caff\u00e8 e cacao. La prossima tappa \u00e8 Higuey, il capoluogo di provincia, dove potrete curiosare tra le spezie del mercato e vedere la gente del posto che si rifornisce di prodotti freschi. Passerete anche davanti alla moderna basilica di colore scuro, un importante santuario.<\/p>\n<div class=\"toggle-content__content toggle-content__content--expanded toggle-content__content--packable\" data-v-59485d64=\"\">\n<div data-test-id=\"activity-full-description-text\" data-v-5835c99c=\"\">Si prosegue poi verso sud, attraverso la campagna tropicale, fino al piccolo villaggio di pescatori di Boca de Yuma. Dopo un piacevole pranzo a base di piatti caraibici preparati con ingredienti locali, si parte per un giro in barca sul fiume Yuma. In seguito, scoprite la complicata storia delle piantagioni di canna da zucchero dominicane in un \u2018batey\u2019. Questi campi di piantagione ospitano comunit\u00e0 di haitiani dediti alla raccolta della canna da zucchero. Incontrate e chiacchierate con la comunit\u00e0 e poi assistete a uno spettacolo voodoo.<\/div>\n<\/div>\n<div class=\"toggle-content__label-placeholder\" data-v-59485d64=\"\"><\/div>","protected":false},"excerpt":{"rendered":"<div data-track=\"overview\" data-v-83a2b402=\"\">\n<section id=\"activity-overview\" class=\"activity-overview\" data-component=\"overview\" data-v-83a2b402=\"\" data-v-f3236c42=\"\">\n<p class=\"activity-overview__content\" data-test-id=\"activity-overview-content\" data-v-f3236c42=\"\">Visitate le piantagioni di canna da zucchero e i santuari sacri, navigate lungo il fiume Yuma e assistete a uno spettacolo voodoo, il tutto in un solo giorno nei dintorni di Higuey. Scoprite un po' di tutto in questo tour del patrimonio della Repubblica Dominicana.<\/p>\n<\/section>\n<\/div>\n<div data-track=\"key-details\" data-v-83a2b402=\"\"><\/div>","protected":false},"featured_media":16562,"template":"","meta":[],"product_brand":[],"product_cat":[97],"product_tag":[101,102],"class_list":{"0":"post-16524","1":"product","2":"type-product","3":"status-publish","4":"has-post-thumbnail","6":"product_cat-dominican-republic","7":"product_tag-excursion","8":"product_tag-tour","10":"first","11":"instock","12":"shipping-taxable","13":"product-type-external"},"_links":{"self":[{"href":"https:\/\/sabanadelamartours.com\/it\/wp-json\/wp\/v2\/product\/16524","targetHints":{"allow":["GET"]}}],"collection":[{"href":"https:\/\/sabanadelamartours.com\/it\/wp-json\/wp\/v2\/product"}],"about":[{"href":"https:\/\/sabanadelamartours.com\/it\/wp-json\/wp\/v2\/types\/product"}],"version-history":[{"count":1,"href":"https:\/\/sabanadelamartours.com\/it\/wp-json\/wp\/v2\/product\/16524\/revisions"}],"predecessor-version":[{"id":18736,"href":"https:\/\/sabanadelamartours.com\/it\/wp-json\/wp\/v2\/product\/16524\/revisions\/18736"}],"wp:featuredmedia":[{"embeddable":true,"href":"https:\/\/sabanadelamartours.com\/it\/wp-json\/wp\/v2\/media\/16562"}],"wp:attachment":[{"href":"https:\/\/sabanadelamartours.com\/it\/wp-json\/wp\/v2\/media?parent=16524"}],"wp:term":[{"taxonomy":"product_brand","embeddable":true,"href":"https:\/\/sabanadelamartours.com\/it\/wp-json\/wp\/v2\/product_brand?post=16524"},{"taxonomy":"product_cat","embeddable":true,"href":"https:\/\/sabanadelamartours.com\/it\/wp-json\/wp\/v2\/product_cat?post=16524"},{"taxonomy":"product_tag","embeddable":true,"href":"https:\/\/sabanadelamartours.com\/it\/wp-json\/wp\/v2\/product_tag?post=16524"}],"curies":[{"name":"wp","href":"https:\/\/api.w.org\/{rel}","templated":true}]}}