{"id":16941,"date":"2025-12-18T14:15:07","date_gmt":"2025-12-18T14:15:07","guid":{"rendered":"https:\/\/sabanadelamartours.com\/?post_type=product&#038;p=16941"},"modified":"2026-01-09T13:11:35","modified_gmt":"2026-01-09T13:11:35","slug":"giornata-culturale-di-altos-de-chavon-esperienze-di-higuey","status":"publish","type":"product","link":"https:\/\/sabanadelamartours.com\/it\/tour\/giornata-culturale-di-altos-de-chavon-esperienze-di-higuey\/","title":{"rendered":"Altos de Chav\u00f3n: Giornata culturale Esperienze di Higuey"},"content":{"rendered":"<p>arriveremo alla citt\u00e0 di pietra e al museo di Alto de Chavon, una citt\u00e0 costruita su una magnifica vista del fiume Chavon, dove ci recheremo al suo anfiteatro con una vista spettacolare e visiteremo il suo museo. passeremo da Casa de Campo alla citt\u00e0 di higuey dove visiteremo la basilica di Altagracia, madre di tutti i domenicani, Dopo aver attraversato il mercato locale entrando in contatto con la cultura dominicana, ci dirigiamo verso il fiume Anamuya dove consumeremo un pranzo dominicano sul fiume e la nostra ultima tappa \u00e8 in una casa tipica per assaggiare e imparare a fare il cioccolato e il caff\u00e8 con una famiglia locale, una giornata spettacolare Leggi di pi\u00f9<\/p>","protected":false},"excerpt":{"rendered":"<div data-track=\"overview\" data-v-83a2b402=\"\">\n<section id=\"activity-overview\" class=\"activity-overview\" data-component=\"overview\" data-v-83a2b402=\"\" data-v-f3236c42=\"\">\n<p class=\"activity-overview__content\" data-test-id=\"activity-overview-content\" data-v-f3236c42=\"\">Questa escursione \u00e8 consigliata per uscire dalla routine della giornata e avere una perfetta combinazione di cultura e contatto locale viaggiando nel passato tra i campi di canna da zucchero per una giornata super emozionante.<\/p>\n<\/section>\n<\/div>\n<div data-track=\"key-details\" data-v-83a2b402=\"\"><\/div>","protected":false},"featured_media":16992,"template":"","meta":[],"product_brand":[],"product_cat":[97],"product_tag":[101,102],"class_list":{"0":"post-16941","1":"product","2":"type-product","3":"status-publish","4":"has-post-thumbnail","6":"product_cat-dominican-republic","7":"product_tag-excursion","8":"product_tag-tour","10":"first","11":"instock","12":"shipping-taxable","13":"product-type-external"},"_links":{"self":[{"href":"https:\/\/sabanadelamartours.com\/it\/wp-json\/wp\/v2\/product\/16941","targetHints":{"allow":["GET"]}}],"collection":[{"href":"https:\/\/sabanadelamartours.com\/it\/wp-json\/wp\/v2\/product"}],"about":[{"href":"https:\/\/sabanadelamartours.com\/it\/wp-json\/wp\/v2\/types\/product"}],"version-history":[{"count":1,"href":"https:\/\/sabanadelamartours.com\/it\/wp-json\/wp\/v2\/product\/16941\/revisions"}],"predecessor-version":[{"id":18758,"href":"https:\/\/sabanadelamartours.com\/it\/wp-json\/wp\/v2\/product\/16941\/revisions\/18758"}],"wp:featuredmedia":[{"embeddable":true,"href":"https:\/\/sabanadelamartours.com\/it\/wp-json\/wp\/v2\/media\/16992"}],"wp:attachment":[{"href":"https:\/\/sabanadelamartours.com\/it\/wp-json\/wp\/v2\/media?parent=16941"}],"wp:term":[{"taxonomy":"product_brand","embeddable":true,"href":"https:\/\/sabanadelamartours.com\/it\/wp-json\/wp\/v2\/product_brand?post=16941"},{"taxonomy":"product_cat","embeddable":true,"href":"https:\/\/sabanadelamartours.com\/it\/wp-json\/wp\/v2\/product_cat?post=16941"},{"taxonomy":"product_tag","embeddable":true,"href":"https:\/\/sabanadelamartours.com\/it\/wp-json\/wp\/v2\/product_tag?post=16941"}],"curies":[{"name":"wp","href":"https:\/\/api.w.org\/{rel}","templated":true}]}}