{"id":17087,"date":"2025-12-18T14:21:54","date_gmt":"2025-12-18T14:21:54","guid":{"rendered":"https:\/\/sabanadelamartours.com\/?post_type=product&#038;p=17087"},"modified":"2026-01-05T03:53:00","modified_gmt":"2026-01-05T03:53:00","slug":"escursione-alle-cascate-amber-cove-taino-bay-trasporto-2","status":"publish","type":"product","link":"https:\/\/sabanadelamartours.com\/it\/tour\/escursione-alle-cascate-amber-cove-taino-bay-trasporto-2\/","title":{"rendered":"Escursione alle cascate amber cove Taino bay &amp; trasporto"},"content":{"rendered":"<p><strong>Escursione alle cascate Amber Cove Taino Bay &amp; Trasporto<\/strong><\/p>\n<p>Unitevi a noi in un'indimenticabile escursione ricca di avventura, natura e bellezza. La nostra escursione prevede un percorso di tre ore e mezza di camminate, nuotate, salti e scivolate verso le splendide cascate. Dopo l'escursione, vi forniremo dell'acqua per rinfrescarvi, permettendovi di assaporare i bei momenti vissuti alle cascate.<\/p>\n<p>Questo tour vi porter\u00e0 alla cascata numero 7, iniziando con un'escursione moderata. Man mano che si procede, inizia l'emozione vera e propria con la possibilit\u00e0 di saltare, scivolare gi\u00f9, dondolarsi sotto e gettarsi nelle acque rinfrescanti. Al ritorno, una guida esperta vi accompagner\u00e0 per garantire la vostra sicurezza durante la navigazione nei punti sicuri per il salto.<\/p>\n<p>Queste incantevoli cascate custodiscono antiche leggende degli indiani Taino, aggiungendo ricchezza culturale all'esperienza. \u00c8 importante notare che questo monumento fa parte del sistema di aree protette della Repubblica Dominicana. Al momento della prenotazione, vi forniremo i dettagli necessari, compreso l'orario previsto per la vostra avventura.<\/p>","protected":false},"excerpt":{"rendered":"<div data-track=\"overview\" data-v-56a1a938=\"\">\n<section id=\"activity-overview\" class=\"activity-overview\" data-component=\"overview\" data-v-56a1a938=\"\" data-v-f3236c42=\"\">\n<p class=\"activity-overview__content\" data-test-id=\"activity-overview-content\" data-v-f3236c42=\"\">Si pu\u00f2 saltare, scivolare, nuotare. Portate la vostra famiglia o il vostro gruppo<\/p>\n<\/section>\n<\/div>\n<div data-track=\"key-details\" data-v-56a1a938=\"\"><\/div>","protected":false},"featured_media":17126,"template":"","meta":[],"product_brand":[],"product_cat":[97],"product_tag":[101,102],"class_list":{"0":"post-17087","1":"product","2":"type-product","3":"status-publish","4":"has-post-thumbnail","6":"product_cat-dominican-republic","7":"product_tag-excursion","8":"product_tag-tour","10":"first","11":"instock","12":"sale","13":"shipping-taxable","14":"product-type-external"},"_links":{"self":[{"href":"https:\/\/sabanadelamartours.com\/it\/wp-json\/wp\/v2\/product\/17087","targetHints":{"allow":["GET"]}}],"collection":[{"href":"https:\/\/sabanadelamartours.com\/it\/wp-json\/wp\/v2\/product"}],"about":[{"href":"https:\/\/sabanadelamartours.com\/it\/wp-json\/wp\/v2\/types\/product"}],"version-history":[{"count":2,"href":"https:\/\/sabanadelamartours.com\/it\/wp-json\/wp\/v2\/product\/17087\/revisions"}],"predecessor-version":[{"id":18411,"href":"https:\/\/sabanadelamartours.com\/it\/wp-json\/wp\/v2\/product\/17087\/revisions\/18411"}],"wp:featuredmedia":[{"embeddable":true,"href":"https:\/\/sabanadelamartours.com\/it\/wp-json\/wp\/v2\/media\/17126"}],"wp:attachment":[{"href":"https:\/\/sabanadelamartours.com\/it\/wp-json\/wp\/v2\/media?parent=17087"}],"wp:term":[{"taxonomy":"product_brand","embeddable":true,"href":"https:\/\/sabanadelamartours.com\/it\/wp-json\/wp\/v2\/product_brand?post=17087"},{"taxonomy":"product_cat","embeddable":true,"href":"https:\/\/sabanadelamartours.com\/it\/wp-json\/wp\/v2\/product_cat?post=17087"},{"taxonomy":"product_tag","embeddable":true,"href":"https:\/\/sabanadelamartours.com\/it\/wp-json\/wp\/v2\/product_tag?post=17087"}],"curies":[{"name":"wp","href":"https:\/\/api.w.org\/{rel}","templated":true}]}}