{"id":17357,"date":"2025-12-18T14:33:19","date_gmt":"2025-12-18T14:33:19","guid":{"rendered":"https:\/\/sabanadelamartours.com\/?post_type=product&#038;p=17357"},"modified":"2026-01-09T04:38:00","modified_gmt":"2026-01-09T04:38:00","slug":"santo-domingo-los-haitises-cayo-isola-levantado-2","status":"publish","type":"product","link":"https:\/\/sabanadelamartours.com\/it\/tour\/santo-domingo-los-haitises-cayo-isola-levantado-2\/","title":{"rendered":"Santo Domingo: Los Haitises e l'isola di Cayo Levantado"},"content":{"rendered":"<p>Da Santo Domingo a Saman\u00e0 e oltre In questo splendido tour si attraversano splendide acque tropicali e si gustano deliziose specialit\u00e0 dominicane. Ammirate le opere d'arte storiche del popolo indigeno Ta\u00edno nelle grotte del bellissimo Parco Nazionale Los Haitises.<\/p>\n<p>Si parte dal porto di Samana, dove si prender\u00e0 un catamarano o una barca per attraversare la baia di Samana. Arrivate al Parco Nazionale Los Haitises, visitate le splendide isole rocciose e scoprite le interpretazioni delle pitture indigene Ta\u00edno nella Grotta di Linea.<\/p>\n<p>Dopo aver lasciato l'antica grotta, prendete una barca che attraversa le splendide acque per visitare un'incantevole spiaggia e la Grotta Cueva de la Larena. Terminate la visita della grotta con un brindisi e riprendete la barca per Cayo Levantado.<\/p>\n<div class=\"toggle-content__content toggle-content__content--expanded toggle-content__content--packable\" data-v-59485d64=\"\">\n<div data-test-id=\"activity-full-description-text\" data-v-5835c99c=\"\">\n<p>Una volta rientrati, godetevi un buffet tradizionale dominicano e rilassatevi sulla spiaggia di Cayo Levantado.<\/p>\n<\/div>\n<\/div>\n<div class=\"toggle-content__label-placeholder\" data-v-59485d64=\"\"><\/div>","protected":false},"excerpt":{"rendered":"<div data-track=\"overview\" data-v-83a2b402=\"\">\n<section id=\"activity-overview\" class=\"activity-overview\" data-component=\"overview\" data-v-83a2b402=\"\" data-v-f3236c42=\"\">\n<p class=\"activity-overview__content\" data-test-id=\"activity-overview-content\" data-v-f3236c42=\"\">Visitate le splendide isole rocciose e le pitture rupestri indigene del Parco Nazionale Los Haitises. Gustate un autentico banchetto dominicano mentre ammirate le acque, le rocce e la flora mozzafiato della zona.<\/p>\n<\/section>\n<\/div>\n<div data-track=\"key-details\" data-v-83a2b402=\"\"><\/div>","protected":false},"featured_media":15889,"template":"","meta":[],"product_brand":[],"product_cat":[97],"product_tag":[101,102],"class_list":{"0":"post-17357","1":"product","2":"type-product","3":"status-publish","4":"has-post-thumbnail","6":"product_cat-dominican-republic","7":"product_tag-excursion","8":"product_tag-tour","10":"first","11":"instock","12":"shipping-taxable","13":"product-type-external"},"_links":{"self":[{"href":"https:\/\/sabanadelamartours.com\/it\/wp-json\/wp\/v2\/product\/17357","targetHints":{"allow":["GET"]}}],"collection":[{"href":"https:\/\/sabanadelamartours.com\/it\/wp-json\/wp\/v2\/product"}],"about":[{"href":"https:\/\/sabanadelamartours.com\/it\/wp-json\/wp\/v2\/types\/product"}],"version-history":[{"count":1,"href":"https:\/\/sabanadelamartours.com\/it\/wp-json\/wp\/v2\/product\/17357\/revisions"}],"predecessor-version":[{"id":18704,"href":"https:\/\/sabanadelamartours.com\/it\/wp-json\/wp\/v2\/product\/17357\/revisions\/18704"}],"wp:featuredmedia":[{"embeddable":true,"href":"https:\/\/sabanadelamartours.com\/it\/wp-json\/wp\/v2\/media\/15889"}],"wp:attachment":[{"href":"https:\/\/sabanadelamartours.com\/it\/wp-json\/wp\/v2\/media?parent=17357"}],"wp:term":[{"taxonomy":"product_brand","embeddable":true,"href":"https:\/\/sabanadelamartours.com\/it\/wp-json\/wp\/v2\/product_brand?post=17357"},{"taxonomy":"product_cat","embeddable":true,"href":"https:\/\/sabanadelamartours.com\/it\/wp-json\/wp\/v2\/product_cat?post=17357"},{"taxonomy":"product_tag","embeddable":true,"href":"https:\/\/sabanadelamartours.com\/it\/wp-json\/wp\/v2\/product_tag?post=17357"}],"curies":[{"name":"wp","href":"https:\/\/api.w.org\/{rel}","templated":true}]}}