{"id":17723,"date":"2025-12-18T14:49:23","date_gmt":"2025-12-18T14:49:23","guid":{"rendered":"https:\/\/sabanadelamartours.com\/?post_type=product&#038;p=17723"},"modified":"2025-12-18T14:57:52","modified_gmt":"2025-12-18T14:57:52","slug":"tour-culturale-di-mezza-giornata-della-repubblica-dominicana-in-piccolo-gruppo","status":"publish","type":"product","link":"https:\/\/sabanadelamartours.com\/it\/tour\/tour-culturale-di-mezza-giornata-della-repubblica-dominicana-in-piccolo-gruppo\/","title":{"rendered":"Piccolo gruppo: Tour culturale di mezza giornata della Repubblica Dominicana"},"content":{"rendered":"<p>Questo tour \u00e8 un ottimo modo per vedere il lato tradizionale della Repubblica Dominicana.<\/p>\n<p>Molti turisti vedono solo il lato turistico del Paese, ma questo tour mette in mostra la storia e la cultura del Paese.<\/p>\n<p>Iniziate la giornata a Hig\u00fcey, una delle citt\u00e0 pi\u00f9 popolari del Paese. L\u00ec visiterete il<\/p>\n<p>Basilica e Mercato Domenicano, dove potrete conoscere meglio la cultura e la societ\u00e0 dominicana.<\/p>\n<p>Dopo pranzo, \u00e8 il momento di visitare il fiume Anamuya, dove avrete il tempo di nuotare, godervi la natura e persino scivolare da uno scivolo naturale di 30 metri nel fiume.<\/p>\n<p>Itinerario<\/p>\n<p>1. Prelievo dall'hotel: o Verremo a prendervi di buon'ora al vostro hotel di Punta Cana con un comodo mezzo di trasporto climatizzato per portarvi a Hig\u00fcey e dintorni. 2. Visita alla Basilica di Nostra Signora di Altagracia: o Inizieremo la giornata dalla maestosa Basilica di Nostra Signora di Altagracia. Ammireremo l'architettura moderna del santuario e conosceremo il significato religioso e culturale della Vergine di Altagracia, patrona della Repubblica Dominicana. 3. Tour del centro storico di Hig\u00fcey: o Esplorate il centro storico di Hig\u00fcey, dove potrete ammirare la Cattedrale di Hig\u00fcey e altri monumenti storici, apprezzando la ricchezza culturale della citt\u00e0. 4. Visita al fiume Anamuya: o Raggiungete il fiume Anamuya, un luogo sereno e perfetto per rilassarsi. Godetevi una nuotata rinfrescante nelle sue acque cristalline o semplicemente rilassatevi sulla riva apprezzando il paesaggio naturale. 5. Pranzo tipico dominicano: o Dopo la visita al fiume, godetevi un pranzo tipico dominicano preparato con ingredienti freschi e locali. Il pranzo comprende una variet\u00e0 di piatti tradizionali che vi permetteranno di sperimentare l'autentica cucina dominicana. 6. Tempo libero per il relax e l'esplorazione: o Dopo il pranzo, avrete del tempo libero per esplorare i dintorni, rilassarvi e godervi la bellezza naturale della zona. 7. Ritorno a Punta Cana: o Infine, torneremo al vostro hotel di Punta Cana con il nostro trasporto comodo e sicuro, concludendo una giornata ricca di cultura, avventura e natura.<\/p>\n<p>Include:<\/p>\n<p>Trasporto di andata e ritorno dal vostro hotel a Punta Cana. Guida professionale.<\/p>\n<p>Biglietti d'ingresso ai siti culturali.<\/p>\n<p>Visita al fiume Anamuya.<\/p>\n<p>Pranzo tipico dominicano.<\/p>\n<p>Tempo libero per esplorare e rilassarsi<\/p>","protected":false},"excerpt":{"rendered":"<div data-track=\"overview\" data-v-83a2b402=\"\">\n<section id=\"activity-overview\" class=\"activity-overview\" data-component=\"overview\" data-v-83a2b402=\"\" data-v-f3236c42=\"\">\n<p class=\"activity-overview__content\" data-test-id=\"activity-overview-content\" data-v-f3236c42=\"\">Scoprite la citt\u00e0 pi\u00f9 popolare della regione orientale di Higuey, dove vivono i lavoratori del settore alberghiero. Potrete condividere con la gente del posto e conoscere la loro cultura, la loro gastronomia e i loro costumi.<\/p>\n<\/section>\n<\/div>\n<div data-track=\"key-details\" data-v-83a2b402=\"\"><\/div>","protected":false},"featured_media":17905,"template":"","meta":[],"product_brand":[],"product_cat":[97],"product_tag":[101,102],"class_list":{"0":"post-17723","1":"product","2":"type-product","3":"status-publish","4":"has-post-thumbnail","6":"product_cat-dominican-republic","7":"product_tag-excursion","8":"product_tag-tour","10":"first","11":"instock","12":"shipping-taxable","13":"product-type-external"},"_links":{"self":[{"href":"https:\/\/sabanadelamartours.com\/it\/wp-json\/wp\/v2\/product\/17723","targetHints":{"allow":["GET"]}}],"collection":[{"href":"https:\/\/sabanadelamartours.com\/it\/wp-json\/wp\/v2\/product"}],"about":[{"href":"https:\/\/sabanadelamartours.com\/it\/wp-json\/wp\/v2\/types\/product"}],"version-history":[{"count":0,"href":"https:\/\/sabanadelamartours.com\/it\/wp-json\/wp\/v2\/product\/17723\/revisions"}],"wp:featuredmedia":[{"embeddable":true,"href":"https:\/\/sabanadelamartours.com\/it\/wp-json\/wp\/v2\/media\/17905"}],"wp:attachment":[{"href":"https:\/\/sabanadelamartours.com\/it\/wp-json\/wp\/v2\/media?parent=17723"}],"wp:term":[{"taxonomy":"product_brand","embeddable":true,"href":"https:\/\/sabanadelamartours.com\/it\/wp-json\/wp\/v2\/product_brand?post=17723"},{"taxonomy":"product_cat","embeddable":true,"href":"https:\/\/sabanadelamartours.com\/it\/wp-json\/wp\/v2\/product_cat?post=17723"},{"taxonomy":"product_tag","embeddable":true,"href":"https:\/\/sabanadelamartours.com\/it\/wp-json\/wp\/v2\/product_tag?post=17723"}],"curies":[{"name":"wp","href":"https:\/\/api.w.org\/{rel}","templated":true}]}}