{"id":17744,"date":"2025-12-18T14:50:30","date_gmt":"2025-12-18T14:50:30","guid":{"rendered":"https:\/\/sabanadelamartours.com\/?post_type=product&#038;p=17744"},"modified":"2026-02-14T02:15:06","modified_gmt":"2026-02-14T02:15:06","slug":"avventura-parasalinga-a-punta-cana-con-pick-up-hotel","status":"publish","type":"product","link":"https:\/\/sabanadelamartours.com\/it\/tour\/avventura-parasalinga-a-punta-cana-con-pick-up-hotel\/","title":{"rendered":"Punta Cana: Avventura di Parasaling con Pick Up Hotel"},"content":{"rendered":"<p>All'ora da voi scelta, verremo a prendervi dal vostro hotel di Punta Cana e vi porteremo nelle calde acque del Mar dei Caraibi per vivere un'autentica avventura di parasailing. Siete pronti?<\/p>\n<p>Saliremo su un motoscafo con il quale navigheremo nelle acque e, nel frattempo, un istruttore indosser\u00e0 la nostra attrezzatura da parasailing. L'imbarcazione prender\u00e0 velocit\u00e0 e il parapendio si aprir\u00e0 dietro di noi, mentre ci alzeremo in volo verso il cielo. La vista dall'alto \u00e8 davvero straordinaria!<\/p>\n<p>Questa sfida ci permetter\u00e0 di avere una prospettiva straordinaria delle acque cristalline di Punta Cana e delle estese spiagge di sabbia fine e alberi di cocco. Per mezz'ora voleremo e planeremo come un uccello. Non lo dimenticherete mai!<\/p>\n<div class=\"toggle-content__content toggle-content__content--expanded toggle-content__content--packable\" data-v-59485d64=\"\">\n<div data-test-id=\"activity-full-description-text\" data-v-5835c99c=\"\">Infine, vi porteremo sulla costa a bordo della barca e poi in albergo.<\/div>\n<\/div>\n<div class=\"toggle-content__label-placeholder\" data-v-59485d64=\"\"><\/div>","protected":false},"excerpt":{"rendered":"<div data-track=\"overview\" data-v-83a2b402=\"\">\n<section id=\"activity-overview\" class=\"activity-overview\" data-component=\"overview\" data-v-83a2b402=\"\" data-v-f3236c42=\"\">\n<p class=\"activity-overview__content\" data-test-id=\"activity-overview-content\" data-v-f3236c42=\"\">Non perdetevi quest'attivit\u00e0 acquatica e prendete il volo senza paura. Iscrivetevi a questa esperienza di parasailing a Punta Cana, adatta solo ai pi\u00f9 coraggiosi!<\/p>\n<\/section>\n<\/div>\n<div data-track=\"key-details\" data-v-83a2b402=\"\"><\/div>","protected":false},"featured_media":17943,"template":"","meta":[],"product_brand":[],"product_cat":[97],"product_tag":[101,102],"class_list":{"0":"post-17744","1":"product","2":"type-product","3":"status-publish","4":"has-post-thumbnail","6":"product_cat-dominican-republic","7":"product_tag-excursion","8":"product_tag-tour","10":"first","11":"instock","12":"shipping-taxable","13":"product-type-external"},"_links":{"self":[{"href":"https:\/\/sabanadelamartours.com\/it\/wp-json\/wp\/v2\/product\/17744","targetHints":{"allow":["GET"]}}],"collection":[{"href":"https:\/\/sabanadelamartours.com\/it\/wp-json\/wp\/v2\/product"}],"about":[{"href":"https:\/\/sabanadelamartours.com\/it\/wp-json\/wp\/v2\/types\/product"}],"version-history":[{"count":1,"href":"https:\/\/sabanadelamartours.com\/it\/wp-json\/wp\/v2\/product\/17744\/revisions"}],"predecessor-version":[{"id":19141,"href":"https:\/\/sabanadelamartours.com\/it\/wp-json\/wp\/v2\/product\/17744\/revisions\/19141"}],"wp:featuredmedia":[{"embeddable":true,"href":"https:\/\/sabanadelamartours.com\/it\/wp-json\/wp\/v2\/media\/17943"}],"wp:attachment":[{"href":"https:\/\/sabanadelamartours.com\/it\/wp-json\/wp\/v2\/media?parent=17744"}],"wp:term":[{"taxonomy":"product_brand","embeddable":true,"href":"https:\/\/sabanadelamartours.com\/it\/wp-json\/wp\/v2\/product_brand?post=17744"},{"taxonomy":"product_cat","embeddable":true,"href":"https:\/\/sabanadelamartours.com\/it\/wp-json\/wp\/v2\/product_cat?post=17744"},{"taxonomy":"product_tag","embeddable":true,"href":"https:\/\/sabanadelamartours.com\/it\/wp-json\/wp\/v2\/product_tag?post=17744"}],"curies":[{"name":"wp","href":"https:\/\/api.w.org\/{rel}","templated":true}]}}